{"id":14894,"date":"2024-05-27T03:55:17","date_gmt":"2024-05-27T03:55:17","guid":{"rendered":"https:\/\/outdoor.itc-gmbh.shop\/product\/bestway-handpumpe-36-cm-aufblasbar-und-camping-62003\/"},"modified":"2024-05-27T03:55:19","modified_gmt":"2024-05-27T03:55:19","slug":"bestway-handpumpe-36-cm-aufblasbar-und-camping-62003","status":"publish","type":"product","link":"https:\/\/wildgear.itc-gmbh.shop\/fr\/product\/bestway-handpumpe-36-cm-aufblasbar-und-camping-62003\/","title":{"rendered":"Bestway Pompe \u00e0 main 36 cm gonflable et camping 62003"},"content":{"rendered":"<p>Restez en forme et d\u00e9couvrez les derni\u00e8res innovations du secteur pour faire du sport dans les meilleures conditions ! Achetez <b>Pompe \u00e0 air Shine Inline 36 cm<\/b> au meilleur prix et profitez d'une vie saine !<\/p>\n<ul>\n<li>Dimensions approximatives : 36 cm<\/li>\n<li>Type : Pompe \u00e0 air<\/li>\n<li>Couleur : Noir<\/li>\n<li>Mat\u00e9riau : plastique<\/li>\n<li>Caract\u00e9ristiques :\n<ul>\n<li>Ext\u00e9rieur<\/li>\n<li>nettoyer avec un chiffon humide<\/li>\n<li>Manuel<\/li>\n<\/ul>\n<\/li>\n<li>Utilisation recommand\u00e9e :\n<ul>\n<li>Plage<\/li>\n<li>Jardin<\/li>\n<li>Camping<\/li>\n<\/ul>\n<\/li>\n<li>Sexe : Adulte unisexe<\/li>\n<\/ul>","protected":false},"excerpt":{"rendered":"<p>Bleiben Sie in Form und entdecken Sie die neuesten Innovationen der Branche, um mit den besten Voraussetzungen Sport zu betreiben! Kaufen Sie Luftpumpe Shine Inline 36 cm zum besten Preis und genie\u00dfen Sie ein gesundes Leben! Ma\u00dfe ca.: 36 cm Art: Luftpumpe Farbe: Schwarz Material: Kunststoff Merkmale: Au\u00dfenbereich Mit einem nassen Tuch reinigen Handbuch Empfohlene &hellip; <\/p>\n<p class=\"more-link-wrap\"><a href=\"https:\/\/wildgear.itc-gmbh.shop\/fr\/product\/bestway-handpumpe-36-cm-aufblasbar-und-camping-62003\/\" class=\"more-link\"><span>Read More<span class=\"screen-reader-text\"> &#8220;Bestway Handpumpe 36 cm aufblasbar und Camping 62003&#8221;<\/span><\/span><\/a><\/p>","protected":false},"featured_media":14893,"comment_status":"open","ping_status":"closed","template":"","meta":{"inline_featured_image":false},"product_brand":[],"product_cat":[181,182,180],"product_tag":[177,178],"class_list":{"0":"post-14894","1":"product","2":"type-product","3":"status-publish","4":"has-post-thumbnail","6":"product_cat-camping-und-berge","7":"product_cat-camping-und-bergzubehor","8":"product_cat-sport-freizeit","9":"product_tag-tag_3","10":"product_tag-tag_17","12":"first","13":"outofstock","14":"taxable","15":"shipping-taxable","16":"purchasable","17":"product-type-simple"},"aioseo_notices":[],"jetpack_sharing_enabled":true,"_links":{"self":[{"href":"https:\/\/wildgear.itc-gmbh.shop\/fr\/wp-json\/wp\/v2\/product\/14894","targetHints":{"allow":["GET"]}}],"collection":[{"href":"https:\/\/wildgear.itc-gmbh.shop\/fr\/wp-json\/wp\/v2\/product"}],"about":[{"href":"https:\/\/wildgear.itc-gmbh.shop\/fr\/wp-json\/wp\/v2\/types\/product"}],"replies":[{"embeddable":true,"href":"https:\/\/wildgear.itc-gmbh.shop\/fr\/wp-json\/wp\/v2\/comments?post=14894"}],"wp:featuredmedia":[{"embeddable":true,"href":"https:\/\/wildgear.itc-gmbh.shop\/fr\/wp-json\/wp\/v2\/media\/14893"}],"wp:attachment":[{"href":"https:\/\/wildgear.itc-gmbh.shop\/fr\/wp-json\/wp\/v2\/media?parent=14894"}],"wp:term":[{"taxonomy":"product_brand","embeddable":true,"href":"https:\/\/wildgear.itc-gmbh.shop\/fr\/wp-json\/wp\/v2\/product_brand?post=14894"},{"taxonomy":"product_cat","embeddable":true,"href":"https:\/\/wildgear.itc-gmbh.shop\/fr\/wp-json\/wp\/v2\/product_cat?post=14894"},{"taxonomy":"product_tag","embeddable":true,"href":"https:\/\/wildgear.itc-gmbh.shop\/fr\/wp-json\/wp\/v2\/product_tag?post=14894"}],"curies":[{"name":"wp","href":"https:\/\/api.w.org\/{rel}","templated":true}]}}