{"id":14938,"date":"2024-05-27T03:55:53","date_gmt":"2024-05-27T03:55:53","guid":{"rendered":"https:\/\/outdoor.itc-gmbh.shop\/product\/fernglaeser-10-x-10-cm\/"},"modified":"2024-05-27T03:55:54","modified_gmt":"2024-05-27T03:55:54","slug":"fernglaeser-10-x-10-cm","status":"publish","type":"product","link":"https:\/\/wildgear.itc-gmbh.shop\/fr\/product\/fernglaeser-10-x-10-cm\/","title":{"rendered":"Ferngl\u00e4ser 10 x 10 cm"},"content":{"rendered":"<p>Pour nos enfants, nous aimerions vous <b>Ferngl\u00e4ser 10 x 10 cm<\/b> parfait pour tous ceux qui recherchent des produits de qualit\u00e9 pour les plus petits. Acheter <b><\/b> et d'autres marques et licences aux meilleurs prix !<\/p>\n<ul>\n<li>Art :\n<ul>\n<li>Zubeh\u00f6r<\/li>\n<li>Spielzeug<\/li>\n<\/ul>\n<\/li>\n<li>couleur : vert<\/li>\n<li>Ma\u00dfe ca.: 10 x 10 cm<\/li>\n<li>\u00c2ge recommand\u00e9 : + 3 ans<\/li>\n<\/ul>","protected":false},"excerpt":{"rendered":"<p>F\u00fcr unsere Kinder m\u00f6chten wir Ihnen Ferngl\u00e4ser 10 x 10 cm vorstellen, perfekt f\u00fcr alle, die qualitativ hochwertige Produkte f\u00fcr die Kleinsten suchen. Kaufen Sie und weitere Marken und Lizenzen zu den besten Preisen! Art: Zubeh\u00f6r Spielzeug Farbe: gr\u00fcn Ma\u00dfe ca.: 10 x 10 cm Empfohlenes Alter: + 3 jahre<\/p>","protected":false},"featured_media":14937,"comment_status":"open","ping_status":"closed","template":"","meta":{"inline_featured_image":false},"product_brand":[],"product_cat":[181,732,180],"product_tag":[177,474,178],"class_list":{"0":"post-14938","1":"product","2":"type-product","3":"status-publish","4":"has-post-thumbnail","6":"product_cat-camping-und-berge","7":"product_cat-fernglaser","8":"product_cat-sport-freizeit","9":"product_tag-tag_3","10":"product_tag-tag_152","11":"product_tag-tag_17","13":"first","14":"outofstock","15":"taxable","16":"shipping-taxable","17":"purchasable","18":"product-type-simple"},"aioseo_notices":[],"jetpack_sharing_enabled":true,"_links":{"self":[{"href":"https:\/\/wildgear.itc-gmbh.shop\/fr\/wp-json\/wp\/v2\/product\/14938","targetHints":{"allow":["GET"]}}],"collection":[{"href":"https:\/\/wildgear.itc-gmbh.shop\/fr\/wp-json\/wp\/v2\/product"}],"about":[{"href":"https:\/\/wildgear.itc-gmbh.shop\/fr\/wp-json\/wp\/v2\/types\/product"}],"replies":[{"embeddable":true,"href":"https:\/\/wildgear.itc-gmbh.shop\/fr\/wp-json\/wp\/v2\/comments?post=14938"}],"wp:featuredmedia":[{"embeddable":true,"href":"https:\/\/wildgear.itc-gmbh.shop\/fr\/wp-json\/wp\/v2\/media\/14937"}],"wp:attachment":[{"href":"https:\/\/wildgear.itc-gmbh.shop\/fr\/wp-json\/wp\/v2\/media?parent=14938"}],"wp:term":[{"taxonomy":"product_brand","embeddable":true,"href":"https:\/\/wildgear.itc-gmbh.shop\/fr\/wp-json\/wp\/v2\/product_brand?post=14938"},{"taxonomy":"product_cat","embeddable":true,"href":"https:\/\/wildgear.itc-gmbh.shop\/fr\/wp-json\/wp\/v2\/product_cat?post=14938"},{"taxonomy":"product_tag","embeddable":true,"href":"https:\/\/wildgear.itc-gmbh.shop\/fr\/wp-json\/wp\/v2\/product_tag?post=14938"}],"curies":[{"name":"wp","href":"https:\/\/api.w.org\/{rel}","templated":true}]}}