{"id":15513,"date":"2024-08-31T00:00:38","date_gmt":"2024-08-31T00:00:38","guid":{"rendered":"https:\/\/outdoor.itc-gmbh.shop\/product\/tragbarer-kuehlschrank-mobicool-me27-26-l-blau\/"},"modified":"2024-08-31T00:00:38","modified_gmt":"2024-08-31T00:00:38","slug":"tragbarer-kuehlschrank-mobicool-me27-26-l-blau","status":"publish","type":"product","link":"https:\/\/wildgear.itc-gmbh.shop\/fr\/product\/tragbarer-kuehlschrank-mobicool-me27-26-l-blau\/","title":{"rendered":"Tragbarer K\u00fchlschrank Mobicool ME27 26 L Blau"},"content":{"rendered":"<p>Si vous \u00eates \u00e0 la recherche de nouveaut\u00e9s tendance sur le march\u00e9, nous vous pr\u00e9sentons <b>Tragbarer K\u00fchlschrank Mobicool ME27 26 L Blau<\/b>!<\/p>\n<ul>\n<li>Type : R\u00e9frig\u00e9rateur portable<\/li>\n<li>Merkmale: Thermoelektrisch<\/li>\n<li>Kapazit\u00e4t: 26 L<\/li>\n<li>Couleur : Bleu<\/li>\n<li>Steckertyp: Art F<\/li>\n<\/ul>","protected":false},"excerpt":{"rendered":"<p>Wenn Sie auf der Suche nach trendigen Neuheiten auf dem Markt sind, pr\u00e4sentieren wir Ihnen Tragbarer K\u00fchlschrank Mobicool ME27 26 L Blau! Art: Tragbarer K\u00fchlschrank Merkmale: Thermoelektrisch Kapazit\u00e4t: 26 L Farbe: Blau Steckertyp: Art F<\/p>","protected":false},"featured_media":15508,"comment_status":"open","ping_status":"closed","template":"","meta":{"inline_featured_image":false},"product_brand":[],"product_cat":[181,180,654],"product_tag":[188,177],"class_list":{"0":"post-15513","1":"product","2":"type-product","3":"status-publish","4":"has-post-thumbnail","6":"product_cat-camping-und-berge","7":"product_cat-sport-freizeit","8":"product_cat-tragbare-kuhlboxen","9":"product_tag-tag_1304","10":"product_tag-tag_3","12":"first","13":"instock","14":"taxable","15":"shipping-taxable","16":"purchasable","17":"product-type-simple"},"aioseo_notices":[],"jetpack_sharing_enabled":true,"_links":{"self":[{"href":"https:\/\/wildgear.itc-gmbh.shop\/fr\/wp-json\/wp\/v2\/product\/15513","targetHints":{"allow":["GET"]}}],"collection":[{"href":"https:\/\/wildgear.itc-gmbh.shop\/fr\/wp-json\/wp\/v2\/product"}],"about":[{"href":"https:\/\/wildgear.itc-gmbh.shop\/fr\/wp-json\/wp\/v2\/types\/product"}],"replies":[{"embeddable":true,"href":"https:\/\/wildgear.itc-gmbh.shop\/fr\/wp-json\/wp\/v2\/comments?post=15513"}],"wp:featuredmedia":[{"embeddable":true,"href":"https:\/\/wildgear.itc-gmbh.shop\/fr\/wp-json\/wp\/v2\/media\/15508"}],"wp:attachment":[{"href":"https:\/\/wildgear.itc-gmbh.shop\/fr\/wp-json\/wp\/v2\/media?parent=15513"}],"wp:term":[{"taxonomy":"product_brand","embeddable":true,"href":"https:\/\/wildgear.itc-gmbh.shop\/fr\/wp-json\/wp\/v2\/product_brand?post=15513"},{"taxonomy":"product_cat","embeddable":true,"href":"https:\/\/wildgear.itc-gmbh.shop\/fr\/wp-json\/wp\/v2\/product_cat?post=15513"},{"taxonomy":"product_tag","embeddable":true,"href":"https:\/\/wildgear.itc-gmbh.shop\/fr\/wp-json\/wp\/v2\/product_tag?post=15513"}],"curies":[{"name":"wp","href":"https:\/\/api.w.org\/{rel}","templated":true}]}}