{"id":15550,"date":"2024-09-02T00:00:19","date_gmt":"2024-09-02T00:00:19","guid":{"rendered":"https:\/\/outdoor.itc-gmbh.shop\/product\/zelt-kampa-7\/"},"modified":"2024-09-02T00:00:19","modified_gmt":"2024-09-02T00:00:19","slug":"zelt-kampa-7","status":"publish","type":"product","link":"https:\/\/wildgear.itc-gmbh.shop\/fr\/product\/zelt-kampa-7\/","title":{"rendered":"Zelt Kampa"},"content":{"rendered":"<p>Restez en forme et d\u00e9couvrez les derni\u00e8res innovations du secteur pour faire du sport dans les meilleures conditions ! Achetez <b>Zelt Kampa<\/b> au meilleur prix et profitez d'une vie saine !<\/p>\n<ul>\n<li>Type : Tente<\/li>\n<li>Kapazit\u00e4t: hasta 4 personas<\/li>\n<li>Mati\u00e8re : polyester<\/li>\n<li>Merkmale: Wasserfest<\/li>\n<li>Ungef\u00e4hres Gewicht: 5,1 Kg<\/li>\n<li>\u00c2ge recommand\u00e9 : Adulte<\/li>\n<\/ul>","protected":false},"excerpt":{"rendered":"<p>Bleiben Sie in Form und entdecken Sie die neuesten Innovationen der Branche, um mit den besten Voraussetzungen Sport zu betreiben! Kaufen Sie Zelt Kampa zum besten Preis und genie\u00dfen Sie ein gesundes Leben! Art: Zelt Kapazit\u00e4t: hasta 4 personas Material: Polyester Merkmale: Wasserfest Ungef\u00e4hres Gewicht: 5,1 Kg Empfohlenes Alter: Erwachsene<\/p>","protected":false},"featured_media":15548,"comment_status":"open","ping_status":"closed","template":"","meta":{"inline_featured_image":false},"product_brand":[],"product_cat":[181,180,189],"product_tag":[188,177,178],"class_list":{"0":"post-15550","1":"product","2":"type-product","3":"status-publish","4":"has-post-thumbnail","6":"product_cat-camping-und-berge","7":"product_cat-sport-freizeit","8":"product_cat-zelte","9":"product_tag-tag_1304","10":"product_tag-tag_3","11":"product_tag-tag_17","13":"first","14":"outofstock","15":"taxable","16":"shipping-taxable","17":"purchasable","18":"product-type-simple"},"aioseo_notices":[],"jetpack_sharing_enabled":true,"_links":{"self":[{"href":"https:\/\/wildgear.itc-gmbh.shop\/fr\/wp-json\/wp\/v2\/product\/15550","targetHints":{"allow":["GET"]}}],"collection":[{"href":"https:\/\/wildgear.itc-gmbh.shop\/fr\/wp-json\/wp\/v2\/product"}],"about":[{"href":"https:\/\/wildgear.itc-gmbh.shop\/fr\/wp-json\/wp\/v2\/types\/product"}],"replies":[{"embeddable":true,"href":"https:\/\/wildgear.itc-gmbh.shop\/fr\/wp-json\/wp\/v2\/comments?post=15550"}],"wp:featuredmedia":[{"embeddable":true,"href":"https:\/\/wildgear.itc-gmbh.shop\/fr\/wp-json\/wp\/v2\/media\/15548"}],"wp:attachment":[{"href":"https:\/\/wildgear.itc-gmbh.shop\/fr\/wp-json\/wp\/v2\/media?parent=15550"}],"wp:term":[{"taxonomy":"product_brand","embeddable":true,"href":"https:\/\/wildgear.itc-gmbh.shop\/fr\/wp-json\/wp\/v2\/product_brand?post=15550"},{"taxonomy":"product_cat","embeddable":true,"href":"https:\/\/wildgear.itc-gmbh.shop\/fr\/wp-json\/wp\/v2\/product_cat?post=15550"},{"taxonomy":"product_tag","embeddable":true,"href":"https:\/\/wildgear.itc-gmbh.shop\/fr\/wp-json\/wp\/v2\/product_tag?post=15550"}],"curies":[{"name":"wp","href":"https:\/\/api.w.org\/{rel}","templated":true}]}}