{"id":15761,"date":"2024-09-24T00:00:20","date_gmt":"2024-09-24T00:00:20","guid":{"rendered":"https:\/\/outdoor.itc-gmbh.shop\/product\/schaukel-trigano-350-m\/"},"modified":"2024-09-24T00:00:20","modified_gmt":"2024-09-24T00:00:20","slug":"schaukel-trigano-350-m","status":"publish","type":"product","link":"https:\/\/wildgear.itc-gmbh.shop\/fr\/product\/schaukel-trigano-350-m\/","title":{"rendered":"Schaukel Trigano 3,50 m"},"content":{"rendered":"<p>Nous voulons ce qu'il y a de mieux pour nos enfants. <b>Schaukel Trigano 3,50 m<\/b> parfait pour tous ceux qui recherchent des produits de qualit\u00e9 pour les plus petits. Acheter <b>Trigano<\/b> aux meilleurs prix !<\/p>\n<ul>\n<li>\u00c2ge recommand\u00e9 : + 3 ans<\/li>\n<li>Art: F\u00fcr Kinder<\/li>\n<li>Merkmale: individuell<\/li>\n<li>Ma\u00dfe ca.: 3,50 m<\/li>\n<li>Farbe: Braun<\/li>\n<li>Convient pour : Ext\u00e9rieur<\/li>\n<li>Sprache: Mehrsprachig<\/li>\n<li>Sprache packaging: Mehrsprachig<\/li>\n<li>Sexe : Unisexe<\/li>\n<li>Anzahl der St\u00fccke: 1 St\u00fccke<\/li>\n<\/ul>","protected":false},"excerpt":{"rendered":"<p>F\u00fcr unsere Kinder m\u00f6chten wir nur das Beste, und deshalb m\u00f6chten wir Ihnen Schaukel Trigano 3,50 m vorstellen, perfekt f\u00fcr alle, die qualitativ hochwertige Produkte f\u00fcr die Kleinsten suchen. Kaufen Sie Trigano zu den besten Preisen! Empfohlenes Alter: + 3 jahre Art: F\u00fcr Kinder Merkmale: individuell Ma\u00dfe ca.: 3,50 m Farbe: Braun Geeignet f\u00fcr: Au\u00dfenbereich &hellip; <\/p>\n<p class=\"more-link-wrap\"><a href=\"https:\/\/wildgear.itc-gmbh.shop\/fr\/product\/schaukel-trigano-350-m\/\" class=\"more-link\"><span>Read More<span class=\"screen-reader-text\"> &#8220;Schaukel Trigano 3,50 m&#8221;<\/span><\/span><\/a><\/p>","protected":false},"featured_media":15760,"comment_status":"open","ping_status":"closed","template":"","meta":{"inline_featured_image":false},"product_brand":[],"product_cat":[211,180],"product_tag":[207,188,209,177,187,208],"class_list":{"0":"post-15761","1":"product","2":"type-product","3":"status-publish","4":"has-post-thumbnail","6":"product_cat-outdoor-aktivitaten","7":"product_cat-sport-freizeit","8":"product_tag-tag_30","9":"product_tag-tag_1304","10":"product_tag-tag_768","11":"product_tag-tag_3","12":"product_tag-tag_124","13":"product_tag-tag_650","15":"first","16":"instock","17":"taxable","18":"shipping-taxable","19":"purchasable","20":"product-type-simple"},"aioseo_notices":[],"jetpack_sharing_enabled":true,"_links":{"self":[{"href":"https:\/\/wildgear.itc-gmbh.shop\/fr\/wp-json\/wp\/v2\/product\/15761","targetHints":{"allow":["GET"]}}],"collection":[{"href":"https:\/\/wildgear.itc-gmbh.shop\/fr\/wp-json\/wp\/v2\/product"}],"about":[{"href":"https:\/\/wildgear.itc-gmbh.shop\/fr\/wp-json\/wp\/v2\/types\/product"}],"replies":[{"embeddable":true,"href":"https:\/\/wildgear.itc-gmbh.shop\/fr\/wp-json\/wp\/v2\/comments?post=15761"}],"wp:featuredmedia":[{"embeddable":true,"href":"https:\/\/wildgear.itc-gmbh.shop\/fr\/wp-json\/wp\/v2\/media\/15760"}],"wp:attachment":[{"href":"https:\/\/wildgear.itc-gmbh.shop\/fr\/wp-json\/wp\/v2\/media?parent=15761"}],"wp:term":[{"taxonomy":"product_brand","embeddable":true,"href":"https:\/\/wildgear.itc-gmbh.shop\/fr\/wp-json\/wp\/v2\/product_brand?post=15761"},{"taxonomy":"product_cat","embeddable":true,"href":"https:\/\/wildgear.itc-gmbh.shop\/fr\/wp-json\/wp\/v2\/product_cat?post=15761"},{"taxonomy":"product_tag","embeddable":true,"href":"https:\/\/wildgear.itc-gmbh.shop\/fr\/wp-json\/wp\/v2\/product_tag?post=15761"}],"curies":[{"name":"wp","href":"https:\/\/api.w.org\/{rel}","templated":true}]}}