{"id":15771,"date":"2024-09-26T00:00:07","date_gmt":"2024-09-26T00:00:07","guid":{"rendered":"https:\/\/outdoor.itc-gmbh.shop\/product\/schnur-trigano\/"},"modified":"2024-09-26T00:00:07","modified_gmt":"2024-09-26T00:00:07","slug":"schnur-trigano","status":"publish","type":"product","link":"https:\/\/wildgear.itc-gmbh.shop\/fr\/product\/schnur-trigano\/","title":{"rendered":"Schnur Trigano"},"content":{"rendered":"<p>Nous voulons ce qu'il y a de mieux pour nos enfants. <b>Schnur Trigano<\/b> parfait pour tous ceux qui recherchent des produits de qualit\u00e9 pour les plus petits. Acheter <b>Trigano<\/b> aux meilleurs prix !<\/p>\n<ul>\n<li>Art: F\u00fcr Kinder<\/li>\n<li>\u00c2ge recommand\u00e9 :\n<ul>\n<li>+ 3 ans<\/li>\n<li>+ 12 Jahre<\/li>\n<\/ul>\n<\/li>\n<li>Montage: Kein<\/li>\n<\/ul>","protected":false},"excerpt":{"rendered":"<p>F\u00fcr unsere Kinder m\u00f6chten wir nur das Beste, und deshalb m\u00f6chten wir Ihnen Schnur Trigano vorstellen, perfekt f\u00fcr alle, die qualitativ hochwertige Produkte f\u00fcr die Kleinsten suchen. Kaufen Sie Trigano zu den besten Preisen! Art: F\u00fcr Kinder Empfohlenes Alter: + 3 jahre + 12 Jahre Montage: Kein<\/p>","protected":false},"featured_media":15770,"comment_status":"open","ping_status":"closed","template":"","meta":{"inline_featured_image":false},"product_brand":[],"product_cat":[211,180],"product_tag":[207,188,209,177,187,208],"class_list":{"0":"post-15771","1":"product","2":"type-product","3":"status-publish","4":"has-post-thumbnail","6":"product_cat-outdoor-aktivitaten","7":"product_cat-sport-freizeit","8":"product_tag-tag_30","9":"product_tag-tag_1304","10":"product_tag-tag_768","11":"product_tag-tag_3","12":"product_tag-tag_124","13":"product_tag-tag_650","15":"first","16":"instock","17":"taxable","18":"shipping-taxable","19":"purchasable","20":"product-type-simple"},"aioseo_notices":[],"jetpack_sharing_enabled":true,"_links":{"self":[{"href":"https:\/\/wildgear.itc-gmbh.shop\/fr\/wp-json\/wp\/v2\/product\/15771","targetHints":{"allow":["GET"]}}],"collection":[{"href":"https:\/\/wildgear.itc-gmbh.shop\/fr\/wp-json\/wp\/v2\/product"}],"about":[{"href":"https:\/\/wildgear.itc-gmbh.shop\/fr\/wp-json\/wp\/v2\/types\/product"}],"replies":[{"embeddable":true,"href":"https:\/\/wildgear.itc-gmbh.shop\/fr\/wp-json\/wp\/v2\/comments?post=15771"}],"wp:featuredmedia":[{"embeddable":true,"href":"https:\/\/wildgear.itc-gmbh.shop\/fr\/wp-json\/wp\/v2\/media\/15770"}],"wp:attachment":[{"href":"https:\/\/wildgear.itc-gmbh.shop\/fr\/wp-json\/wp\/v2\/media?parent=15771"}],"wp:term":[{"taxonomy":"product_brand","embeddable":true,"href":"https:\/\/wildgear.itc-gmbh.shop\/fr\/wp-json\/wp\/v2\/product_brand?post=15771"},{"taxonomy":"product_cat","embeddable":true,"href":"https:\/\/wildgear.itc-gmbh.shop\/fr\/wp-json\/wp\/v2\/product_cat?post=15771"},{"taxonomy":"product_tag","embeddable":true,"href":"https:\/\/wildgear.itc-gmbh.shop\/fr\/wp-json\/wp\/v2\/product_tag?post=15771"}],"curies":[{"name":"wp","href":"https:\/\/api.w.org\/{rel}","templated":true}]}}