{"id":15909,"date":"2024-10-02T00:00:55","date_gmt":"2024-10-02T00:00:55","guid":{"rendered":"https:\/\/outdoor.itc-gmbh.shop\/product\/fleece-joluvi-surprise-2-0-dunkelgruen\/"},"modified":"2024-10-02T00:07:47","modified_gmt":"2024-10-02T00:07:47","slug":"fleece-joluvi-surprise-2-0-dunkelgruen","status":"publish","type":"product","link":"https:\/\/wildgear.itc-gmbh.shop\/fr\/product\/fleece-joluvi-surprise-2-0-dunkelgruen\/","title":{"rendered":"Fleece Joluvi Surprise 2.0 Dunkelgr\u00fcn"},"content":{"rendered":"<p>Restez en forme et d\u00e9couvrez les derni\u00e8res innovations du secteur pour faire du sport dans les meilleures conditions ! Achetez <b>Fleece Joluvi Surprise 2.0 Dunkelgr\u00fcn<\/b> au meilleur prix et profitez d'une vie saine !<\/p>\n<ul>\n<li>Sexe : Homme<\/li>\n<li>Couleur : vert fonc\u00e9<\/li>\n<li>\u00c2ge recommand\u00e9 : Adulte<\/li>\n<li>Mati\u00e8re : 100 % polyester<\/li>\n<li>Art: Fleece<\/li>\n<\/ul>","protected":false},"excerpt":{"rendered":"<p>Bleiben Sie in Form und entdecken Sie die neuesten Innovationen der Branche, um mit den besten Voraussetzungen Sport zu betreiben! Kaufen Sie Fleece Joluvi Surprise 2.0 Dunkelgr\u00fcn zum besten Preis und genie\u00dfen Sie ein gesundes Leben! Geschlecht: Herren Farbe: Dunkelgr\u00fcn Empfohlenes Alter: Erwachsene Material: 100 % polyester Art: Fleece<\/p>","protected":false},"featured_media":15907,"comment_status":"open","ping_status":"closed","template":"","meta":{"inline_featured_image":false},"product_brand":[],"product_cat":[234,181,180],"product_tag":[177,178],"class_list":{"0":"post-15909","1":"product","2":"type-product","3":"status-publish","4":"has-post-thumbnail","6":"product_cat-bergkleidung","7":"product_cat-camping-und-berge","8":"product_cat-sport-freizeit","9":"product_tag-tag_3","10":"product_tag-tag_17","12":"first","13":"instock","14":"taxable","15":"shipping-taxable","16":"purchasable","17":"product-type-variable"},"aioseo_notices":[],"jetpack_sharing_enabled":true,"_links":{"self":[{"href":"https:\/\/wildgear.itc-gmbh.shop\/fr\/wp-json\/wp\/v2\/product\/15909","targetHints":{"allow":["GET"]}}],"collection":[{"href":"https:\/\/wildgear.itc-gmbh.shop\/fr\/wp-json\/wp\/v2\/product"}],"about":[{"href":"https:\/\/wildgear.itc-gmbh.shop\/fr\/wp-json\/wp\/v2\/types\/product"}],"replies":[{"embeddable":true,"href":"https:\/\/wildgear.itc-gmbh.shop\/fr\/wp-json\/wp\/v2\/comments?post=15909"}],"wp:featuredmedia":[{"embeddable":true,"href":"https:\/\/wildgear.itc-gmbh.shop\/fr\/wp-json\/wp\/v2\/media\/15907"}],"wp:attachment":[{"href":"https:\/\/wildgear.itc-gmbh.shop\/fr\/wp-json\/wp\/v2\/media?parent=15909"}],"wp:term":[{"taxonomy":"product_brand","embeddable":true,"href":"https:\/\/wildgear.itc-gmbh.shop\/fr\/wp-json\/wp\/v2\/product_brand?post=15909"},{"taxonomy":"product_cat","embeddable":true,"href":"https:\/\/wildgear.itc-gmbh.shop\/fr\/wp-json\/wp\/v2\/product_cat?post=15909"},{"taxonomy":"product_tag","embeddable":true,"href":"https:\/\/wildgear.itc-gmbh.shop\/fr\/wp-json\/wp\/v2\/product_tag?post=15909"}],"curies":[{"name":"wp","href":"https:\/\/api.w.org\/{rel}","templated":true}]}}