{"id":16760,"date":"2024-10-06T00:00:34","date_gmt":"2024-10-06T00:00:34","guid":{"rendered":"https:\/\/outdoor.itc-gmbh.shop\/product\/sportjackefuer-herren-joluvi-hybrid-3-0-gruen\/"},"modified":"2024-10-06T00:10:16","modified_gmt":"2024-10-06T00:10:16","slug":"sportjackefuer-herren-joluvi-hybrid-3-0-gruen","status":"publish","type":"product","link":"https:\/\/wildgear.itc-gmbh.shop\/fr\/product\/sportjackefuer-herren-joluvi-hybrid-3-0-gruen\/","title":{"rendered":"Sportjackef\u00fcr Herren Joluvi  Hybrid 3.0 gr\u00fcn"},"content":{"rendered":"<p>Restez en forme et d\u00e9couvrez les derni\u00e8res innovations du secteur pour faire du sport dans les meilleures conditions ! Achetez <b>Sportjackef\u00fcr Herren Joluvi  Hybrid 3.0 gr\u00fcn<\/b> au meilleur prix et profitez d'une vie saine !<\/p>\n<ul>\n<li>couleur : vert<\/li>\n<li>Sexe : Homme<\/li>\n<li>\u00c2ge recommand\u00e9 : Adulte<\/li>\n<li>Material: 92 % Polyester<\/li>\n<\/ul>","protected":false},"excerpt":{"rendered":"<p>Bleiben Sie in Form und entdecken Sie die neuesten Innovationen der Branche, um mit den besten Voraussetzungen Sport zu betreiben! Kaufen Sie Sportjackef\u00fcr Herren Joluvi Hybrid 3.0 gr\u00fcn zum besten Preis und genie\u00dfen Sie ein gesundes Leben! Farbe: gr\u00fcn Geschlecht: Herren Empfohlenes Alter: Erwachsene Material: 92 % Polyester<\/p>","protected":false},"featured_media":16758,"comment_status":"open","ping_status":"closed","template":"","meta":{"inline_featured_image":false},"product_brand":[],"product_cat":[234,181,180],"product_tag":[177,178],"class_list":{"0":"post-16760","1":"product","2":"type-product","3":"status-publish","4":"has-post-thumbnail","6":"product_cat-bergkleidung","7":"product_cat-camping-und-berge","8":"product_cat-sport-freizeit","9":"product_tag-tag_3","10":"product_tag-tag_17","12":"first","13":"instock","14":"taxable","15":"shipping-taxable","16":"purchasable","17":"product-type-variable"},"aioseo_notices":[],"jetpack_sharing_enabled":true,"_links":{"self":[{"href":"https:\/\/wildgear.itc-gmbh.shop\/fr\/wp-json\/wp\/v2\/product\/16760","targetHints":{"allow":["GET"]}}],"collection":[{"href":"https:\/\/wildgear.itc-gmbh.shop\/fr\/wp-json\/wp\/v2\/product"}],"about":[{"href":"https:\/\/wildgear.itc-gmbh.shop\/fr\/wp-json\/wp\/v2\/types\/product"}],"replies":[{"embeddable":true,"href":"https:\/\/wildgear.itc-gmbh.shop\/fr\/wp-json\/wp\/v2\/comments?post=16760"}],"wp:featuredmedia":[{"embeddable":true,"href":"https:\/\/wildgear.itc-gmbh.shop\/fr\/wp-json\/wp\/v2\/media\/16758"}],"wp:attachment":[{"href":"https:\/\/wildgear.itc-gmbh.shop\/fr\/wp-json\/wp\/v2\/media?parent=16760"}],"wp:term":[{"taxonomy":"product_brand","embeddable":true,"href":"https:\/\/wildgear.itc-gmbh.shop\/fr\/wp-json\/wp\/v2\/product_brand?post=16760"},{"taxonomy":"product_cat","embeddable":true,"href":"https:\/\/wildgear.itc-gmbh.shop\/fr\/wp-json\/wp\/v2\/product_cat?post=16760"},{"taxonomy":"product_tag","embeddable":true,"href":"https:\/\/wildgear.itc-gmbh.shop\/fr\/wp-json\/wp\/v2\/product_tag?post=16760"}],"curies":[{"name":"wp","href":"https:\/\/api.w.org\/{rel}","templated":true}]}}