{"id":2500,"date":"2024-05-27T00:03:25","date_gmt":"2024-05-27T00:03:25","guid":{"rendered":"https:\/\/outdoor.itc-gmbh.shop\/product\/schaukel-intex-44130-double-wippe-467-x-211-x-254-cm\/"},"modified":"2024-05-27T00:03:33","modified_gmt":"2024-05-27T00:03:33","slug":"schaukel-intex-44130-double-wippe-467-x-211-x-254-cm","status":"publish","type":"product","link":"https:\/\/wildgear.itc-gmbh.shop\/fr\/product\/schaukel-intex-44130-double-wippe-467-x-211-x-254-cm\/","title":{"rendered":"Balan\u00e7oire Intex 44130 Double bascule 467 x 211 x 254 cm"},"content":{"rendered":"<p>Nous voulons ce qu'il y a de mieux pour nos enfants. <b>Balan\u00e7oire Intex 44130 Double bascule 467 x 211 x 254 cm<\/b> parfait pour tous ceux qui recherchent des produits de qualit\u00e9 pour les plus petits. Acheter <b>Intex<\/b> aux meilleurs prix !<\/p>\n<ul>\n<li>Format : Double<\/li>\n<li>Inclus :\n<ul>\n<li>Bascule<\/li>\n<li>\u00c9l\u00e9ments de fixation<\/li>\n<\/ul>\n<\/li>\n<li>N\u00e9cessite un montage : Oui<\/li>\n<li>couleur :\n<ul>\n<li>Bleu<\/li>\n<li>vert<\/li>\n<li>Orange<\/li>\n<\/ul>\n<\/li>\n<li>Type : Balan\u00e7oire<\/li>\n<li>Certificat : CE<\/li>\n<li>mat\u00e9riel :\n<ul>\n<li>Acier<\/li>\n<li>Polypropyl\u00e8ne<\/li>\n<li>TPU<\/li>\n<\/ul>\n<\/li>\n<li>\u00c2ge recommand\u00e9 : 3-10 ans<\/li>\n<li>Poids maximum support\u00e9 : 240 Kg<\/li>\n<li>Dimensions approximatives : 467 x 211 x 254 cm<\/li>\n<\/ul>","protected":false},"excerpt":{"rendered":"<p>F\u00fcr unsere Kinder m\u00f6chten wir nur das Beste, und deshalb m\u00f6chten wir Ihnen Schaukel Intex 44130 Double Wippe 467 x 211 x 254 cm vorstellen, perfekt f\u00fcr alle, die qualitativ hochwertige Produkte f\u00fcr die Kleinsten suchen. Kaufen Sie Intex zu den besten Preisen! Format: Double Enthalten: Wippe Befestigungselemente Erfordert Montage: Ja Farbe: Blau gr\u00fcn Orange &hellip; <\/p>\n<p class=\"more-link-wrap\"><a href=\"https:\/\/wildgear.itc-gmbh.shop\/fr\/product\/schaukel-intex-44130-double-wippe-467-x-211-x-254-cm\/\" class=\"more-link\"><span>Read More<span class=\"screen-reader-text\"> &#8220;Schaukel Intex 44130 Double Wippe 467 x 211 x 254 cm&#8221;<\/span><\/span><\/a><\/p>","protected":false},"featured_media":2499,"comment_status":"open","ping_status":"closed","template":"","meta":{"inline_featured_image":false},"product_brand":[],"product_cat":[211,230,180],"product_tag":[207,209,177,187,208],"class_list":{"0":"post-2500","1":"product","2":"type-product","3":"status-publish","4":"has-post-thumbnail","6":"product_cat-outdoor-aktivitaten","7":"product_cat-spielzeug-kostume","8":"product_cat-sport-freizeit","9":"product_tag-tag_30","10":"product_tag-tag_768","11":"product_tag-tag_3","12":"product_tag-tag_124","13":"product_tag-tag_650","15":"first","16":"outofstock","17":"taxable","18":"shipping-taxable","19":"purchasable","20":"product-type-simple"},"aioseo_notices":[],"jetpack_sharing_enabled":true,"_links":{"self":[{"href":"https:\/\/wildgear.itc-gmbh.shop\/fr\/wp-json\/wp\/v2\/product\/2500","targetHints":{"allow":["GET"]}}],"collection":[{"href":"https:\/\/wildgear.itc-gmbh.shop\/fr\/wp-json\/wp\/v2\/product"}],"about":[{"href":"https:\/\/wildgear.itc-gmbh.shop\/fr\/wp-json\/wp\/v2\/types\/product"}],"replies":[{"embeddable":true,"href":"https:\/\/wildgear.itc-gmbh.shop\/fr\/wp-json\/wp\/v2\/comments?post=2500"}],"wp:featuredmedia":[{"embeddable":true,"href":"https:\/\/wildgear.itc-gmbh.shop\/fr\/wp-json\/wp\/v2\/media\/2499"}],"wp:attachment":[{"href":"https:\/\/wildgear.itc-gmbh.shop\/fr\/wp-json\/wp\/v2\/media?parent=2500"}],"wp:term":[{"taxonomy":"product_brand","embeddable":true,"href":"https:\/\/wildgear.itc-gmbh.shop\/fr\/wp-json\/wp\/v2\/product_brand?post=2500"},{"taxonomy":"product_cat","embeddable":true,"href":"https:\/\/wildgear.itc-gmbh.shop\/fr\/wp-json\/wp\/v2\/product_cat?post=2500"},{"taxonomy":"product_tag","embeddable":true,"href":"https:\/\/wildgear.itc-gmbh.shop\/fr\/wp-json\/wp\/v2\/product_tag?post=2500"}],"curies":[{"name":"wp","href":"https:\/\/api.w.org\/{rel}","templated":true}]}}