{"id":2507,"date":"2024-05-27T00:03:34","date_gmt":"2024-05-27T00:03:34","guid":{"rendered":"https:\/\/outdoor.itc-gmbh.shop\/product\/boccia-spielset-mecabois-the-breton-gusseisen\/"},"modified":"2024-05-27T00:03:35","modified_gmt":"2024-05-27T00:03:35","slug":"boccia-spielset-mecabois-the-breton-gusseisen","status":"publish","type":"product","link":"https:\/\/wildgear.itc-gmbh.shop\/fr\/product\/boccia-spielset-mecabois-the-breton-gusseisen\/","title":{"rendered":"Jeu de boules M\u00e9cabois The Breton Fonte"},"content":{"rendered":"<p>Nous voulons ce qu'il y a de mieux pour nos enfants. <b>Jeu de boules M\u00e9cabois The Breton Fonte<\/b> parfait pour tous ceux qui recherchent des produits de qualit\u00e9 pour les plus petits. Acheter <b>M\u00e9cabois<\/b> aux meilleurs prix !<\/p>\n<ul>\n<li>Art: F\u00fcr Kinder<\/li>\n<li>Merkmale: individuell<\/li>\n<li>\u00c2ge recommand\u00e9 :\n<ul>\n<li>+ 14 Jahre<\/li>\n<li>Enfants<\/li>\n<\/ul>\n<\/li>\n<li>Material: Gusseisen<\/li>\n<\/ul>","protected":false},"excerpt":{"rendered":"<p>F\u00fcr unsere Kinder m\u00f6chten wir nur das Beste, und deshalb m\u00f6chten wir Ihnen Boccia-Spielset M\u00e9cabois The Breton Gusseisen vorstellen, perfekt f\u00fcr alle, die qualitativ hochwertige Produkte f\u00fcr die Kleinsten suchen. Kaufen Sie M\u00e9cabois zu den besten Preisen! Art: F\u00fcr Kinder Merkmale: individuell Empfohlenes Alter: + 14 Jahre Kinder Material: Gusseisen<\/p>","protected":false},"featured_media":2506,"comment_status":"open","ping_status":"closed","template":"","meta":{"inline_featured_image":false},"product_brand":[],"product_cat":[211,180],"product_tag":[188,213,178],"class_list":{"0":"post-2507","1":"product","2":"type-product","3":"status-publish","4":"has-post-thumbnail","6":"product_cat-outdoor-aktivitaten","7":"product_cat-sport-freizeit","8":"product_tag-tag_1304","9":"product_tag-tag_69","10":"product_tag-tag_17","12":"first","13":"outofstock","14":"taxable","15":"shipping-taxable","16":"purchasable","17":"product-type-simple"},"aioseo_notices":[],"jetpack_sharing_enabled":true,"_links":{"self":[{"href":"https:\/\/wildgear.itc-gmbh.shop\/fr\/wp-json\/wp\/v2\/product\/2507","targetHints":{"allow":["GET"]}}],"collection":[{"href":"https:\/\/wildgear.itc-gmbh.shop\/fr\/wp-json\/wp\/v2\/product"}],"about":[{"href":"https:\/\/wildgear.itc-gmbh.shop\/fr\/wp-json\/wp\/v2\/types\/product"}],"replies":[{"embeddable":true,"href":"https:\/\/wildgear.itc-gmbh.shop\/fr\/wp-json\/wp\/v2\/comments?post=2507"}],"wp:featuredmedia":[{"embeddable":true,"href":"https:\/\/wildgear.itc-gmbh.shop\/fr\/wp-json\/wp\/v2\/media\/2506"}],"wp:attachment":[{"href":"https:\/\/wildgear.itc-gmbh.shop\/fr\/wp-json\/wp\/v2\/media?parent=2507"}],"wp:term":[{"taxonomy":"product_brand","embeddable":true,"href":"https:\/\/wildgear.itc-gmbh.shop\/fr\/wp-json\/wp\/v2\/product_brand?post=2507"},{"taxonomy":"product_cat","embeddable":true,"href":"https:\/\/wildgear.itc-gmbh.shop\/fr\/wp-json\/wp\/v2\/product_cat?post=2507"},{"taxonomy":"product_tag","embeddable":true,"href":"https:\/\/wildgear.itc-gmbh.shop\/fr\/wp-json\/wp\/v2\/product_tag?post=2507"}],"curies":[{"name":"wp","href":"https:\/\/api.w.org\/{rel}","templated":true}]}}