{"id":2525,"date":"2024-05-27T00:04:05","date_gmt":"2024-05-27T00:04:05","guid":{"rendered":"https:\/\/outdoor.itc-gmbh.shop\/product\/drachen-eolo-pop-up-115-x-56-x-1-cm\/"},"modified":"2024-05-27T00:04:10","modified_gmt":"2024-05-27T00:04:10","slug":"drachen-eolo-pop-up-115-x-56-x-1-cm","status":"publish","type":"product","link":"https:\/\/wildgear.itc-gmbh.shop\/fr\/product\/drachen-eolo-pop-up-115-x-56-x-1-cm\/","title":{"rendered":"Cerf-volant Eolo Pop-Up 115 x 56 x 1 cm"},"content":{"rendered":"<p>Nous voulons ce qu'il y a de mieux pour nos enfants. <b>Cerf-volant Eolo Pop-Up 115 x 56 x 1 cm<\/b> parfait pour tous ceux qui recherchent des produits de qualit\u00e9 pour les plus petits. Acheter <b>Eolo<\/b> aux meilleurs prix !<\/p>\n<ul>\n<li>Art: Drachen<\/li>\n<li>Informations importantes : Diff\u00e9rents designs. Envoi al\u00e9atoire et en fonction des stocks<\/li>\n<li>Ma\u00dfe ca.: 115 x 56 x 1 cm<\/li>\n<li>mat\u00e9riel :\n<ul>\n<li>Fibre de verre<\/li>\n<li>Plastique<\/li>\n<\/ul>\n<\/li>\n<li>Empfohlenes Alter: + 8 Jahre<\/li>\n<\/ul>","protected":false},"excerpt":{"rendered":"<p>F\u00fcr unsere Kinder m\u00f6chten wir nur das Beste, und deshalb m\u00f6chten wir Ihnen Drachen Eolo Pop-Up 115 x 56 x 1 cm vorstellen, perfekt f\u00fcr alle, die qualitativ hochwertige Produkte f\u00fcr die Kleinsten suchen. Kaufen Sie Eolo zu den besten Preisen! Art: Drachen Wichtige informationen: Verschiedene Designs. Versand nach Zufallsprinzip und vom Bestand abh\u00e4ngig Ma\u00dfe &hellip; <\/p>\n<p class=\"more-link-wrap\"><a href=\"https:\/\/wildgear.itc-gmbh.shop\/fr\/product\/drachen-eolo-pop-up-115-x-56-x-1-cm\/\" class=\"more-link\"><span>Read More<span class=\"screen-reader-text\"> &#8220;Drachen Eolo Pop-Up 115 x 56 x 1 cm&#8221;<\/span><\/span><\/a><\/p>","protected":false},"featured_media":2524,"comment_status":"open","ping_status":"closed","template":"","meta":{"inline_featured_image":false},"product_brand":[],"product_cat":[211,180],"product_tag":[213,178],"class_list":{"0":"post-2525","1":"product","2":"type-product","3":"status-publish","4":"has-post-thumbnail","6":"product_cat-outdoor-aktivitaten","7":"product_cat-sport-freizeit","8":"product_tag-tag_69","9":"product_tag-tag_17","11":"first","12":"instock","13":"taxable","14":"shipping-taxable","15":"purchasable","16":"product-type-simple"},"aioseo_notices":[],"jetpack_sharing_enabled":true,"_links":{"self":[{"href":"https:\/\/wildgear.itc-gmbh.shop\/fr\/wp-json\/wp\/v2\/product\/2525","targetHints":{"allow":["GET"]}}],"collection":[{"href":"https:\/\/wildgear.itc-gmbh.shop\/fr\/wp-json\/wp\/v2\/product"}],"about":[{"href":"https:\/\/wildgear.itc-gmbh.shop\/fr\/wp-json\/wp\/v2\/types\/product"}],"replies":[{"embeddable":true,"href":"https:\/\/wildgear.itc-gmbh.shop\/fr\/wp-json\/wp\/v2\/comments?post=2525"}],"wp:featuredmedia":[{"embeddable":true,"href":"https:\/\/wildgear.itc-gmbh.shop\/fr\/wp-json\/wp\/v2\/media\/2524"}],"wp:attachment":[{"href":"https:\/\/wildgear.itc-gmbh.shop\/fr\/wp-json\/wp\/v2\/media?parent=2525"}],"wp:term":[{"taxonomy":"product_brand","embeddable":true,"href":"https:\/\/wildgear.itc-gmbh.shop\/fr\/wp-json\/wp\/v2\/product_brand?post=2525"},{"taxonomy":"product_cat","embeddable":true,"href":"https:\/\/wildgear.itc-gmbh.shop\/fr\/wp-json\/wp\/v2\/product_cat?post=2525"},{"taxonomy":"product_tag","embeddable":true,"href":"https:\/\/wildgear.itc-gmbh.shop\/fr\/wp-json\/wp\/v2\/product_tag?post=2525"}],"curies":[{"name":"wp","href":"https:\/\/api.w.org\/{rel}","templated":true}]}}