{"id":2587,"date":"2024-05-27T00:05:39","date_gmt":"2024-05-27T00:05:39","guid":{"rendered":"https:\/\/outdoor.itc-gmbh.shop\/product\/schwenksitz-soulet-gruen\/"},"modified":"2024-05-27T00:05:43","modified_gmt":"2024-05-27T00:05:43","slug":"schwenksitz-soulet-gruen","status":"publish","type":"product","link":"https:\/\/wildgear.itc-gmbh.shop\/fr\/product\/schwenksitz-soulet-gruen\/","title":{"rendered":"Si\u00e8ge pivotant Soulet vert"},"content":{"rendered":"<p>Nous voulons ce qu'il y a de mieux pour nos enfants. <b>Si\u00e8ge pivotant Soulet vert<\/b> parfait pour tous ceux qui recherchent des produits de qualit\u00e9 pour les plus petits. Acheter <b>Soulet<\/b> aux meilleurs prix !<\/p>\n<ul>\n<li>Type : Balan\u00e7oire<\/li>\n<li>couleur : vert<\/li>\n<li>Mat\u00e9riau : plastique<\/li>\n<\/ul>","protected":false},"excerpt":{"rendered":"<p>F\u00fcr unsere Kinder m\u00f6chten wir nur das Beste, und deshalb m\u00f6chten wir Ihnen Schwenksitz Soulet gr\u00fcn vorstellen, perfekt f\u00fcr alle, die qualitativ hochwertige Produkte f\u00fcr die Kleinsten suchen. Kaufen Sie Soulet zu den besten Preisen! Art: Schaukel Farbe: gr\u00fcn Material: Kunststoff<\/p>","protected":false},"featured_media":2586,"comment_status":"open","ping_status":"closed","template":"","meta":{"inline_featured_image":false},"product_brand":[],"product_cat":[211,180],"product_tag":[207,188,209,177,187,208],"class_list":{"0":"post-2587","1":"product","2":"type-product","3":"status-publish","4":"has-post-thumbnail","6":"product_cat-outdoor-aktivitaten","7":"product_cat-sport-freizeit","8":"product_tag-tag_30","9":"product_tag-tag_1304","10":"product_tag-tag_768","11":"product_tag-tag_3","12":"product_tag-tag_124","13":"product_tag-tag_650","15":"first","16":"outofstock","17":"taxable","18":"shipping-taxable","19":"purchasable","20":"product-type-simple"},"aioseo_notices":[],"jetpack_sharing_enabled":true,"_links":{"self":[{"href":"https:\/\/wildgear.itc-gmbh.shop\/fr\/wp-json\/wp\/v2\/product\/2587","targetHints":{"allow":["GET"]}}],"collection":[{"href":"https:\/\/wildgear.itc-gmbh.shop\/fr\/wp-json\/wp\/v2\/product"}],"about":[{"href":"https:\/\/wildgear.itc-gmbh.shop\/fr\/wp-json\/wp\/v2\/types\/product"}],"replies":[{"embeddable":true,"href":"https:\/\/wildgear.itc-gmbh.shop\/fr\/wp-json\/wp\/v2\/comments?post=2587"}],"wp:featuredmedia":[{"embeddable":true,"href":"https:\/\/wildgear.itc-gmbh.shop\/fr\/wp-json\/wp\/v2\/media\/2586"}],"wp:attachment":[{"href":"https:\/\/wildgear.itc-gmbh.shop\/fr\/wp-json\/wp\/v2\/media?parent=2587"}],"wp:term":[{"taxonomy":"product_brand","embeddable":true,"href":"https:\/\/wildgear.itc-gmbh.shop\/fr\/wp-json\/wp\/v2\/product_brand?post=2587"},{"taxonomy":"product_cat","embeddable":true,"href":"https:\/\/wildgear.itc-gmbh.shop\/fr\/wp-json\/wp\/v2\/product_cat?post=2587"},{"taxonomy":"product_tag","embeddable":true,"href":"https:\/\/wildgear.itc-gmbh.shop\/fr\/wp-json\/wp\/v2\/product_tag?post=2587"}],"curies":[{"name":"wp","href":"https:\/\/api.w.org\/{rel}","templated":true}]}}