{"id":2775,"date":"2024-05-27T00:11:37","date_gmt":"2024-05-27T00:11:37","guid":{"rendered":"https:\/\/outdoor.itc-gmbh.shop\/product\/fleece-joluvi-surprise-fuer-kinder-tuerkis\/"},"modified":"2024-05-27T03:57:41","modified_gmt":"2024-05-27T03:57:41","slug":"fleece-joluvi-surprise-fuer-kinder-tuerkis","status":"publish","type":"product","link":"https:\/\/wildgear.itc-gmbh.shop\/fr\/product\/fleece-joluvi-surprise-fuer-kinder-tuerkis\/","title":{"rendered":"Fleece Joluvi Surprise F\u00fcr Kinder T\u00fcrkis"},"content":{"rendered":"<p>Restez en forme et d\u00e9couvrez les derni\u00e8res innovations du secteur pour faire du sport dans les meilleures conditions ! Achetez <b>Fleece Joluvi Surprise F\u00fcr Kinder T\u00fcrkis<\/b> au meilleur prix et profitez d'une vie saine !<\/p>\n<ul>\n<li>Farbe: T\u00fcrkis<\/li>\n<li>le sexe :\n<ul>\n<li>Unisexe<\/li>\n<li>F\u00fcr Kinder<\/li>\n<\/ul>\n<\/li>\n<li>Mati\u00e8re : 100 % polyester<\/li>\n<li>\u00c2ge recommand\u00e9 : Enfants<\/li>\n<li>Art: Berg<\/li>\n<\/ul>","protected":false},"excerpt":{"rendered":"<p>Bleiben Sie in Form und entdecken Sie die neuesten Innovationen der Branche, um mit den besten Voraussetzungen Sport zu betreiben! Kaufen Sie Fleece Joluvi Surprise F\u00fcr Kinder T\u00fcrkis zum besten Preis und genie\u00dfen Sie ein gesundes Leben! Farbe: T\u00fcrkis Geschlecht: Unisex F\u00fcr Kinder Material: 100 % polyester Empfohlenes Alter: Kinder Art: Berg<\/p>","protected":false},"featured_media":2774,"comment_status":"open","ping_status":"closed","template":"","meta":{"inline_featured_image":false},"product_brand":[],"product_cat":[234,181,180],"product_tag":[177,178],"class_list":{"0":"post-2775","1":"product","2":"type-product","3":"status-publish","4":"has-post-thumbnail","6":"product_cat-bergkleidung","7":"product_cat-camping-und-berge","8":"product_cat-sport-freizeit","9":"product_tag-tag_3","10":"product_tag-tag_17","12":"first","13":"outofstock","14":"taxable","15":"shipping-taxable","16":"purchasable","17":"product-type-variable"},"aioseo_notices":[],"jetpack_sharing_enabled":true,"_links":{"self":[{"href":"https:\/\/wildgear.itc-gmbh.shop\/fr\/wp-json\/wp\/v2\/product\/2775","targetHints":{"allow":["GET"]}}],"collection":[{"href":"https:\/\/wildgear.itc-gmbh.shop\/fr\/wp-json\/wp\/v2\/product"}],"about":[{"href":"https:\/\/wildgear.itc-gmbh.shop\/fr\/wp-json\/wp\/v2\/types\/product"}],"replies":[{"embeddable":true,"href":"https:\/\/wildgear.itc-gmbh.shop\/fr\/wp-json\/wp\/v2\/comments?post=2775"}],"wp:featuredmedia":[{"embeddable":true,"href":"https:\/\/wildgear.itc-gmbh.shop\/fr\/wp-json\/wp\/v2\/media\/2774"}],"wp:attachment":[{"href":"https:\/\/wildgear.itc-gmbh.shop\/fr\/wp-json\/wp\/v2\/media?parent=2775"}],"wp:term":[{"taxonomy":"product_brand","embeddable":true,"href":"https:\/\/wildgear.itc-gmbh.shop\/fr\/wp-json\/wp\/v2\/product_brand?post=2775"},{"taxonomy":"product_cat","embeddable":true,"href":"https:\/\/wildgear.itc-gmbh.shop\/fr\/wp-json\/wp\/v2\/product_cat?post=2775"},{"taxonomy":"product_tag","embeddable":true,"href":"https:\/\/wildgear.itc-gmbh.shop\/fr\/wp-json\/wp\/v2\/product_tag?post=2775"}],"curies":[{"name":"wp","href":"https:\/\/api.w.org\/{rel}","templated":true}]}}