{"id":3121,"date":"2024-05-27T00:27:09","date_gmt":"2024-05-27T00:27:09","guid":{"rendered":"https:\/\/outdoor.itc-gmbh.shop\/product\/kinder-gummistiefel-peppa-pig-rosa\/"},"modified":"2024-05-27T03:57:48","modified_gmt":"2024-05-27T03:57:48","slug":"kinder-gummistiefel-peppa-pig-rosa","status":"publish","type":"product","link":"https:\/\/wildgear.itc-gmbh.shop\/fr\/product\/kinder-gummistiefel-peppa-pig-rosa\/","title":{"rendered":"Kinder Gummistiefel Peppa Pig Rosa"},"content":{"rendered":"<p>Pour nos enfants, nous aimerions vous <b>Kinder Gummistiefel Peppa Pig Rosa<\/b> parfait pour tous ceux qui recherchent des produits de qualit\u00e9 pour les plus petits. Acheter <b>Peppa Pig<\/b> et d'autres marques et licences aux meilleurs prix !<\/p>\n<ul>\n<li>Type : Bottes d'eau<\/li>\n<li>Sexe : Pour enfants<\/li>\n<li>Couleur : Rose<\/li>\n<li>mat\u00e9riel :\n<ul>\n<li>PVC<\/li>\n<li>100 % PVC<\/li>\n<\/ul>\n<\/li>\n<\/ul>","protected":false},"excerpt":{"rendered":"<p>F\u00fcr unsere Kinder m\u00f6chten wir Ihnen Kinder Gummistiefel Peppa Pig Rosa vorstellen, perfekt f\u00fcr alle, die qualitativ hochwertige Produkte f\u00fcr die Kleinsten suchen. Kaufen Sie Peppa Pig und weitere Marken und Lizenzen zu den besten Preisen! Art: Wasserstiefel Geschlecht: F\u00fcr Kinder Farbe: Rosa Material: PVC 100 % PVC<\/p>","protected":false},"featured_media":3120,"comment_status":"open","ping_status":"closed","template":"","meta":{"inline_featured_image":false},"product_brand":[],"product_cat":[234,181,180],"product_tag":[209,219,224,218,220,225],"class_list":{"0":"post-3121","1":"product","2":"type-product","3":"status-publish","4":"has-post-thumbnail","6":"product_cat-bergkleidung","7":"product_cat-camping-und-berge","8":"product_cat-sport-freizeit","9":"product_tag-tag_768","10":"product_tag-tag_664","11":"product_tag-tag_15","12":"product_tag-tag_36","13":"product_tag-tag_575","14":"product_tag-tag_20","16":"first","17":"instock","18":"taxable","19":"shipping-taxable","20":"purchasable","21":"product-type-variable"},"aioseo_notices":[],"jetpack_sharing_enabled":true,"_links":{"self":[{"href":"https:\/\/wildgear.itc-gmbh.shop\/fr\/wp-json\/wp\/v2\/product\/3121","targetHints":{"allow":["GET"]}}],"collection":[{"href":"https:\/\/wildgear.itc-gmbh.shop\/fr\/wp-json\/wp\/v2\/product"}],"about":[{"href":"https:\/\/wildgear.itc-gmbh.shop\/fr\/wp-json\/wp\/v2\/types\/product"}],"replies":[{"embeddable":true,"href":"https:\/\/wildgear.itc-gmbh.shop\/fr\/wp-json\/wp\/v2\/comments?post=3121"}],"wp:featuredmedia":[{"embeddable":true,"href":"https:\/\/wildgear.itc-gmbh.shop\/fr\/wp-json\/wp\/v2\/media\/3120"}],"wp:attachment":[{"href":"https:\/\/wildgear.itc-gmbh.shop\/fr\/wp-json\/wp\/v2\/media?parent=3121"}],"wp:term":[{"taxonomy":"product_brand","embeddable":true,"href":"https:\/\/wildgear.itc-gmbh.shop\/fr\/wp-json\/wp\/v2\/product_brand?post=3121"},{"taxonomy":"product_cat","embeddable":true,"href":"https:\/\/wildgear.itc-gmbh.shop\/fr\/wp-json\/wp\/v2\/product_cat?post=3121"},{"taxonomy":"product_tag","embeddable":true,"href":"https:\/\/wildgear.itc-gmbh.shop\/fr\/wp-json\/wp\/v2\/product_tag?post=3121"}],"curies":[{"name":"wp","href":"https:\/\/api.w.org\/{rel}","templated":true}]}}