{"id":3438,"date":"2024-05-27T00:41:26","date_gmt":"2024-05-27T00:41:26","guid":{"rendered":"https:\/\/outdoor.itc-gmbh.shop\/product\/hut-new-era-los-angeles-dodgers-metallic-einheitsgroesse-schwarz-rosa\/"},"modified":"2024-05-27T00:41:28","modified_gmt":"2024-05-27T00:41:28","slug":"hut-new-era-los-angeles-dodgers-metallic-einheitsgroesse-schwarz-rosa","status":"publish","type":"product","link":"https:\/\/wildgear.itc-gmbh.shop\/fr\/product\/hut-new-era-los-angeles-dodgers-metallic-einheitsgroesse-schwarz-rosa\/","title":{"rendered":"Hut New Era Los Angeles Dodgers Metallic Einheitsgr\u00f6\u00dfe Schwarz Rosa"},"content":{"rendered":"<p>Si vous souhaitez renouveler votre garde-robe, nous vous recommandons de <b>Hut New Era Los Angeles Dodgers Metallic Einheitsgr\u00f6\u00dfe Schwarz Rosa<\/b> et d'autres <b> Produkte von New Era<\/b>! Maintenant pour vous la meilleure qualit\u00e9 au meilleur prix !<\/p>\n<ul>\n<li>Taille : Taille unique<\/li>\n<li>couleur :\n<ul>\n<li>Noir<\/li>\n<li>Rose<\/li>\n<li>Color\u00e9<\/li>\n<\/ul>\n<\/li>\n<li>Sexe : Femme<\/li>\n<li>\u00c2ge recommand\u00e9 : Adulte<\/li>\n<li>Mat\u00e9riau : 100 % acrylique<\/li>\n<\/ul>","protected":false},"excerpt":{"rendered":"<p>Wenn Sie Ihren Kleiderschrank erneuern m\u00f6chten, empfehlen wir Ihnen Hut New Era Los Angeles Dodgers Metallic Einheitsgr\u00f6\u00dfe Schwarz Rosa und weitere Produkte von New Era! Jetzt f\u00fcr Sie die beste Qualit\u00e4t zum besten Preis! Gr\u00f6\u00dfe: Einheitsgr\u00f6\u00dfe Farbe: Schwarz Rosa Bunt Geschlecht: Damen Empfohlenes Alter: Erwachsene Material: 100 % Acryl<\/p>","protected":false},"featured_media":3437,"comment_status":"open","ping_status":"closed","template":"","meta":{"inline_featured_image":false},"product_brand":[],"product_cat":[234,181,180],"product_tag":[213,178,222],"class_list":{"0":"post-3438","1":"product","2":"type-product","3":"status-publish","4":"has-post-thumbnail","6":"product_cat-bergkleidung","7":"product_cat-camping-und-berge","8":"product_cat-sport-freizeit","9":"product_tag-tag_69","10":"product_tag-tag_17","11":"product_tag-tag_587","13":"first","14":"instock","15":"taxable","16":"shipping-taxable","17":"purchasable","18":"product-type-simple"},"aioseo_notices":[],"jetpack_sharing_enabled":true,"_links":{"self":[{"href":"https:\/\/wildgear.itc-gmbh.shop\/fr\/wp-json\/wp\/v2\/product\/3438","targetHints":{"allow":["GET"]}}],"collection":[{"href":"https:\/\/wildgear.itc-gmbh.shop\/fr\/wp-json\/wp\/v2\/product"}],"about":[{"href":"https:\/\/wildgear.itc-gmbh.shop\/fr\/wp-json\/wp\/v2\/types\/product"}],"replies":[{"embeddable":true,"href":"https:\/\/wildgear.itc-gmbh.shop\/fr\/wp-json\/wp\/v2\/comments?post=3438"}],"wp:featuredmedia":[{"embeddable":true,"href":"https:\/\/wildgear.itc-gmbh.shop\/fr\/wp-json\/wp\/v2\/media\/3437"}],"wp:attachment":[{"href":"https:\/\/wildgear.itc-gmbh.shop\/fr\/wp-json\/wp\/v2\/media?parent=3438"}],"wp:term":[{"taxonomy":"product_brand","embeddable":true,"href":"https:\/\/wildgear.itc-gmbh.shop\/fr\/wp-json\/wp\/v2\/product_brand?post=3438"},{"taxonomy":"product_cat","embeddable":true,"href":"https:\/\/wildgear.itc-gmbh.shop\/fr\/wp-json\/wp\/v2\/product_cat?post=3438"},{"taxonomy":"product_tag","embeddable":true,"href":"https:\/\/wildgear.itc-gmbh.shop\/fr\/wp-json\/wp\/v2\/product_tag?post=3438"}],"curies":[{"name":"wp","href":"https:\/\/api.w.org\/{rel}","templated":true}]}}