{"id":3721,"date":"2024-05-27T00:52:21","date_gmt":"2024-05-27T00:52:21","guid":{"rendered":"https:\/\/outdoor.itc-gmbh.shop\/product\/fleece-rox-r-aircraft-fuer-kinder-weiss\/"},"modified":"2024-05-27T03:58:02","modified_gmt":"2024-05-27T03:58:02","slug":"fleece-rox-r-aircraft-fuer-kinder-weiss","status":"publish","type":"product","link":"https:\/\/wildgear.itc-gmbh.shop\/fr\/product\/fleece-rox-r-aircraft-fuer-kinder-weiss\/","title":{"rendered":"Fleece Rox R-Aircraft F\u00fcr Kinder Wei\u00df"},"content":{"rendered":"<p>Restez en forme et d\u00e9couvrez les derni\u00e8res innovations du secteur pour faire du sport dans les meilleures conditions ! Achetez <b>Fleece Rox R-Aircraft F\u00fcr Kinder Wei\u00df<\/b> au meilleur prix et profitez d'une vie saine !<\/p>\n<ul>\n<li>Couleur : Blanc<\/li>\n<li>le sexe :\n<ul>\n<li>Unisexe<\/li>\n<li>F\u00fcr Kinder<\/li>\n<\/ul>\n<\/li>\n<li>Mati\u00e8re : 100 % polyester<\/li>\n<li>\u00c2ge recommand\u00e9 : Enfants<\/li>\n<li>Art: Fleece<\/li>\n<\/ul>","protected":false},"excerpt":{"rendered":"<p>Bleiben Sie in Form und entdecken Sie die neuesten Innovationen der Branche, um mit den besten Voraussetzungen Sport zu betreiben! Kaufen Sie Fleece Rox R-Aircraft F\u00fcr Kinder Wei\u00df zum besten Preis und genie\u00dfen Sie ein gesundes Leben! Farbe: Wei\u00df Geschlecht: Unisex F\u00fcr Kinder Material: 100 % polyester Empfohlenes Alter: Kinder Art: Fleece<\/p>","protected":false},"featured_media":3720,"comment_status":"open","ping_status":"closed","template":"","meta":{"inline_featured_image":false},"product_brand":[],"product_cat":[234,181,180],"product_tag":[177,178],"class_list":{"0":"post-3721","1":"product","2":"type-product","3":"status-publish","4":"has-post-thumbnail","6":"product_cat-bergkleidung","7":"product_cat-camping-und-berge","8":"product_cat-sport-freizeit","9":"product_tag-tag_3","10":"product_tag-tag_17","12":"first","13":"instock","14":"taxable","15":"shipping-taxable","16":"purchasable","17":"product-type-variable"},"aioseo_notices":[],"jetpack_sharing_enabled":true,"_links":{"self":[{"href":"https:\/\/wildgear.itc-gmbh.shop\/fr\/wp-json\/wp\/v2\/product\/3721","targetHints":{"allow":["GET"]}}],"collection":[{"href":"https:\/\/wildgear.itc-gmbh.shop\/fr\/wp-json\/wp\/v2\/product"}],"about":[{"href":"https:\/\/wildgear.itc-gmbh.shop\/fr\/wp-json\/wp\/v2\/types\/product"}],"replies":[{"embeddable":true,"href":"https:\/\/wildgear.itc-gmbh.shop\/fr\/wp-json\/wp\/v2\/comments?post=3721"}],"wp:featuredmedia":[{"embeddable":true,"href":"https:\/\/wildgear.itc-gmbh.shop\/fr\/wp-json\/wp\/v2\/media\/3720"}],"wp:attachment":[{"href":"https:\/\/wildgear.itc-gmbh.shop\/fr\/wp-json\/wp\/v2\/media?parent=3721"}],"wp:term":[{"taxonomy":"product_brand","embeddable":true,"href":"https:\/\/wildgear.itc-gmbh.shop\/fr\/wp-json\/wp\/v2\/product_brand?post=3721"},{"taxonomy":"product_cat","embeddable":true,"href":"https:\/\/wildgear.itc-gmbh.shop\/fr\/wp-json\/wp\/v2\/product_cat?post=3721"},{"taxonomy":"product_tag","embeddable":true,"href":"https:\/\/wildgear.itc-gmbh.shop\/fr\/wp-json\/wp\/v2\/product_tag?post=3721"}],"curies":[{"name":"wp","href":"https:\/\/api.w.org\/{rel}","templated":true}]}}