{"id":3778,"date":"2024-05-27T00:55:10","date_gmt":"2024-05-27T00:55:10","guid":{"rendered":"https:\/\/outdoor.itc-gmbh.shop\/product\/skijacke-dare-2b-impose-iii-fuer-kinder-purpur\/"},"modified":"2024-05-27T03:58:04","modified_gmt":"2024-05-27T03:58:04","slug":"skijacke-dare-2b-impose-iii-fuer-kinder-purpur","status":"publish","type":"product","link":"https:\/\/wildgear.itc-gmbh.shop\/fr\/product\/skijacke-dare-2b-impose-iii-fuer-kinder-purpur\/","title":{"rendered":"Skijacke Dare 2b Impose III F\u00fcr Kinder Purpur"},"content":{"rendered":"<p>Restez en forme et d\u00e9couvrez les derni\u00e8res innovations du secteur pour faire du sport dans les meilleures conditions ! Achetez <b>Skijacke Dare 2b Impose III F\u00fcr Kinder Purpur<\/b> au meilleur prix et profitez d'une vie saine !<\/p>\n<ul>\n<li>le sexe :\n<ul>\n<li>Unisexe<\/li>\n<li>F\u00fcr Kinder<\/li>\n<\/ul>\n<\/li>\n<li>Mati\u00e8re : 100 % polyester<\/li>\n<li>Couleur : Pourpre<\/li>\n<li>\u00c2ge recommand\u00e9 : Enfants<\/li>\n<li>Type : Veste de ski<\/li>\n<\/ul>","protected":false},"excerpt":{"rendered":"<p>Bleiben Sie in Form und entdecken Sie die neuesten Innovationen der Branche, um mit den besten Voraussetzungen Sport zu betreiben! Kaufen Sie Skijacke Dare 2b Impose III F\u00fcr Kinder Purpur zum besten Preis und genie\u00dfen Sie ein gesundes Leben! Geschlecht: Unisex F\u00fcr Kinder Material: 100 % polyester Farbe: Purpur Empfohlenes Alter: Kinder Art: Skijacke<\/p>","protected":false},"featured_media":3777,"comment_status":"open","ping_status":"closed","template":"","meta":{"inline_featured_image":false},"product_brand":[],"product_cat":[234,181,180],"product_tag":[213,178,222],"class_list":{"0":"post-3778","1":"product","2":"type-product","3":"status-publish","4":"has-post-thumbnail","6":"product_cat-bergkleidung","7":"product_cat-camping-und-berge","8":"product_cat-sport-freizeit","9":"product_tag-tag_69","10":"product_tag-tag_17","11":"product_tag-tag_587","13":"first","14":"outofstock","15":"taxable","16":"shipping-taxable","17":"purchasable","18":"product-type-variable"},"aioseo_notices":[],"jetpack_sharing_enabled":true,"_links":{"self":[{"href":"https:\/\/wildgear.itc-gmbh.shop\/fr\/wp-json\/wp\/v2\/product\/3778","targetHints":{"allow":["GET"]}}],"collection":[{"href":"https:\/\/wildgear.itc-gmbh.shop\/fr\/wp-json\/wp\/v2\/product"}],"about":[{"href":"https:\/\/wildgear.itc-gmbh.shop\/fr\/wp-json\/wp\/v2\/types\/product"}],"replies":[{"embeddable":true,"href":"https:\/\/wildgear.itc-gmbh.shop\/fr\/wp-json\/wp\/v2\/comments?post=3778"}],"wp:featuredmedia":[{"embeddable":true,"href":"https:\/\/wildgear.itc-gmbh.shop\/fr\/wp-json\/wp\/v2\/media\/3777"}],"wp:attachment":[{"href":"https:\/\/wildgear.itc-gmbh.shop\/fr\/wp-json\/wp\/v2\/media?parent=3778"}],"wp:term":[{"taxonomy":"product_brand","embeddable":true,"href":"https:\/\/wildgear.itc-gmbh.shop\/fr\/wp-json\/wp\/v2\/product_brand?post=3778"},{"taxonomy":"product_cat","embeddable":true,"href":"https:\/\/wildgear.itc-gmbh.shop\/fr\/wp-json\/wp\/v2\/product_cat?post=3778"},{"taxonomy":"product_tag","embeddable":true,"href":"https:\/\/wildgear.itc-gmbh.shop\/fr\/wp-json\/wp\/v2\/product_tag?post=3778"}],"curies":[{"name":"wp","href":"https:\/\/api.w.org\/{rel}","templated":true}]}}