{"id":4332,"date":"2024-05-27T01:14:08","date_gmt":"2024-05-27T01:14:08","guid":{"rendered":"https:\/\/outdoor.itc-gmbh.shop\/product\/sportsocken-nike-everyday-lightweight-grau-3-paar\/"},"modified":"2024-05-27T03:58:19","modified_gmt":"2024-05-27T03:58:19","slug":"sportsocken-nike-everyday-lightweight-grau-3-paar","status":"publish","type":"product","link":"https:\/\/wildgear.itc-gmbh.shop\/fr\/product\/sportsocken-nike-everyday-lightweight-grau-3-paar\/","title":{"rendered":"Chaussettes de Sport Nike Everyday Lightweight Grises 3 Paires"},"content":{"rendered":"<p>Si vous souhaitez renouveler votre garde-robe, nous vous recommandons de <b>Chaussettes de Sport Nike Everyday Lightweight Grises 3 Paires<\/b> et d'autres <b> Produits de Nike<\/b>! Maintenant pour vous la meilleure qualit\u00e9 au meilleur prix !<\/p>\n<ul>\n<li>Type : Chaussettes<\/li>\n<li>couleur :\n<ul>\n<li>Gris<\/li>\n<li>Color\u00e9<\/li>\n<\/ul>\n<\/li>\n<li>Mati\u00e8re : 100 % polyester<\/li>\n<li>Contenu : 3 paires<\/li>\n<li>le sexe :\n<ul>\n<li>Unisexe<\/li>\n<li>Unisexe-adulte<\/li>\n<\/ul>\n<\/li>\n<li>\u00c2ge recommand\u00e9 : Adulte<\/li>\n<\/ul>","protected":false},"excerpt":{"rendered":"<p>Wenn Sie Ihren Kleiderschrank erneuern m\u00f6chten, empfehlen wir Ihnen Sportsocken Nike Everyday Lightweight Grau 3 Paar und weitere Produkte von Nike! Jetzt f\u00fcr Sie die beste Qualit\u00e4t zum besten Preis! Art: Socken Farbe: Grau Bunt Material: 100 % polyester Enthalten: 3 Paar Geschlecht: Unisex Unisex-Erwachsene Empfohlenes Alter: Erwachsene<\/p>","protected":false},"featured_media":4331,"comment_status":"open","ping_status":"closed","template":"","meta":{"inline_featured_image":false},"product_brand":[],"product_cat":[234,181,180],"product_tag":[220],"class_list":{"0":"post-4332","1":"product","2":"type-product","3":"status-publish","4":"has-post-thumbnail","6":"product_cat-bergkleidung","7":"product_cat-camping-und-berge","8":"product_cat-sport-freizeit","9":"product_tag-tag_575","11":"first","12":"outofstock","13":"taxable","14":"shipping-taxable","15":"purchasable","16":"product-type-variable"},"aioseo_notices":[],"jetpack_sharing_enabled":true,"_links":{"self":[{"href":"https:\/\/wildgear.itc-gmbh.shop\/fr\/wp-json\/wp\/v2\/product\/4332","targetHints":{"allow":["GET"]}}],"collection":[{"href":"https:\/\/wildgear.itc-gmbh.shop\/fr\/wp-json\/wp\/v2\/product"}],"about":[{"href":"https:\/\/wildgear.itc-gmbh.shop\/fr\/wp-json\/wp\/v2\/types\/product"}],"replies":[{"embeddable":true,"href":"https:\/\/wildgear.itc-gmbh.shop\/fr\/wp-json\/wp\/v2\/comments?post=4332"}],"wp:featuredmedia":[{"embeddable":true,"href":"https:\/\/wildgear.itc-gmbh.shop\/fr\/wp-json\/wp\/v2\/media\/4331"}],"wp:attachment":[{"href":"https:\/\/wildgear.itc-gmbh.shop\/fr\/wp-json\/wp\/v2\/media?parent=4332"}],"wp:term":[{"taxonomy":"product_brand","embeddable":true,"href":"https:\/\/wildgear.itc-gmbh.shop\/fr\/wp-json\/wp\/v2\/product_brand?post=4332"},{"taxonomy":"product_cat","embeddable":true,"href":"https:\/\/wildgear.itc-gmbh.shop\/fr\/wp-json\/wp\/v2\/product_cat?post=4332"},{"taxonomy":"product_tag","embeddable":true,"href":"https:\/\/wildgear.itc-gmbh.shop\/fr\/wp-json\/wp\/v2\/product_tag?post=4332"}],"curies":[{"name":"wp","href":"https:\/\/api.w.org\/{rel}","templated":true}]}}