{"id":6469,"date":"2024-05-27T01:48:58","date_gmt":"2024-05-27T01:48:58","guid":{"rendered":"https:\/\/outdoor.itc-gmbh.shop\/product\/sportjackefuer-herren-joluvi-shure-schwarz\/"},"modified":"2024-05-27T03:58:29","modified_gmt":"2024-05-27T03:58:29","slug":"sportjackefuer-herren-joluvi-shure-schwarz","status":"publish","type":"product","link":"https:\/\/wildgear.itc-gmbh.shop\/fr\/product\/sportjackefuer-herren-joluvi-shure-schwarz\/","title":{"rendered":"Sportjackef\u00fcr Herren Joluvi Shure Schwarz"},"content":{"rendered":"<p>Restez en forme et d\u00e9couvrez les derni\u00e8res innovations du secteur pour faire du sport dans les meilleures conditions ! Achetez <b>Sportjackef\u00fcr Herren Joluvi Shure Schwarz<\/b> au meilleur prix et profitez d'une vie saine !<\/p>\n<ul>\n<li>Type : Veste de sport<\/li>\n<li>Sport : trekking<\/li>\n<li>Couleur : Noir<\/li>\n<li>Sexe : Homme<\/li>\n<li>\u00c2ge recommand\u00e9 : Adulte<\/li>\n<li>mat\u00e9riel :\n<ul>\n<li>Nylon<\/li>\n<li>100 % polyester<\/li>\n<\/ul>\n<\/li>\n<\/ul>","protected":false},"excerpt":{"rendered":"<p>Bleiben Sie in Form und entdecken Sie die neuesten Innovationen der Branche, um mit den besten Voraussetzungen Sport zu betreiben! Kaufen Sie Sportjackef\u00fcr Herren Joluvi Shure Schwarz zum besten Preis und genie\u00dfen Sie ein gesundes Leben! Art: Sportjacke Sport: Trekking Farbe: Schwarz Geschlecht: Herren Empfohlenes Alter: Erwachsene Material: Nylon 100 % polyester<\/p>","protected":false},"featured_media":6468,"comment_status":"open","ping_status":"closed","template":"","meta":{"inline_featured_image":false},"product_brand":[],"product_cat":[234,181,180],"product_tag":[177,178],"class_list":{"0":"post-6469","1":"product","2":"type-product","3":"status-publish","4":"has-post-thumbnail","6":"product_cat-bergkleidung","7":"product_cat-camping-und-berge","8":"product_cat-sport-freizeit","9":"product_tag-tag_3","10":"product_tag-tag_17","12":"first","13":"instock","14":"taxable","15":"shipping-taxable","16":"purchasable","17":"product-type-variable"},"aioseo_notices":[],"jetpack_sharing_enabled":true,"_links":{"self":[{"href":"https:\/\/wildgear.itc-gmbh.shop\/fr\/wp-json\/wp\/v2\/product\/6469","targetHints":{"allow":["GET"]}}],"collection":[{"href":"https:\/\/wildgear.itc-gmbh.shop\/fr\/wp-json\/wp\/v2\/product"}],"about":[{"href":"https:\/\/wildgear.itc-gmbh.shop\/fr\/wp-json\/wp\/v2\/types\/product"}],"replies":[{"embeddable":true,"href":"https:\/\/wildgear.itc-gmbh.shop\/fr\/wp-json\/wp\/v2\/comments?post=6469"}],"wp:featuredmedia":[{"embeddable":true,"href":"https:\/\/wildgear.itc-gmbh.shop\/fr\/wp-json\/wp\/v2\/media\/6468"}],"wp:attachment":[{"href":"https:\/\/wildgear.itc-gmbh.shop\/fr\/wp-json\/wp\/v2\/media?parent=6469"}],"wp:term":[{"taxonomy":"product_brand","embeddable":true,"href":"https:\/\/wildgear.itc-gmbh.shop\/fr\/wp-json\/wp\/v2\/product_brand?post=6469"},{"taxonomy":"product_cat","embeddable":true,"href":"https:\/\/wildgear.itc-gmbh.shop\/fr\/wp-json\/wp\/v2\/product_cat?post=6469"},{"taxonomy":"product_tag","embeddable":true,"href":"https:\/\/wildgear.itc-gmbh.shop\/fr\/wp-json\/wp\/v2\/product_tag?post=6469"}],"curies":[{"name":"wp","href":"https:\/\/api.w.org\/{rel}","templated":true}]}}