{"id":7264,"date":"2024-05-27T02:02:50","date_gmt":"2024-05-27T02:02:50","guid":{"rendered":"https:\/\/outdoor.itc-gmbh.shop\/product\/sportmuetze-dickies-woodworth-khaki-einheitsgroesse\/"},"modified":"2024-10-07T00:03:13","modified_gmt":"2024-10-07T00:03:13","slug":"sportmuetze-dickies-woodworth-khaki-einheitsgroesse","status":"publish","type":"product","link":"https:\/\/wildgear.itc-gmbh.shop\/fr\/product\/sportmuetze-dickies-woodworth-khaki-einheitsgroesse\/","title":{"rendered":"Sportm\u00fctze Dickies Woodworth Khaki Einheitsgr\u00f6\u00dfe"},"content":{"rendered":"<p>Restez en forme et d\u00e9couvrez les derni\u00e8res innovations du secteur pour faire du sport dans les meilleures conditions ! Achetez <b>Sportm\u00fctze Dickies Woodworth Khaki Einheitsgr\u00f6\u00dfe<\/b> au meilleur prix et profitez d'une vie saine !<\/p>\n<ul>\n<li>Farbe: Khaki<\/li>\n<li>Sexe : Unisexe<\/li>\n<li>\u00c2ge recommand\u00e9 : Adulte<\/li>\n<li>Taille : Taille unique<\/li>\n<li>Fermeture du bracelet : fermeture \u00e9clair<\/li>\n<\/ul>","protected":false},"excerpt":{"rendered":"<p>Bleiben Sie in Form und entdecken Sie die neuesten Innovationen der Branche, um mit den besten Voraussetzungen Sport zu betreiben! Kaufen Sie Sportm\u00fctze Dickies Woodworth Khaki Einheitsgr\u00f6\u00dfe zum besten Preis und genie\u00dfen Sie ein gesundes Leben! Farbe: Khaki Geschlecht: Unisex Empfohlenes Alter: Erwachsene Gr\u00f6\u00dfe: Einheitsgr\u00f6\u00dfe Verschluss Armband: Rei\u00dfverschluss<\/p>","protected":false},"featured_media":17300,"comment_status":"open","ping_status":"closed","template":"","meta":{"inline_featured_image":false},"product_brand":[],"product_cat":[238,234,181,237,239,180],"product_tag":[220,222],"class_list":{"0":"post-7264","1":"product","2":"type-product","3":"status-publish","4":"has-post-thumbnail","6":"product_cat-accessoires_2","7":"product_cat-bergkleidung","8":"product_cat-camping-und-berge","9":"product_cat-mode-accessoires","10":"product_cat-mutzen-und-schals","11":"product_cat-sport-freizeit","12":"product_tag-tag_575","13":"product_tag-tag_587","15":"first","16":"instock","17":"taxable","18":"shipping-taxable","19":"purchasable","20":"product-type-simple"},"aioseo_notices":[],"jetpack_sharing_enabled":true,"_links":{"self":[{"href":"https:\/\/wildgear.itc-gmbh.shop\/fr\/wp-json\/wp\/v2\/product\/7264","targetHints":{"allow":["GET"]}}],"collection":[{"href":"https:\/\/wildgear.itc-gmbh.shop\/fr\/wp-json\/wp\/v2\/product"}],"about":[{"href":"https:\/\/wildgear.itc-gmbh.shop\/fr\/wp-json\/wp\/v2\/types\/product"}],"replies":[{"embeddable":true,"href":"https:\/\/wildgear.itc-gmbh.shop\/fr\/wp-json\/wp\/v2\/comments?post=7264"}],"wp:featuredmedia":[{"embeddable":true,"href":"https:\/\/wildgear.itc-gmbh.shop\/fr\/wp-json\/wp\/v2\/media\/17300"}],"wp:attachment":[{"href":"https:\/\/wildgear.itc-gmbh.shop\/fr\/wp-json\/wp\/v2\/media?parent=7264"}],"wp:term":[{"taxonomy":"product_brand","embeddable":true,"href":"https:\/\/wildgear.itc-gmbh.shop\/fr\/wp-json\/wp\/v2\/product_brand?post=7264"},{"taxonomy":"product_cat","embeddable":true,"href":"https:\/\/wildgear.itc-gmbh.shop\/fr\/wp-json\/wp\/v2\/product_cat?post=7264"},{"taxonomy":"product_tag","embeddable":true,"href":"https:\/\/wildgear.itc-gmbh.shop\/fr\/wp-json\/wp\/v2\/product_tag?post=7264"}],"curies":[{"name":"wp","href":"https:\/\/api.w.org\/{rel}","templated":true}]}}