{"id":7926,"date":"2024-05-27T02:14:25","date_gmt":"2024-05-27T02:14:25","guid":{"rendered":"https:\/\/outdoor.itc-gmbh.shop\/product\/zelt-moose-toys-kid-active-75-x-75-x-90-cm-blau\/"},"modified":"2024-05-27T02:14:26","modified_gmt":"2024-05-27T02:14:26","slug":"zelt-moose-toys-kid-active-75-x-75-x-90-cm-blau","status":"publish","type":"product","link":"https:\/\/wildgear.itc-gmbh.shop\/fr\/product\/zelt-moose-toys-kid-active-75-x-75-x-90-cm-blau\/","title":{"rendered":"Zelt Moose Toys Kid Active 75 x 75 x 90 cm Blau"},"content":{"rendered":"<p>Nous voulons ce qu'il y a de mieux pour nos enfants. <b>Zelt Moose Toys Kid Active 75 x 75 x 90 cm Blau<\/b> parfait pour tous ceux qui recherchent des produits de qualit\u00e9 pour les plus petits. Acheter <b>Moose Toys<\/b> aux meilleurs prix !<\/p>\n<ul>\n<li>Dimensions approximatives : 75 x 75 x 90 cm<\/li>\n<li>mat\u00e9riel :\n<ul>\n<li>Polyester<\/li>\n<li>100 % polyester<\/li>\n<\/ul>\n<\/li>\n<li>Couleur : Bleu<\/li>\n<li>Langue : anglais<\/li>\n<li>Fermeture du bracelet : fermeture \u00e9clair<\/li>\n<li>Empfohlenes Alter: + 2 Jahre<\/li>\n<li>Batteriebetrieben: Sonderzubeh\u00f6r<\/li>\n<li>Ne sont pas fournis : Pile<\/li>\n<li>Installationsart: Unabh\u00e4ngig<\/li>\n<\/ul>","protected":false},"excerpt":{"rendered":"<p>F\u00fcr unsere Kinder m\u00f6chten wir nur das Beste, und deshalb m\u00f6chten wir Ihnen Zelt Moose Toys Kid Active 75 x 75 x 90 cm Blau vorstellen, perfekt f\u00fcr alle, die qualitativ hochwertige Produkte f\u00fcr die Kleinsten suchen. Kaufen Sie Moose Toys zu den besten Preisen! Ma\u00dfe ca.: 75 x 75 x 90 cm Material: Polyester &hellip; <\/p>\n<p class=\"more-link-wrap\"><a href=\"https:\/\/wildgear.itc-gmbh.shop\/fr\/product\/zelt-moose-toys-kid-active-75-x-75-x-90-cm-blau\/\" class=\"more-link\"><span>Read More<span class=\"screen-reader-text\"> &#8220;Zelt Moose Toys Kid Active 75 x 75 x 90 cm Blau&#8221;<\/span><\/span><\/a><\/p>","protected":false},"featured_media":7925,"comment_status":"open","ping_status":"closed","template":"","meta":{"inline_featured_image":false},"product_brand":[],"product_cat":[181,180,189],"product_tag":[188,209,213,177,187,208],"class_list":{"0":"post-7926","1":"product","2":"type-product","3":"status-publish","4":"has-post-thumbnail","6":"product_cat-camping-und-berge","7":"product_cat-sport-freizeit","8":"product_cat-zelte","9":"product_tag-tag_1304","10":"product_tag-tag_768","11":"product_tag-tag_69","12":"product_tag-tag_3","13":"product_tag-tag_124","14":"product_tag-tag_650","16":"first","17":"outofstock","18":"taxable","19":"shipping-taxable","20":"purchasable","21":"product-type-simple"},"aioseo_notices":[],"jetpack_sharing_enabled":true,"_links":{"self":[{"href":"https:\/\/wildgear.itc-gmbh.shop\/fr\/wp-json\/wp\/v2\/product\/7926","targetHints":{"allow":["GET"]}}],"collection":[{"href":"https:\/\/wildgear.itc-gmbh.shop\/fr\/wp-json\/wp\/v2\/product"}],"about":[{"href":"https:\/\/wildgear.itc-gmbh.shop\/fr\/wp-json\/wp\/v2\/types\/product"}],"replies":[{"embeddable":true,"href":"https:\/\/wildgear.itc-gmbh.shop\/fr\/wp-json\/wp\/v2\/comments?post=7926"}],"wp:featuredmedia":[{"embeddable":true,"href":"https:\/\/wildgear.itc-gmbh.shop\/fr\/wp-json\/wp\/v2\/media\/7925"}],"wp:attachment":[{"href":"https:\/\/wildgear.itc-gmbh.shop\/fr\/wp-json\/wp\/v2\/media?parent=7926"}],"wp:term":[{"taxonomy":"product_brand","embeddable":true,"href":"https:\/\/wildgear.itc-gmbh.shop\/fr\/wp-json\/wp\/v2\/product_brand?post=7926"},{"taxonomy":"product_cat","embeddable":true,"href":"https:\/\/wildgear.itc-gmbh.shop\/fr\/wp-json\/wp\/v2\/product_cat?post=7926"},{"taxonomy":"product_tag","embeddable":true,"href":"https:\/\/wildgear.itc-gmbh.shop\/fr\/wp-json\/wp\/v2\/product_tag?post=7926"}],"curies":[{"name":"wp","href":"https:\/\/api.w.org\/{rel}","templated":true}]}}