{"id":8091,"date":"2024-05-27T02:17:09","date_gmt":"2024-05-27T02:17:09","guid":{"rendered":"https:\/\/outdoor.itc-gmbh.shop\/product\/flasche-joluvi-filter-gruen-hellgruen\/"},"modified":"2024-10-06T00:04:45","modified_gmt":"2024-10-06T00:04:45","slug":"flasche-joluvi-filter-gruen-hellgruen","status":"publish","type":"product","link":"https:\/\/wildgear.itc-gmbh.shop\/fr\/product\/flasche-joluvi-filter-gruen-hellgruen\/","title":{"rendered":"Flasche Joluvi Filter gr\u00fcn Hellgr\u00fcn"},"content":{"rendered":"<p>Restez en forme et d\u00e9couvrez les derni\u00e8res innovations du secteur pour faire du sport dans les meilleures conditions ! Achetez <b>Flasche Joluvi Filter gr\u00fcn Hellgr\u00fcn<\/b> au meilleur prix et profitez d'une vie saine !<\/p>\n<ul>\n<li>couleur :\n<ul>\n<li>vert<\/li>\n<li>Hellgr\u00fcn<\/li>\n<\/ul>\n<\/li>\n<li>Type : Bouteille<\/li>\n<li>Sexe : Unisexe<\/li>\n<li>\u00c2ge recommand\u00e9 : Adulte<\/li>\n<li>Stil: Zeitgen\u00f6ssisch<\/li>\n<\/ul>","protected":false},"excerpt":{"rendered":"<p>Bleiben Sie in Form und entdecken Sie die neuesten Innovationen der Branche, um mit den besten Voraussetzungen Sport zu betreiben! Kaufen Sie Flasche Joluvi Filter gr\u00fcn Hellgr\u00fcn zum besten Preis und genie\u00dfen Sie ein gesundes Leben! Farbe: gr\u00fcn Hellgr\u00fcn Art: Flasche Geschlecht: Unisex Empfohlenes Alter: Erwachsene Stil: Zeitgen\u00f6ssisch<\/p>","protected":false},"featured_media":16937,"comment_status":"open","ping_status":"closed","template":"","meta":{"inline_featured_image":false},"product_brand":[],"product_cat":[181,185,180],"product_tag":[193,213,177,208],"class_list":{"0":"post-8091","1":"product","2":"type-product","3":"status-publish","4":"has-post-thumbnail","6":"product_cat-camping-und-berge","7":"product_cat-flaschen-und-feldflaschen","8":"product_cat-sport-freizeit","9":"product_tag-tag_25","10":"product_tag-tag_69","11":"product_tag-tag_3","12":"product_tag-tag_650","14":"first","15":"instock","16":"taxable","17":"shipping-taxable","18":"purchasable","19":"product-type-simple"},"aioseo_notices":[],"jetpack_sharing_enabled":true,"_links":{"self":[{"href":"https:\/\/wildgear.itc-gmbh.shop\/fr\/wp-json\/wp\/v2\/product\/8091","targetHints":{"allow":["GET"]}}],"collection":[{"href":"https:\/\/wildgear.itc-gmbh.shop\/fr\/wp-json\/wp\/v2\/product"}],"about":[{"href":"https:\/\/wildgear.itc-gmbh.shop\/fr\/wp-json\/wp\/v2\/types\/product"}],"replies":[{"embeddable":true,"href":"https:\/\/wildgear.itc-gmbh.shop\/fr\/wp-json\/wp\/v2\/comments?post=8091"}],"wp:featuredmedia":[{"embeddable":true,"href":"https:\/\/wildgear.itc-gmbh.shop\/fr\/wp-json\/wp\/v2\/media\/16937"}],"wp:attachment":[{"href":"https:\/\/wildgear.itc-gmbh.shop\/fr\/wp-json\/wp\/v2\/media?parent=8091"}],"wp:term":[{"taxonomy":"product_brand","embeddable":true,"href":"https:\/\/wildgear.itc-gmbh.shop\/fr\/wp-json\/wp\/v2\/product_brand?post=8091"},{"taxonomy":"product_cat","embeddable":true,"href":"https:\/\/wildgear.itc-gmbh.shop\/fr\/wp-json\/wp\/v2\/product_cat?post=8091"},{"taxonomy":"product_tag","embeddable":true,"href":"https:\/\/wildgear.itc-gmbh.shop\/fr\/wp-json\/wp\/v2\/product_tag?post=8091"}],"curies":[{"name":"wp","href":"https:\/\/api.w.org\/{rel}","templated":true}]}}