{"id":8220,"date":"2024-05-27T02:19:23","date_gmt":"2024-05-27T02:19:23","guid":{"rendered":"https:\/\/outdoor.itc-gmbh.shop\/product\/wasserflasche-laken-jannu-dunkelgrau-075-l\/"},"modified":"2024-10-06T00:06:07","modified_gmt":"2024-10-06T00:06:07","slug":"wasserflasche-laken-jannu-dunkelgrau-075-l","status":"publish","type":"product","link":"https:\/\/wildgear.itc-gmbh.shop\/fr\/product\/wasserflasche-laken-jannu-dunkelgrau-075-l\/","title":{"rendered":"Wasserflasche Laken Jannu Dunkelgrau (0,75 L)"},"content":{"rendered":"<p>Restez en forme et d\u00e9couvrez les derni\u00e8res innovations du secteur pour faire du sport dans les meilleures conditions ! Achetez <b>Wasserflasche Laken Jannu Dunkelgrau (0,75 L)<\/b> au meilleur prix et profitez d'une vie saine !<\/p>\n<ul>\n<li>Sexe : Unisexe<\/li>\n<li>\u00c2ge recommand\u00e9 : Adulte<\/li>\n<li>couleur :\n<ul>\n<li>Dunkelgrau<\/li>\n<li>Gris<\/li>\n<\/ul>\n<\/li>\n<li>Kapazit\u00e4t: 0,75 L<\/li>\n<li>Type : Bouteille d'eau<\/li>\n<li>Enthalten: St\u00f6psel<\/li>\n<li>Utilisation recommand\u00e9e : Unisexe pour adultes<\/li>\n<\/ul>","protected":false},"excerpt":{"rendered":"<p>Bleiben Sie in Form und entdecken Sie die neuesten Innovationen der Branche, um mit den besten Voraussetzungen Sport zu betreiben! Kaufen Sie Wasserflasche Laken Jannu Dunkelgrau (0,75 L) zum besten Preis und genie\u00dfen Sie ein gesundes Leben! Geschlecht: Unisex Empfohlenes Alter: Erwachsene Farbe: Dunkelgrau Grau Kapazit\u00e4t: 0,75 L Art: Wasserflasche Enthalten: St\u00f6psel Empfohlene verwendung: Unisex &hellip; <\/p>\n<p class=\"more-link-wrap\"><a href=\"https:\/\/wildgear.itc-gmbh.shop\/fr\/product\/wasserflasche-laken-jannu-dunkelgrau-075-l\/\" class=\"more-link\"><span>Read More<span class=\"screen-reader-text\"> &#8220;Wasserflasche Laken Jannu Dunkelgrau (0,75 L)&#8221;<\/span><\/span><\/a><\/p>","protected":false},"featured_media":17004,"comment_status":"open","ping_status":"closed","template":"","meta":{"inline_featured_image":false},"product_brand":[],"product_cat":[181,185,180],"product_tag":[177,178],"class_list":{"0":"post-8220","1":"product","2":"type-product","3":"status-publish","4":"has-post-thumbnail","6":"product_cat-camping-und-berge","7":"product_cat-flaschen-und-feldflaschen","8":"product_cat-sport-freizeit","9":"product_tag-tag_3","10":"product_tag-tag_17","12":"first","13":"outofstock","14":"taxable","15":"shipping-taxable","16":"purchasable","17":"product-type-simple"},"aioseo_notices":[],"jetpack_sharing_enabled":true,"_links":{"self":[{"href":"https:\/\/wildgear.itc-gmbh.shop\/fr\/wp-json\/wp\/v2\/product\/8220","targetHints":{"allow":["GET"]}}],"collection":[{"href":"https:\/\/wildgear.itc-gmbh.shop\/fr\/wp-json\/wp\/v2\/product"}],"about":[{"href":"https:\/\/wildgear.itc-gmbh.shop\/fr\/wp-json\/wp\/v2\/types\/product"}],"replies":[{"embeddable":true,"href":"https:\/\/wildgear.itc-gmbh.shop\/fr\/wp-json\/wp\/v2\/comments?post=8220"}],"wp:featuredmedia":[{"embeddable":true,"href":"https:\/\/wildgear.itc-gmbh.shop\/fr\/wp-json\/wp\/v2\/media\/17004"}],"wp:attachment":[{"href":"https:\/\/wildgear.itc-gmbh.shop\/fr\/wp-json\/wp\/v2\/media?parent=8220"}],"wp:term":[{"taxonomy":"product_brand","embeddable":true,"href":"https:\/\/wildgear.itc-gmbh.shop\/fr\/wp-json\/wp\/v2\/product_brand?post=8220"},{"taxonomy":"product_cat","embeddable":true,"href":"https:\/\/wildgear.itc-gmbh.shop\/fr\/wp-json\/wp\/v2\/product_cat?post=8220"},{"taxonomy":"product_tag","embeddable":true,"href":"https:\/\/wildgear.itc-gmbh.shop\/fr\/wp-json\/wp\/v2\/product_tag?post=8220"}],"curies":[{"name":"wp","href":"https:\/\/api.w.org\/{rel}","templated":true}]}}