{"id":8570,"date":"2024-05-27T02:24:26","date_gmt":"2024-05-27T02:24:26","guid":{"rendered":"https:\/\/outdoor.itc-gmbh.shop\/product\/flasche-the-paw-patrol-pup-power-530-ml-aluminium\/"},"modified":"2024-05-27T02:24:27","modified_gmt":"2024-05-27T02:24:27","slug":"flasche-the-paw-patrol-pup-power-530-ml-aluminium","status":"publish","type":"product","link":"https:\/\/wildgear.itc-gmbh.shop\/fr\/product\/flasche-the-paw-patrol-pup-power-530-ml-aluminium\/","title":{"rendered":"Flasche The Paw Patrol Pup Power 530 ml Aluminium"},"content":{"rendered":"<p>Si vous \u00eates passionn\u00e9 par <b>IT et \u00e9lectronique<\/b> Si vous voulez \u00eatre \u00e0 la pointe de la technologie et ne pas n\u00e9gliger les moindres d\u00e9tails, achetez <b>Flasche The Paw Patrol Pup Power 530 ml Aluminium<\/b>.<\/p>\n<ul>\n<li>Mat\u00e9riau : aluminium<\/li>\n<li>\u00c2ge recommand\u00e9 : + 3 ans<\/li>\n<li>Kapazit\u00e4t: 530 ml<\/li>\n<li>Art: Kantine<\/li>\n<\/ul>","protected":false},"excerpt":{"rendered":"<p>3.2623 &euro; \/ 100 ml<\/p>","protected":false},"featured_media":8569,"comment_status":"open","ping_status":"closed","template":"","meta":{"inline_featured_image":false},"product_brand":[],"product_cat":[181,185,180],"product_tag":[219,218,177,178],"class_list":{"0":"post-8570","1":"product","2":"type-product","3":"status-publish","4":"has-post-thumbnail","6":"product_cat-camping-und-berge","7":"product_cat-flaschen-und-feldflaschen","8":"product_cat-sport-freizeit","9":"product_tag-tag_664","10":"product_tag-tag_36","11":"product_tag-tag_3","12":"product_tag-tag_17","14":"first","15":"outofstock","16":"taxable","17":"shipping-taxable","18":"purchasable","19":"product-type-simple"},"aioseo_notices":[],"jetpack_sharing_enabled":true,"_links":{"self":[{"href":"https:\/\/wildgear.itc-gmbh.shop\/fr\/wp-json\/wp\/v2\/product\/8570","targetHints":{"allow":["GET"]}}],"collection":[{"href":"https:\/\/wildgear.itc-gmbh.shop\/fr\/wp-json\/wp\/v2\/product"}],"about":[{"href":"https:\/\/wildgear.itc-gmbh.shop\/fr\/wp-json\/wp\/v2\/types\/product"}],"replies":[{"embeddable":true,"href":"https:\/\/wildgear.itc-gmbh.shop\/fr\/wp-json\/wp\/v2\/comments?post=8570"}],"wp:featuredmedia":[{"embeddable":true,"href":"https:\/\/wildgear.itc-gmbh.shop\/fr\/wp-json\/wp\/v2\/media\/8569"}],"wp:attachment":[{"href":"https:\/\/wildgear.itc-gmbh.shop\/fr\/wp-json\/wp\/v2\/media?parent=8570"}],"wp:term":[{"taxonomy":"product_brand","embeddable":true,"href":"https:\/\/wildgear.itc-gmbh.shop\/fr\/wp-json\/wp\/v2\/product_brand?post=8570"},{"taxonomy":"product_cat","embeddable":true,"href":"https:\/\/wildgear.itc-gmbh.shop\/fr\/wp-json\/wp\/v2\/product_cat?post=8570"},{"taxonomy":"product_tag","embeddable":true,"href":"https:\/\/wildgear.itc-gmbh.shop\/fr\/wp-json\/wp\/v2\/product_tag?post=8570"}],"curies":[{"name":"wp","href":"https:\/\/api.w.org\/{rel}","templated":true}]}}