{"id":9468,"date":"2024-05-27T02:33:51","date_gmt":"2024-05-27T02:33:51","guid":{"rendered":"https:\/\/outdoor.itc-gmbh.shop\/product\/thermosflasche-rotpunkt-schwarz-dunkelblau-metall-edelstahl-kunststoff-1-l\/"},"modified":"2024-05-27T02:33:53","modified_gmt":"2024-05-27T02:33:53","slug":"thermosflasche-rotpunkt-schwarz-dunkelblau-metall-edelstahl-kunststoff-1-l","status":"publish","type":"product","link":"https:\/\/wildgear.itc-gmbh.shop\/fr\/product\/thermosflasche-rotpunkt-schwarz-dunkelblau-metall-edelstahl-kunststoff-1-l\/","title":{"rendered":"Thermos Point Rouge Noir Bleu fonc\u00e9 M\u00e9tal Acier inoxydable Plastique 1 L"},"content":{"rendered":"<p>Restez en forme et d\u00e9couvrez les derni\u00e8res innovations du secteur pour faire du sport dans les meilleures conditions ! Achetez <b>Thermos Point Rouge Noir Bleu fonc\u00e9 M\u00e9tal Acier inoxydable Plastique 1 L<\/b> au meilleur prix et profitez d'une vie saine !<\/p>\n<ul>\n<li>couleur :\n<ul>\n<li>Noir<\/li>\n<li>Bleu fonc\u00e9<\/li>\n<\/ul>\n<\/li>\n<li>mat\u00e9riel :\n<ul>\n<li>Plastique<\/li>\n<li>M\u00e9tal<\/li>\n<li>Acier inoxydable<\/li>\n<\/ul>\n<\/li>\n<li>Capacit\u00e9 : 1 L<\/li>\n<\/ul>","protected":false},"excerpt":{"rendered":"<p>Bleiben Sie in Form und entdecken Sie die neuesten Innovationen der Branche, um mit den besten Voraussetzungen Sport zu betreiben! Kaufen Sie Thermosflasche Rotpunkt Schwarz Dunkelblau Metall Edelstahl Kunststoff 1 L zum besten Preis und genie\u00dfen Sie ein gesundes Leben! Farbe: Schwarz Dunkelblau Material: Kunststoff Metall Edelstahl Kapazit\u00e4t: 1 L<\/p>","protected":false},"featured_media":9467,"comment_status":"open","ping_status":"closed","template":"","meta":{"inline_featured_image":false},"product_brand":[],"product_cat":[181,185,180],"product_tag":[177,178],"class_list":{"0":"post-9468","1":"product","2":"type-product","3":"status-publish","4":"has-post-thumbnail","6":"product_cat-camping-und-berge","7":"product_cat-flaschen-und-feldflaschen","8":"product_cat-sport-freizeit","9":"product_tag-tag_3","10":"product_tag-tag_17","12":"first","13":"outofstock","14":"taxable","15":"shipping-taxable","16":"purchasable","17":"product-type-simple"},"aioseo_notices":[],"jetpack_sharing_enabled":true,"_links":{"self":[{"href":"https:\/\/wildgear.itc-gmbh.shop\/fr\/wp-json\/wp\/v2\/product\/9468","targetHints":{"allow":["GET"]}}],"collection":[{"href":"https:\/\/wildgear.itc-gmbh.shop\/fr\/wp-json\/wp\/v2\/product"}],"about":[{"href":"https:\/\/wildgear.itc-gmbh.shop\/fr\/wp-json\/wp\/v2\/types\/product"}],"replies":[{"embeddable":true,"href":"https:\/\/wildgear.itc-gmbh.shop\/fr\/wp-json\/wp\/v2\/comments?post=9468"}],"wp:featuredmedia":[{"embeddable":true,"href":"https:\/\/wildgear.itc-gmbh.shop\/fr\/wp-json\/wp\/v2\/media\/9467"}],"wp:attachment":[{"href":"https:\/\/wildgear.itc-gmbh.shop\/fr\/wp-json\/wp\/v2\/media?parent=9468"}],"wp:term":[{"taxonomy":"product_brand","embeddable":true,"href":"https:\/\/wildgear.itc-gmbh.shop\/fr\/wp-json\/wp\/v2\/product_brand?post=9468"},{"taxonomy":"product_cat","embeddable":true,"href":"https:\/\/wildgear.itc-gmbh.shop\/fr\/wp-json\/wp\/v2\/product_cat?post=9468"},{"taxonomy":"product_tag","embeddable":true,"href":"https:\/\/wildgear.itc-gmbh.shop\/fr\/wp-json\/wp\/v2\/product_tag?post=9468"}],"curies":[{"name":"wp","href":"https:\/\/api.w.org\/{rel}","templated":true}]}}