{"id":9708,"date":"2024-05-27T02:37:00","date_gmt":"2024-05-27T02:37:00","guid":{"rendered":"https:\/\/outdoor.itc-gmbh.shop\/product\/wasserflasche-lav-mickey-12-l-12-stueck\/"},"modified":"2024-05-27T02:37:02","modified_gmt":"2024-05-27T02:37:02","slug":"wasserflasche-lav-mickey-12-l-12-stueck","status":"publish","type":"product","link":"https:\/\/wildgear.itc-gmbh.shop\/fr\/product\/wasserflasche-lav-mickey-12-l-12-stueck\/","title":{"rendered":"Wasserflasche LAV Mickey 1,2 L (12 St\u00fcck)"},"content":{"rendered":"<p>Retournez au bureau sans oublier de d\u00e9tails : Acheter <b>Wasserflasche LAV Mickey 1,2 L (12 St\u00fcck)<\/b> et soyez l'envie de vos coll\u00e8gues !<\/p>\n<ul>\n<li>Type : Bouteille d'eau<\/li>\n<li>Pi\u00e8ces : 12 pi\u00e8ces<\/li>\n<li>Kapazit\u00e4t: 1,2 L<\/li>\n<\/ul>","protected":false},"excerpt":{"rendered":"<p>Gehen Sie zur\u00fcck ins B\u00fcro, ohne Details zu vergessen: Kaufen Sie Wasserflasche LAV Mickey 1,2 L (12 St\u00fcck) und seien Sie der Neid Ihrer Kollegen! Art: Wasserflasche St\u00fcck: 12 St\u00fcck Kapazit\u00e4t: 1,2 L<\/p>","protected":false},"featured_media":9707,"comment_status":"open","ping_status":"closed","template":"","meta":{"inline_featured_image":false},"product_brand":[],"product_cat":[181,185,180],"product_tag":[476,209,213,177,478,208],"class_list":{"0":"post-9708","1":"product","2":"type-product","3":"status-publish","4":"has-post-thumbnail","6":"product_cat-camping-und-berge","7":"product_cat-flaschen-und-feldflaschen","8":"product_cat-sport-freizeit","9":"product_tag-tag_933","10":"product_tag-tag_768","11":"product_tag-tag_69","12":"product_tag-tag_3","13":"product_tag-tag_71","14":"product_tag-tag_650","16":"first","17":"outofstock","18":"taxable","19":"shipping-taxable","20":"purchasable","21":"product-type-simple"},"aioseo_notices":[],"jetpack_sharing_enabled":true,"_links":{"self":[{"href":"https:\/\/wildgear.itc-gmbh.shop\/fr\/wp-json\/wp\/v2\/product\/9708","targetHints":{"allow":["GET"]}}],"collection":[{"href":"https:\/\/wildgear.itc-gmbh.shop\/fr\/wp-json\/wp\/v2\/product"}],"about":[{"href":"https:\/\/wildgear.itc-gmbh.shop\/fr\/wp-json\/wp\/v2\/types\/product"}],"replies":[{"embeddable":true,"href":"https:\/\/wildgear.itc-gmbh.shop\/fr\/wp-json\/wp\/v2\/comments?post=9708"}],"wp:featuredmedia":[{"embeddable":true,"href":"https:\/\/wildgear.itc-gmbh.shop\/fr\/wp-json\/wp\/v2\/media\/9707"}],"wp:attachment":[{"href":"https:\/\/wildgear.itc-gmbh.shop\/fr\/wp-json\/wp\/v2\/media?parent=9708"}],"wp:term":[{"taxonomy":"product_brand","embeddable":true,"href":"https:\/\/wildgear.itc-gmbh.shop\/fr\/wp-json\/wp\/v2\/product_brand?post=9708"},{"taxonomy":"product_cat","embeddable":true,"href":"https:\/\/wildgear.itc-gmbh.shop\/fr\/wp-json\/wp\/v2\/product_cat?post=9708"},{"taxonomy":"product_tag","embeddable":true,"href":"https:\/\/wildgear.itc-gmbh.shop\/fr\/wp-json\/wp\/v2\/product_tag?post=9708"}],"curies":[{"name":"wp","href":"https:\/\/api.w.org\/{rel}","templated":true}]}}