{"id":9742,"date":"2024-05-27T02:37:29","date_gmt":"2024-05-27T02:37:29","guid":{"rendered":"https:\/\/outdoor.itc-gmbh.shop\/product\/wasserflasche-bewinner-aluminium-500-ml-65-x-21-cm-12-stueck-500-ml\/"},"modified":"2024-05-27T02:37:31","modified_gmt":"2024-05-27T02:37:31","slug":"wasserflasche-bewinner-aluminium-500-ml-65-x-21-cm-12-stueck-500-ml","status":"publish","type":"product","link":"https:\/\/wildgear.itc-gmbh.shop\/fr\/product\/wasserflasche-bewinner-aluminium-500-ml-65-x-21-cm-12-stueck-500-ml\/","title":{"rendered":"Wasserflasche Bewinner Aluminium 500 ml 6,5 x 21 cm (12 St\u00fcck) (500 ml)"},"content":{"rendered":"<p>Restez en forme et d\u00e9couvrez les derni\u00e8res innovations du secteur pour faire du sport dans les meilleures conditions ! Achetez <b>Wasserflasche Bewinner Aluminium 500 ml 6,5 x 21 cm (12 St\u00fcck) (500 ml)<\/b> au meilleur prix et profitez d'une vie saine !<\/p>\n<ul>\n<li>Capacit\u00e9 : 500 ml<\/li>\n<li>Art: Sport<\/li>\n<li>Mat\u00e9riau : aluminium<\/li>\n<li>Informations importantes : Diff\u00e9rents designs. Envoi al\u00e9atoire et en fonction des stocks<\/li>\n<li>Couleur : Jaune<\/li>\n<li>Pi\u00e8ces : 12 pi\u00e8ces<\/li>\n<li>Ma\u00dfe ca.: 6,5 x 21 cm<\/li>\n<\/ul>","protected":false},"excerpt":{"rendered":"<p>Bleiben Sie in Form und entdecken Sie die neuesten Innovationen der Branche, um mit den besten Voraussetzungen Sport zu betreiben! Kaufen Sie Wasserflasche Bewinner Aluminium 500 ml 6,5 x 21 cm (12 St\u00fcck) (500 ml) zum besten Preis und genie\u00dfen Sie ein gesundes Leben! Kapazit\u00e4t: 500 ml Art: Sport Material: Aluminium Wichtige informationen: Verschiedene Designs. &hellip; <\/p>\n<p class=\"more-link-wrap\"><a href=\"https:\/\/wildgear.itc-gmbh.shop\/fr\/product\/wasserflasche-bewinner-aluminium-500-ml-65-x-21-cm-12-stueck-500-ml\/\" class=\"more-link\"><span>Read More<span class=\"screen-reader-text\"> &#8220;Wasserflasche Bewinner Aluminium 500 ml 6,5 x 21 cm (12 St\u00fcck) (500 ml)&#8221;<\/span><\/span><\/a><\/p>","protected":false},"featured_media":9741,"comment_status":"open","ping_status":"closed","template":"","meta":{"inline_featured_image":false},"product_brand":[],"product_cat":[181,185,180],"product_tag":[177,178],"class_list":{"0":"post-9742","1":"product","2":"type-product","3":"status-publish","4":"has-post-thumbnail","6":"product_cat-camping-und-berge","7":"product_cat-flaschen-und-feldflaschen","8":"product_cat-sport-freizeit","9":"product_tag-tag_3","10":"product_tag-tag_17","12":"first","13":"outofstock","14":"taxable","15":"shipping-taxable","16":"purchasable","17":"product-type-simple"},"aioseo_notices":[],"jetpack_sharing_enabled":true,"_links":{"self":[{"href":"https:\/\/wildgear.itc-gmbh.shop\/fr\/wp-json\/wp\/v2\/product\/9742","targetHints":{"allow":["GET"]}}],"collection":[{"href":"https:\/\/wildgear.itc-gmbh.shop\/fr\/wp-json\/wp\/v2\/product"}],"about":[{"href":"https:\/\/wildgear.itc-gmbh.shop\/fr\/wp-json\/wp\/v2\/types\/product"}],"replies":[{"embeddable":true,"href":"https:\/\/wildgear.itc-gmbh.shop\/fr\/wp-json\/wp\/v2\/comments?post=9742"}],"wp:featuredmedia":[{"embeddable":true,"href":"https:\/\/wildgear.itc-gmbh.shop\/fr\/wp-json\/wp\/v2\/media\/9741"}],"wp:attachment":[{"href":"https:\/\/wildgear.itc-gmbh.shop\/fr\/wp-json\/wp\/v2\/media?parent=9742"}],"wp:term":[{"taxonomy":"product_brand","embeddable":true,"href":"https:\/\/wildgear.itc-gmbh.shop\/fr\/wp-json\/wp\/v2\/product_brand?post=9742"},{"taxonomy":"product_cat","embeddable":true,"href":"https:\/\/wildgear.itc-gmbh.shop\/fr\/wp-json\/wp\/v2\/product_cat?post=9742"},{"taxonomy":"product_tag","embeddable":true,"href":"https:\/\/wildgear.itc-gmbh.shop\/fr\/wp-json\/wp\/v2\/product_tag?post=9742"}],"curies":[{"name":"wp","href":"https:\/\/api.w.org\/{rel}","templated":true}]}}