{"id":9807,"date":"2024-05-27T02:38:24","date_gmt":"2024-05-27T02:38:24","guid":{"rendered":"https:\/\/outdoor.itc-gmbh.shop\/product\/thermosflasche-thermosport-soft-touch-1-l-6-stueck\/"},"modified":"2024-05-27T02:38:26","modified_gmt":"2024-05-27T02:38:26","slug":"thermosflasche-thermosport-soft-touch-1-l-6-stueck","status":"publish","type":"product","link":"https:\/\/wildgear.itc-gmbh.shop\/fr\/product\/thermosflasche-thermosport-soft-touch-1-l-6-stueck\/","title":{"rendered":"Thermosflasche ThermoSport Soft Touch 1 L (6 St\u00fcck)"},"content":{"rendered":"<p>Restez en forme et d\u00e9couvrez les derni\u00e8res innovations du secteur pour faire du sport dans les meilleures conditions ! Achetez <b>Thermosflasche ThermoSport Soft Touch 1 L (6 St\u00fcck)<\/b> au meilleur prix et profitez d'une vie saine !<\/p>\n<ul>\n<li>Informations importantes : Diff\u00e9rents designs. Envoi al\u00e9atoire et en fonction des stocks<\/li>\n<li>Type : Bouteille<\/li>\n<li>Merkmale: Soft Touch<\/li>\n<li>pi\u00e8ces : 6 pi\u00e8ces<\/li>\n<li>Capacit\u00e9 : 1 L<\/li>\n<\/ul>","protected":false},"excerpt":{"rendered":"<p>Bleiben Sie in Form und entdecken Sie die neuesten Innovationen der Branche, um mit den besten Voraussetzungen Sport zu betreiben! Kaufen Sie Thermosflasche ThermoSport Soft Touch 1 L (6 St\u00fcck) zum besten Preis und genie\u00dfen Sie ein gesundes Leben! Wichtige informationen: Verschiedene Designs. Versand nach Zufallsprinzip und vom Bestand abh\u00e4ngig Art: Flasche Merkmale: Soft Touch &hellip; <\/p>\n<p class=\"more-link-wrap\"><a href=\"https:\/\/wildgear.itc-gmbh.shop\/fr\/product\/thermosflasche-thermosport-soft-touch-1-l-6-stueck\/\" class=\"more-link\"><span>Read More<span class=\"screen-reader-text\"> &#8220;Thermosflasche ThermoSport Soft Touch 1 L (6 St\u00fcck)&#8221;<\/span><\/span><\/a><\/p>","protected":false},"featured_media":9806,"comment_status":"open","ping_status":"closed","template":"","meta":{"inline_featured_image":false},"product_brand":[],"product_cat":[181,185,180],"product_tag":[177,178],"class_list":{"0":"post-9807","1":"product","2":"type-product","3":"status-publish","4":"has-post-thumbnail","6":"product_cat-camping-und-berge","7":"product_cat-flaschen-und-feldflaschen","8":"product_cat-sport-freizeit","9":"product_tag-tag_3","10":"product_tag-tag_17","12":"first","13":"instock","14":"taxable","15":"shipping-taxable","16":"purchasable","17":"product-type-simple"},"aioseo_notices":[],"jetpack_sharing_enabled":true,"_links":{"self":[{"href":"https:\/\/wildgear.itc-gmbh.shop\/fr\/wp-json\/wp\/v2\/product\/9807","targetHints":{"allow":["GET"]}}],"collection":[{"href":"https:\/\/wildgear.itc-gmbh.shop\/fr\/wp-json\/wp\/v2\/product"}],"about":[{"href":"https:\/\/wildgear.itc-gmbh.shop\/fr\/wp-json\/wp\/v2\/types\/product"}],"replies":[{"embeddable":true,"href":"https:\/\/wildgear.itc-gmbh.shop\/fr\/wp-json\/wp\/v2\/comments?post=9807"}],"wp:featuredmedia":[{"embeddable":true,"href":"https:\/\/wildgear.itc-gmbh.shop\/fr\/wp-json\/wp\/v2\/media\/9806"}],"wp:attachment":[{"href":"https:\/\/wildgear.itc-gmbh.shop\/fr\/wp-json\/wp\/v2\/media?parent=9807"}],"wp:term":[{"taxonomy":"product_brand","embeddable":true,"href":"https:\/\/wildgear.itc-gmbh.shop\/fr\/wp-json\/wp\/v2\/product_brand?post=9807"},{"taxonomy":"product_cat","embeddable":true,"href":"https:\/\/wildgear.itc-gmbh.shop\/fr\/wp-json\/wp\/v2\/product_cat?post=9807"},{"taxonomy":"product_tag","embeddable":true,"href":"https:\/\/wildgear.itc-gmbh.shop\/fr\/wp-json\/wp\/v2\/product_tag?post=9807"}],"curies":[{"name":"wp","href":"https:\/\/api.w.org\/{rel}","templated":true}]}}