{"id":9813,"date":"2024-05-27T02:38:29","date_gmt":"2024-05-27T02:38:29","guid":{"rendered":"https:\/\/outdoor.itc-gmbh.shop\/product\/karaffe-eda-wasserhahn-extrastarke-20-l-36-x-17-x-44-cm-5-stueck\/"},"modified":"2024-05-27T02:38:30","modified_gmt":"2024-05-27T02:38:30","slug":"karaffe-eda-wasserhahn-extrastarke-20-l-36-x-17-x-44-cm-5-stueck","status":"publish","type":"product","link":"https:\/\/wildgear.itc-gmbh.shop\/fr\/product\/karaffe-eda-wasserhahn-extrastarke-20-l-36-x-17-x-44-cm-5-stueck\/","title":{"rendered":"Karaffe EDA Wasserhahn Extrastarke 20 L 36 x 17 x 44 cm (5 St\u00fcck)"},"content":{"rendered":"<p>Si vous accordez de l'importance aux d\u00e9tails dans l'am\u00e9nagement de votre maison et que vous souhaitez \u00eatre \u00e0 la pointe des produits qui vous facilitent la vie, alors achetez <b>Karaffe EDA Wasserhahn Extrastarke 20 L 36 x 17 x 44 cm (5 St\u00fcck)<\/b> au meilleur prix.<\/p>\n<ul>\n<li>Caract\u00e9ristiques :\n<ul>\n<li>Wasserhahn<\/li>\n<li>Extrastarke<\/li>\n<\/ul>\n<\/li>\n<li>Art: Garten<\/li>\n<li>St\u00fcck: 5 St\u00fcck<\/li>\n<li>Enthalten: Wasserhahn<\/li>\n<li>Kapazit\u00e4t: 20 L<\/li>\n<li>Ma\u00dfe ca.: 36 x 17 x 44 cm<\/li>\n<\/ul>","protected":false},"excerpt":{"rendered":"<p>Wenn Sie bei der Einrichtung ihres Heims Wert auf Details legen und bei Produkten, die Ihnen das Leben leichter machen, auf dem letzten Stand sein m\u00f6chten, dann kaufen Sie Karaffe EDA Wasserhahn Extrastarke 20 L 36 x 17 x 44 cm (5 St\u00fcck) zum besten Preis. Merkmale: Wasserhahn Extrastarke Art: Garten St\u00fcck: 5 St\u00fcck Enthalten: &hellip; <\/p>\n<p class=\"more-link-wrap\"><a href=\"https:\/\/wildgear.itc-gmbh.shop\/fr\/product\/karaffe-eda-wasserhahn-extrastarke-20-l-36-x-17-x-44-cm-5-stueck\/\" class=\"more-link\"><span>Read More<span class=\"screen-reader-text\"> &#8220;Karaffe EDA Wasserhahn Extrastarke 20 L 36 x 17 x 44 cm (5 St\u00fcck)&#8221;<\/span><\/span><\/a><\/p>","protected":false},"featured_media":9812,"comment_status":"open","ping_status":"closed","template":"","meta":{"inline_featured_image":false},"product_brand":[],"product_cat":[181,185,565,180],"product_tag":[193,197],"class_list":{"0":"post-9813","1":"product","2":"type-product","3":"status-publish","4":"has-post-thumbnail","6":"product_cat-camping-und-berge","7":"product_cat-flaschen-und-feldflaschen","8":"product_cat-kuche-gourmet","9":"product_cat-sport-freizeit","10":"product_tag-tag_25","11":"product_tag-tag_10","13":"first","14":"instock","15":"taxable","16":"shipping-taxable","17":"purchasable","18":"product-type-simple"},"aioseo_notices":[],"jetpack_sharing_enabled":true,"_links":{"self":[{"href":"https:\/\/wildgear.itc-gmbh.shop\/fr\/wp-json\/wp\/v2\/product\/9813","targetHints":{"allow":["GET"]}}],"collection":[{"href":"https:\/\/wildgear.itc-gmbh.shop\/fr\/wp-json\/wp\/v2\/product"}],"about":[{"href":"https:\/\/wildgear.itc-gmbh.shop\/fr\/wp-json\/wp\/v2\/types\/product"}],"replies":[{"embeddable":true,"href":"https:\/\/wildgear.itc-gmbh.shop\/fr\/wp-json\/wp\/v2\/comments?post=9813"}],"wp:featuredmedia":[{"embeddable":true,"href":"https:\/\/wildgear.itc-gmbh.shop\/fr\/wp-json\/wp\/v2\/media\/9812"}],"wp:attachment":[{"href":"https:\/\/wildgear.itc-gmbh.shop\/fr\/wp-json\/wp\/v2\/media?parent=9813"}],"wp:term":[{"taxonomy":"product_brand","embeddable":true,"href":"https:\/\/wildgear.itc-gmbh.shop\/fr\/wp-json\/wp\/v2\/product_brand?post=9813"},{"taxonomy":"product_cat","embeddable":true,"href":"https:\/\/wildgear.itc-gmbh.shop\/fr\/wp-json\/wp\/v2\/product_cat?post=9813"},{"taxonomy":"product_tag","embeddable":true,"href":"https:\/\/wildgear.itc-gmbh.shop\/fr\/wp-json\/wp\/v2\/product_tag?post=9813"}],"curies":[{"name":"wp","href":"https:\/\/api.w.org\/{rel}","templated":true}]}}