{"id":9836,"date":"2024-05-27T02:38:48","date_gmt":"2024-05-27T02:38:48","guid":{"rendered":"https:\/\/outdoor.itc-gmbh.shop\/product\/thermosflasche-stanley-quick-flip-neongruen-700-ml\/"},"modified":"2024-05-27T02:38:51","modified_gmt":"2024-05-27T02:38:51","slug":"thermosflasche-stanley-quick-flip-neongruen-700-ml","status":"publish","type":"product","link":"https:\/\/wildgear.itc-gmbh.shop\/fr\/product\/thermosflasche-stanley-quick-flip-neongruen-700-ml\/","title":{"rendered":"Thermosflasche Stanley Quick Flip Neongr\u00fcn 700 ml"},"content":{"rendered":"<p>Retournez au bureau sans oublier de d\u00e9tails : Acheter <b>Thermosflasche Stanley Quick Flip Neongr\u00fcn 700 ml<\/b> et soyez l'envie de vos coll\u00e8gues !<\/p>\n<ul>\n<li>Mat\u00e9riau : acier inoxydable<\/li>\n<li>Caract\u00e9ristiques :\n<ul>\n<li>Fermeture herm\u00e9tique<\/li>\n<li>Isolation thermique<\/li>\n<\/ul>\n<\/li>\n<li>Farbe: Neongr\u00fcn<\/li>\n<li>Capacit\u00e9 : 700 ml<\/li>\n<li>Type : Bouteille d'eau<\/li>\n<\/ul>","protected":false},"excerpt":{"rendered":"<p>7.1157 &euro; \/ 100 ml<\/p>","protected":false},"featured_media":9835,"comment_status":"open","ping_status":"closed","template":"","meta":{"inline_featured_image":false},"product_brand":[],"product_cat":[181,185,180],"product_tag":[177,178],"class_list":{"0":"post-9836","1":"product","2":"type-product","3":"status-publish","4":"has-post-thumbnail","6":"product_cat-camping-und-berge","7":"product_cat-flaschen-und-feldflaschen","8":"product_cat-sport-freizeit","9":"product_tag-tag_3","10":"product_tag-tag_17","12":"first","13":"outofstock","14":"taxable","15":"shipping-taxable","16":"purchasable","17":"product-type-simple"},"aioseo_notices":[],"jetpack_sharing_enabled":true,"_links":{"self":[{"href":"https:\/\/wildgear.itc-gmbh.shop\/fr\/wp-json\/wp\/v2\/product\/9836","targetHints":{"allow":["GET"]}}],"collection":[{"href":"https:\/\/wildgear.itc-gmbh.shop\/fr\/wp-json\/wp\/v2\/product"}],"about":[{"href":"https:\/\/wildgear.itc-gmbh.shop\/fr\/wp-json\/wp\/v2\/types\/product"}],"replies":[{"embeddable":true,"href":"https:\/\/wildgear.itc-gmbh.shop\/fr\/wp-json\/wp\/v2\/comments?post=9836"}],"wp:featuredmedia":[{"embeddable":true,"href":"https:\/\/wildgear.itc-gmbh.shop\/fr\/wp-json\/wp\/v2\/media\/9835"}],"wp:attachment":[{"href":"https:\/\/wildgear.itc-gmbh.shop\/fr\/wp-json\/wp\/v2\/media?parent=9836"}],"wp:term":[{"taxonomy":"product_brand","embeddable":true,"href":"https:\/\/wildgear.itc-gmbh.shop\/fr\/wp-json\/wp\/v2\/product_brand?post=9836"},{"taxonomy":"product_cat","embeddable":true,"href":"https:\/\/wildgear.itc-gmbh.shop\/fr\/wp-json\/wp\/v2\/product_cat?post=9836"},{"taxonomy":"product_tag","embeddable":true,"href":"https:\/\/wildgear.itc-gmbh.shop\/fr\/wp-json\/wp\/v2\/product_tag?post=9836"}],"curies":[{"name":"wp","href":"https:\/\/api.w.org\/{rel}","templated":true}]}}