{"id":9899,"date":"2024-05-27T02:39:36","date_gmt":"2024-05-27T02:39:36","guid":{"rendered":"https:\/\/outdoor.itc-gmbh.shop\/product\/wasserflasche-the-avengers-cz11265-taegliche-anwendung-560-ml-rot-kunststoff\/"},"modified":"2024-05-27T02:39:39","modified_gmt":"2024-05-27T02:39:39","slug":"wasserflasche-the-avengers-cz11265-taegliche-anwendung-560-ml-rot-kunststoff","status":"publish","type":"product","link":"https:\/\/wildgear.itc-gmbh.shop\/fr\/product\/wasserflasche-the-avengers-cz11265-taegliche-anwendung-560-ml-rot-kunststoff\/","title":{"rendered":"Wasserflasche The Avengers CZ11265 T\u00e4gliche Anwendung 560 ml Rot Kunststoff"},"content":{"rendered":"<p>Retournez au bureau sans oublier de d\u00e9tails : Acheter <b>Wasserflasche The Avengers CZ11265 T\u00e4gliche Anwendung 560 ml Rot Kunststoff<\/b> et soyez l'envie de vos coll\u00e8gues !<\/p>\n<ul>\n<li>Art :\n<ul>\n<li>Utilisation quotidienne<\/li>\n<li>Wasserflasche<\/li>\n<\/ul>\n<\/li>\n<li>Kapazit\u00e4t: 560 ml<\/li>\n<li>Couleur : rouge<\/li>\n<li>Mat\u00e9riau : plastique<\/li>\n<\/ul>","protected":false},"excerpt":{"rendered":"<p>3.6196 &euro; \/ 100 ml<\/p>","protected":false},"featured_media":9898,"comment_status":"open","ping_status":"closed","template":"","meta":{"inline_featured_image":false},"product_brand":[],"product_cat":[181,185,180],"product_tag":[476,209,213,219,218,177,478,208],"class_list":{"0":"post-9899","1":"product","2":"type-product","3":"status-publish","4":"has-post-thumbnail","6":"product_cat-camping-und-berge","7":"product_cat-flaschen-und-feldflaschen","8":"product_cat-sport-freizeit","9":"product_tag-tag_933","10":"product_tag-tag_768","11":"product_tag-tag_69","12":"product_tag-tag_664","13":"product_tag-tag_36","14":"product_tag-tag_3","15":"product_tag-tag_71","16":"product_tag-tag_650","18":"first","19":"instock","20":"taxable","21":"shipping-taxable","22":"purchasable","23":"product-type-simple"},"aioseo_notices":[],"jetpack_sharing_enabled":true,"_links":{"self":[{"href":"https:\/\/wildgear.itc-gmbh.shop\/fr\/wp-json\/wp\/v2\/product\/9899","targetHints":{"allow":["GET"]}}],"collection":[{"href":"https:\/\/wildgear.itc-gmbh.shop\/fr\/wp-json\/wp\/v2\/product"}],"about":[{"href":"https:\/\/wildgear.itc-gmbh.shop\/fr\/wp-json\/wp\/v2\/types\/product"}],"replies":[{"embeddable":true,"href":"https:\/\/wildgear.itc-gmbh.shop\/fr\/wp-json\/wp\/v2\/comments?post=9899"}],"wp:featuredmedia":[{"embeddable":true,"href":"https:\/\/wildgear.itc-gmbh.shop\/fr\/wp-json\/wp\/v2\/media\/9898"}],"wp:attachment":[{"href":"https:\/\/wildgear.itc-gmbh.shop\/fr\/wp-json\/wp\/v2\/media?parent=9899"}],"wp:term":[{"taxonomy":"product_brand","embeddable":true,"href":"https:\/\/wildgear.itc-gmbh.shop\/fr\/wp-json\/wp\/v2\/product_brand?post=9899"},{"taxonomy":"product_cat","embeddable":true,"href":"https:\/\/wildgear.itc-gmbh.shop\/fr\/wp-json\/wp\/v2\/product_cat?post=9899"},{"taxonomy":"product_tag","embeddable":true,"href":"https:\/\/wildgear.itc-gmbh.shop\/fr\/wp-json\/wp\/v2\/product_tag?post=9899"}],"curies":[{"name":"wp","href":"https:\/\/api.w.org\/{rel}","templated":true}]}}