{"id":9975,"date":"2024-05-27T02:40:44","date_gmt":"2024-05-27T02:40:44","guid":{"rendered":"https:\/\/outdoor.itc-gmbh.shop\/product\/flasche-stitch-palms-430-ml-fuer-kinder\/"},"modified":"2024-05-27T02:40:45","modified_gmt":"2024-05-27T02:40:45","slug":"flasche-stitch-palms-430-ml-fuer-kinder","status":"publish","type":"product","link":"https:\/\/wildgear.itc-gmbh.shop\/fr\/product\/flasche-stitch-palms-430-ml-fuer-kinder\/","title":{"rendered":"Flasche Stitch Palms 430 ml F\u00fcr Kinder"},"content":{"rendered":"<p>Retournez au bureau sans oublier de d\u00e9tails : Acheter <b>Flasche Stitch Palms 430 ml F\u00fcr Kinder<\/b> et soyez l'envie de vos coll\u00e8gues !<\/p>\n<ul>\n<li>Capacit\u00e9 : 430 ml<\/li>\n<li>Type : Bouteille<\/li>\n<li>Sexe : Pour enfants<\/li>\n<\/ul>","protected":false},"excerpt":{"rendered":"<p>Gehen Sie zur\u00fcck ins B\u00fcro, ohne Details zu vergessen: Kaufen Sie Flasche Stitch Palms 430 ml F\u00fcr Kinder und seien Sie der Neid Ihrer Kollegen! Kapazit\u00e4t: 430 ml Art: Flasche Geschlecht: F\u00fcr Kinder<\/p>","protected":false},"featured_media":9974,"comment_status":"open","ping_status":"closed","template":"","meta":{"inline_featured_image":false},"product_brand":[],"product_cat":[181,185,180],"product_tag":[476,209,213,219,218,177,478,208],"class_list":{"0":"post-9975","1":"product","2":"type-product","3":"status-publish","4":"has-post-thumbnail","6":"product_cat-camping-und-berge","7":"product_cat-flaschen-und-feldflaschen","8":"product_cat-sport-freizeit","9":"product_tag-tag_933","10":"product_tag-tag_768","11":"product_tag-tag_69","12":"product_tag-tag_664","13":"product_tag-tag_36","14":"product_tag-tag_3","15":"product_tag-tag_71","16":"product_tag-tag_650","18":"first","19":"outofstock","20":"taxable","21":"shipping-taxable","22":"purchasable","23":"product-type-simple"},"aioseo_notices":[],"jetpack_sharing_enabled":true,"_links":{"self":[{"href":"https:\/\/wildgear.itc-gmbh.shop\/fr\/wp-json\/wp\/v2\/product\/9975","targetHints":{"allow":["GET"]}}],"collection":[{"href":"https:\/\/wildgear.itc-gmbh.shop\/fr\/wp-json\/wp\/v2\/product"}],"about":[{"href":"https:\/\/wildgear.itc-gmbh.shop\/fr\/wp-json\/wp\/v2\/types\/product"}],"replies":[{"embeddable":true,"href":"https:\/\/wildgear.itc-gmbh.shop\/fr\/wp-json\/wp\/v2\/comments?post=9975"}],"wp:featuredmedia":[{"embeddable":true,"href":"https:\/\/wildgear.itc-gmbh.shop\/fr\/wp-json\/wp\/v2\/media\/9974"}],"wp:attachment":[{"href":"https:\/\/wildgear.itc-gmbh.shop\/fr\/wp-json\/wp\/v2\/media?parent=9975"}],"wp:term":[{"taxonomy":"product_brand","embeddable":true,"href":"https:\/\/wildgear.itc-gmbh.shop\/fr\/wp-json\/wp\/v2\/product_brand?post=9975"},{"taxonomy":"product_cat","embeddable":true,"href":"https:\/\/wildgear.itc-gmbh.shop\/fr\/wp-json\/wp\/v2\/product_cat?post=9975"},{"taxonomy":"product_tag","embeddable":true,"href":"https:\/\/wildgear.itc-gmbh.shop\/fr\/wp-json\/wp\/v2\/product_tag?post=9975"}],"curies":[{"name":"wp","href":"https:\/\/api.w.org\/{rel}","templated":true}]}}