{"id":10068,"date":"2024-05-27T02:42:06","date_gmt":"2024-05-27T02:42:06","guid":{"rendered":"https:\/\/outdoor.itc-gmbh.shop\/product\/flasche-pokemon-thundertruck-kunststoff-660-ml\/"},"modified":"2024-05-27T02:42:07","modified_gmt":"2024-05-27T02:42:07","slug":"flasche-pokemon-thundertruck-kunststoff-660-ml","status":"publish","type":"product","link":"https:\/\/wildgear.itc-gmbh.shop\/it\/product\/flasche-pokemon-thundertruck-kunststoff-660-ml\/","title":{"rendered":"Flasche Pok\u00e9mon Thundertruck Kunststoff 660 ml"},"content":{"rendered":"<p>Tornate in ufficio senza dimenticare alcun dettaglio: Acquistare <b>Flasche Pok\u00e9mon Thundertruck Kunststoff 660 ml<\/b> e sarete l'invidia dei vostri colleghi!<\/p>\n<ul>\n<li>Tipo: Bottiglia<\/li>\n<li>Capacit\u00e0: 660 ml<\/li>\n<li>Materiale: plastica<\/li>\n<\/ul>","protected":false},"excerpt":{"rendered":"<p>Gehen Sie zur\u00fcck ins B\u00fcro, ohne Details zu vergessen: Kaufen Sie Flasche Pok\u00e9mon Thundertruck Kunststoff 660 ml und seien Sie der Neid Ihrer Kollegen! Art: Flasche Kapazit\u00e4t: 660 ml Material: Kunststoff<\/p>","protected":false},"featured_media":10067,"comment_status":"open","ping_status":"closed","template":"","meta":{"inline_featured_image":false},"product_brand":[],"product_cat":[181,185,180],"product_tag":[476,209,213,177,478,208],"class_list":{"0":"post-10068","1":"product","2":"type-product","3":"status-publish","4":"has-post-thumbnail","6":"product_cat-camping-und-berge","7":"product_cat-flaschen-und-feldflaschen","8":"product_cat-sport-freizeit","9":"product_tag-tag_933","10":"product_tag-tag_768","11":"product_tag-tag_69","12":"product_tag-tag_3","13":"product_tag-tag_71","14":"product_tag-tag_650","16":"first","17":"outofstock","18":"taxable","19":"shipping-taxable","20":"purchasable","21":"product-type-simple"},"aioseo_notices":[],"jetpack_sharing_enabled":true,"_links":{"self":[{"href":"https:\/\/wildgear.itc-gmbh.shop\/it\/wp-json\/wp\/v2\/product\/10068","targetHints":{"allow":["GET"]}}],"collection":[{"href":"https:\/\/wildgear.itc-gmbh.shop\/it\/wp-json\/wp\/v2\/product"}],"about":[{"href":"https:\/\/wildgear.itc-gmbh.shop\/it\/wp-json\/wp\/v2\/types\/product"}],"replies":[{"embeddable":true,"href":"https:\/\/wildgear.itc-gmbh.shop\/it\/wp-json\/wp\/v2\/comments?post=10068"}],"wp:featuredmedia":[{"embeddable":true,"href":"https:\/\/wildgear.itc-gmbh.shop\/it\/wp-json\/wp\/v2\/media\/10067"}],"wp:attachment":[{"href":"https:\/\/wildgear.itc-gmbh.shop\/it\/wp-json\/wp\/v2\/media?parent=10068"}],"wp:term":[{"taxonomy":"product_brand","embeddable":true,"href":"https:\/\/wildgear.itc-gmbh.shop\/it\/wp-json\/wp\/v2\/product_brand?post=10068"},{"taxonomy":"product_cat","embeddable":true,"href":"https:\/\/wildgear.itc-gmbh.shop\/it\/wp-json\/wp\/v2\/product_cat?post=10068"},{"taxonomy":"product_tag","embeddable":true,"href":"https:\/\/wildgear.itc-gmbh.shop\/it\/wp-json\/wp\/v2\/product_tag?post=10068"}],"curies":[{"name":"wp","href":"https:\/\/api.w.org\/{rel}","templated":true}]}}