{"id":10083,"date":"2024-05-27T02:42:22","date_gmt":"2024-05-27T02:42:22","guid":{"rendered":"https:\/\/outdoor.itc-gmbh.shop\/product\/thermosflasche-camelbak-camp-mug-gruen-edelstahl-350-ml\/"},"modified":"2024-05-27T02:42:23","modified_gmt":"2024-05-27T02:42:23","slug":"thermosflasche-camelbak-camp-mug-gruen-edelstahl-350-ml","status":"publish","type":"product","link":"https:\/\/wildgear.itc-gmbh.shop\/it\/product\/thermosflasche-camelbak-camp-mug-gruen-edelstahl-350-ml\/","title":{"rendered":"Thermosflasche Camelbak Camp Mug gr\u00fcn Edelstahl 350 ml"},"content":{"rendered":"<p>Rimanete in forma e scoprite le ultime innovazioni del settore per praticare lo sport nelle migliori condizioni! Acquista ora <b>Thermosflasche Camelbak Camp Mug gr\u00fcn Edelstahl 350 ml<\/b> al miglior prezzo e godetevi una vita sana!<\/p>\n<ul>\n<li>Colore: verde<\/li>\n<li>Materiale: acciaio inox<\/li>\n<li>Capacit\u00e0: 350 ml<\/li>\n<li>Caratteristiche:\n<ul>\n<li>Wiederverwendbar<\/li>\n<li>A prova di perdite<\/li>\n<li>T\u00e4gliche Anwendung<\/li>\n<\/ul>\n<\/li>\n<li>Design: Sports<\/li>\n<li>Genere: adulti unisex<\/li>\n<li>Et\u00e0 consigliata: Adulti<\/li>\n<li>Breite: 11,4 cm<\/li>\n<\/ul>","protected":false},"excerpt":{"rendered":"<p>Bleiben Sie in Form und entdecken Sie die neuesten Innovationen der Branche, um mit den besten Voraussetzungen Sport zu betreiben! Kaufen Sie Thermosflasche Camelbak Camp Mug gr\u00fcn Edelstahl 350 ml zum besten Preis und genie\u00dfen Sie ein gesundes Leben! Farbe: gr\u00fcn Material: Edelstahl Kapazit\u00e4t: 350 ml Merkmale: Wiederverwendbar Auslaufsicher T\u00e4gliche Anwendung Design: Sports Geschlecht: Unisex-Erwachsene &hellip; <\/p>\n<p class=\"more-link-wrap\"><a href=\"https:\/\/wildgear.itc-gmbh.shop\/it\/product\/thermosflasche-camelbak-camp-mug-gruen-edelstahl-350-ml\/\" class=\"more-link\"><span>Read More<span class=\"screen-reader-text\"> &#8220;Thermosflasche Camelbak Camp Mug gr\u00fcn Edelstahl 350 ml&#8221;<\/span><\/span><\/a><\/p>","protected":false},"featured_media":10082,"comment_status":"open","ping_status":"closed","template":"","meta":{"inline_featured_image":false},"product_brand":[],"product_cat":[181,185,180],"product_tag":[177,178],"class_list":{"0":"post-10083","1":"product","2":"type-product","3":"status-publish","4":"has-post-thumbnail","6":"product_cat-camping-und-berge","7":"product_cat-flaschen-und-feldflaschen","8":"product_cat-sport-freizeit","9":"product_tag-tag_3","10":"product_tag-tag_17","12":"first","13":"instock","14":"taxable","15":"shipping-taxable","16":"purchasable","17":"product-type-simple"},"aioseo_notices":[],"jetpack_sharing_enabled":true,"_links":{"self":[{"href":"https:\/\/wildgear.itc-gmbh.shop\/it\/wp-json\/wp\/v2\/product\/10083","targetHints":{"allow":["GET"]}}],"collection":[{"href":"https:\/\/wildgear.itc-gmbh.shop\/it\/wp-json\/wp\/v2\/product"}],"about":[{"href":"https:\/\/wildgear.itc-gmbh.shop\/it\/wp-json\/wp\/v2\/types\/product"}],"replies":[{"embeddable":true,"href":"https:\/\/wildgear.itc-gmbh.shop\/it\/wp-json\/wp\/v2\/comments?post=10083"}],"wp:featuredmedia":[{"embeddable":true,"href":"https:\/\/wildgear.itc-gmbh.shop\/it\/wp-json\/wp\/v2\/media\/10082"}],"wp:attachment":[{"href":"https:\/\/wildgear.itc-gmbh.shop\/it\/wp-json\/wp\/v2\/media?parent=10083"}],"wp:term":[{"taxonomy":"product_brand","embeddable":true,"href":"https:\/\/wildgear.itc-gmbh.shop\/it\/wp-json\/wp\/v2\/product_brand?post=10083"},{"taxonomy":"product_cat","embeddable":true,"href":"https:\/\/wildgear.itc-gmbh.shop\/it\/wp-json\/wp\/v2\/product_cat?post=10083"},{"taxonomy":"product_tag","embeddable":true,"href":"https:\/\/wildgear.itc-gmbh.shop\/it\/wp-json\/wp\/v2\/product_tag?post=10083"}],"curies":[{"name":"wp","href":"https:\/\/api.w.org\/{rel}","templated":true}]}}