{"id":10597,"date":"2024-05-27T02:49:56","date_gmt":"2024-05-27T02:49:56","guid":{"rendered":"https:\/\/outdoor.itc-gmbh.shop\/product\/taschenlampe-led-edm-flachmann-schwarz-320-lm\/"},"modified":"2024-05-27T02:49:56","modified_gmt":"2024-05-27T02:49:56","slug":"taschenlampe-led-edm-flachmann-schwarz-320-lm","status":"publish","type":"product","link":"https:\/\/wildgear.itc-gmbh.shop\/it\/product\/taschenlampe-led-edm-flachmann-schwarz-320-lm\/","title":{"rendered":"Taschenlampe LED EDM Flachmann Schwarz 320 Lm"},"content":{"rendered":"<p>Se siete alla ricerca di nuovi prodotti di tendenza sul mercato, vi presentiamo <b>Taschenlampe LED EDM Flachmann Schwarz 320 Lm<\/b>!<\/p>\n<ul>\n<li>Art:\n<ul>\n<li>Flachmann<\/li>\n<li>Taschenlampe LED<\/li>\n<\/ul>\n<\/li>\n<li>Batterietyp: Litio Ion<\/li>\n<li>Stromquelle: Wiederaufladbare Batterie<\/li>\n<li>Incluso:\n<ul>\n<li>Haken zum Aufh\u00e4ngen<\/li>\n<li>Magnet<\/li>\n<li>USB-C-Kabel<\/li>\n<\/ul>\n<\/li>\n<li>Caratteristiche:\n<ul>\n<li>Mit G\u00fcrtelclip<\/li>\n<li>Ladeanzeige<\/li>\n<\/ul>\n<\/li>\n<li>Colore: nero<\/li>\n<li>Beleuchtungsm\u00f6glichkeiten: 2<\/li>\n<li>Ungef\u00e4hre Ladedauer: 3 Stunden<\/li>\n<li>Ungef\u00e4hre Reichweite: 4 Stunden<\/li>\n<li>IP-Klassifizierung: IP42<\/li>\n<li>Farbtemperatur: 6500 K<\/li>\n<li>Anzahl der LEDs: 2<\/li>\n<li>Kapazit\u00e4t der Batterie: 1200 mAh<\/li>\n<li>Materiale: plastica<\/li>\n<li>Lichtstrom: 320 Lm<\/li>\n<li>Ma\u00dfe ca.: 11 x 4,4 x 4,4 cm<\/li>\n<\/ul>","protected":false},"excerpt":{"rendered":"<p>Wenn Sie auf der Suche nach trendigen Neuheiten auf dem Markt sind, pr\u00e4sentieren wir Ihnen Taschenlampe LED EDM Flachmann Schwarz 320 Lm! Art: Flachmann Taschenlampe LED Batterietyp: Litio Ion Stromquelle: Wiederaufladbare Batterie Enthalten: Haken zum Aufh\u00e4ngen Magnet USB-C-Kabel Merkmale: Mit G\u00fcrtelclip Ladeanzeige Farbe: Schwarz Beleuchtungsm\u00f6glichkeiten: 2 Ungef\u00e4hre Ladedauer: 3 Stunden Ungef\u00e4hre Reichweite: 4 Stunden IP-Klassifizierung: &hellip; <\/p>\n<p class=\"more-link-wrap\"><a href=\"https:\/\/wildgear.itc-gmbh.shop\/it\/product\/taschenlampe-led-edm-flachmann-schwarz-320-lm\/\" class=\"more-link\"><span>Read More<span class=\"screen-reader-text\"> &#8220;Taschenlampe LED EDM Flachmann Schwarz 320 Lm&#8221;<\/span><\/span><\/a><\/p>","protected":false},"featured_media":10596,"comment_status":"open","ping_status":"closed","template":"","meta":{"inline_featured_image":false},"product_brand":[],"product_cat":[181,180,195],"product_tag":[193,194,177],"class_list":{"0":"post-10597","1":"product","2":"type-product","3":"status-publish","4":"has-post-thumbnail","6":"product_cat-camping-und-berge","7":"product_cat-sport-freizeit","8":"product_cat-taschenlampen","9":"product_tag-tag_25","10":"product_tag-tag_370","11":"product_tag-tag_3","13":"first","14":"instock","15":"taxable","16":"shipping-taxable","17":"purchasable","18":"product-type-simple"},"aioseo_notices":[],"jetpack_sharing_enabled":true,"_links":{"self":[{"href":"https:\/\/wildgear.itc-gmbh.shop\/it\/wp-json\/wp\/v2\/product\/10597","targetHints":{"allow":["GET"]}}],"collection":[{"href":"https:\/\/wildgear.itc-gmbh.shop\/it\/wp-json\/wp\/v2\/product"}],"about":[{"href":"https:\/\/wildgear.itc-gmbh.shop\/it\/wp-json\/wp\/v2\/types\/product"}],"replies":[{"embeddable":true,"href":"https:\/\/wildgear.itc-gmbh.shop\/it\/wp-json\/wp\/v2\/comments?post=10597"}],"wp:featuredmedia":[{"embeddable":true,"href":"https:\/\/wildgear.itc-gmbh.shop\/it\/wp-json\/wp\/v2\/media\/10596"}],"wp:attachment":[{"href":"https:\/\/wildgear.itc-gmbh.shop\/it\/wp-json\/wp\/v2\/media?parent=10597"}],"wp:term":[{"taxonomy":"product_brand","embeddable":true,"href":"https:\/\/wildgear.itc-gmbh.shop\/it\/wp-json\/wp\/v2\/product_brand?post=10597"},{"taxonomy":"product_cat","embeddable":true,"href":"https:\/\/wildgear.itc-gmbh.shop\/it\/wp-json\/wp\/v2\/product_cat?post=10597"},{"taxonomy":"product_tag","embeddable":true,"href":"https:\/\/wildgear.itc-gmbh.shop\/it\/wp-json\/wp\/v2\/product_tag?post=10597"}],"curies":[{"name":"wp","href":"https:\/\/api.w.org\/{rel}","templated":true}]}}