{"id":10626,"date":"2024-05-27T02:50:17","date_gmt":"2024-05-27T02:50:17","guid":{"rendered":"https:\/\/outdoor.itc-gmbh.shop\/product\/taschenlampe-lexibook-super-mario\/"},"modified":"2024-05-27T02:50:18","modified_gmt":"2024-05-27T02:50:18","slug":"taschenlampe-lexibook-super-mario","status":"publish","type":"product","link":"https:\/\/wildgear.itc-gmbh.shop\/it\/product\/taschenlampe-lexibook-super-mario\/","title":{"rendered":"Taschenlampe Lexibook SUPER MARIO"},"content":{"rendered":"<p>Vogliamo solo il meglio per i nostri bambini, ed \u00e8 per questo che desideriamo offrirvi <b>Taschenlampe Lexibook SUPER MARIO<\/b> perfetto per chi cerca prodotti di alta qualit\u00e0 per i propri piccoli. Acquista ora <b>Lexibook<\/b> ai prezzi migliori!<\/p>\n<ul>\n<li>Tipo: Torcia elettrica<\/li>\n<li>Et\u00e0 consigliata: + 3 anni<\/li>\n<li>Funzionamento a batteria: S\u00ec<\/li>\n<li>Non ricevuto: Batteria<\/li>\n<\/ul>","protected":false},"excerpt":{"rendered":"<p>F\u00fcr unsere Kinder m\u00f6chten wir nur das Beste, und deshalb m\u00f6chten wir Ihnen Taschenlampe Lexibook SUPER MARIO vorstellen, perfekt f\u00fcr alle, die qualitativ hochwertige Produkte f\u00fcr die Kleinsten suchen. Kaufen Sie Lexibook zu den besten Preisen! Art: Taschenlampe Empfohlenes Alter: + 3 jahre Batteriebetrieben: Ja Nicht erhalten: Batterie<\/p>","protected":false},"featured_media":10625,"comment_status":"open","ping_status":"closed","template":"","meta":{"inline_featured_image":false},"product_brand":[],"product_cat":[181,180,195],"product_tag":[188,209,194],"class_list":{"0":"post-10626","1":"product","2":"type-product","3":"status-publish","4":"has-post-thumbnail","6":"product_cat-camping-und-berge","7":"product_cat-sport-freizeit","8":"product_cat-taschenlampen","9":"product_tag-tag_1304","10":"product_tag-tag_768","11":"product_tag-tag_370","13":"first","14":"instock","15":"taxable","16":"shipping-taxable","17":"purchasable","18":"product-type-simple"},"aioseo_notices":[],"jetpack_sharing_enabled":true,"_links":{"self":[{"href":"https:\/\/wildgear.itc-gmbh.shop\/it\/wp-json\/wp\/v2\/product\/10626","targetHints":{"allow":["GET"]}}],"collection":[{"href":"https:\/\/wildgear.itc-gmbh.shop\/it\/wp-json\/wp\/v2\/product"}],"about":[{"href":"https:\/\/wildgear.itc-gmbh.shop\/it\/wp-json\/wp\/v2\/types\/product"}],"replies":[{"embeddable":true,"href":"https:\/\/wildgear.itc-gmbh.shop\/it\/wp-json\/wp\/v2\/comments?post=10626"}],"wp:featuredmedia":[{"embeddable":true,"href":"https:\/\/wildgear.itc-gmbh.shop\/it\/wp-json\/wp\/v2\/media\/10625"}],"wp:attachment":[{"href":"https:\/\/wildgear.itc-gmbh.shop\/it\/wp-json\/wp\/v2\/media?parent=10626"}],"wp:term":[{"taxonomy":"product_brand","embeddable":true,"href":"https:\/\/wildgear.itc-gmbh.shop\/it\/wp-json\/wp\/v2\/product_brand?post=10626"},{"taxonomy":"product_cat","embeddable":true,"href":"https:\/\/wildgear.itc-gmbh.shop\/it\/wp-json\/wp\/v2\/product_cat?post=10626"},{"taxonomy":"product_tag","embeddable":true,"href":"https:\/\/wildgear.itc-gmbh.shop\/it\/wp-json\/wp\/v2\/product_tag?post=10626"}],"curies":[{"name":"wp","href":"https:\/\/api.w.org\/{rel}","templated":true}]}}