{"id":10889,"date":"2024-05-27T02:54:05","date_gmt":"2024-05-27T02:54:05","guid":{"rendered":"https:\/\/outdoor.itc-gmbh.shop\/product\/led-kopf-taschenlampe-nitecore-nt-hc60-v2-1-stuecke-1200-lm\/"},"modified":"2024-05-27T02:54:09","modified_gmt":"2024-05-27T02:54:09","slug":"led-kopf-taschenlampe-nitecore-nt-hc60-v2-1-stuecke-1200-lm","status":"publish","type":"product","link":"https:\/\/wildgear.itc-gmbh.shop\/it\/product\/led-kopf-taschenlampe-nitecore-nt-hc60-v2-1-stuecke-1200-lm\/","title":{"rendered":"LED-Kopf-Taschenlampe Nitecore NT-HC60-V2 1 St\u00fccke 1200 Lm"},"content":{"rendered":"<p>Se nell'arredare la vostra casa tenete molto ai dettagli e volete essere sempre aggiornati sui prodotti che vi semplificano la vita, acquistate <b>LED-Kopf-Taschenlampe Nitecore NT-HC60-V2 1 St\u00fccke 1200 Lm<\/b> al miglior prezzo.<\/p>\n<ul>\n<li>Colore: nero<\/li>\n<li>Materiale: alluminio<\/li>\n<li>Caratteristiche: Resistente all'acqua<\/li>\n<li>Kapazit\u00e4t der Batterie: 3400 mAh<\/li>\n<li>Numero di pezzi: 1 pezzo<\/li>\n<li>Portata approssimativa:\n<ul>\n<li>0,45 Stunden<\/li>\n<li>680 Stunden<\/li>\n<\/ul>\n<\/li>\n<li>Lichtstrom: 1200 Lm<\/li>\n<li>Batteriebetrieben: 1 Litio Ion, incluidas<\/li>\n<\/ul>","protected":false},"excerpt":{"rendered":"<p>Wenn Sie bei der Einrichtung ihres Heims Wert auf Details legen und bei Produkten, die Ihnen das Leben leichter machen, auf dem letzten Stand sein m\u00f6chten, dann kaufen Sie LED-Kopf-Taschenlampe Nitecore NT-HC60-V2 1 St\u00fccke 1200 Lm zum besten Preis. Farbe: Schwarz Material: Aluminium Merkmale: Water resistant Kapazit\u00e4t der Batterie: 3400 mAh Anzahl der St\u00fccke: 1 &hellip; <\/p>\n<p class=\"more-link-wrap\"><a href=\"https:\/\/wildgear.itc-gmbh.shop\/it\/product\/led-kopf-taschenlampe-nitecore-nt-hc60-v2-1-stuecke-1200-lm\/\" class=\"more-link\"><span>Read More<span class=\"screen-reader-text\"> &#8220;LED-Kopf-Taschenlampe Nitecore NT-HC60-V2 1 St\u00fccke 1200 Lm&#8221;<\/span><\/span><\/a><\/p>","protected":false},"featured_media":10888,"comment_status":"open","ping_status":"closed","template":"","meta":{"inline_featured_image":false},"product_brand":[],"product_cat":[181,571,572,180,195],"product_tag":[193,194],"class_list":{"0":"post-10889","1":"product","2":"type-product","3":"status-publish","4":"has-post-thumbnail","6":"product_cat-camping-und-berge","7":"product_cat-heim-garten","8":"product_cat-heimwerkerbedarf-und-eisenwaren","9":"product_cat-sport-freizeit","10":"product_cat-taschenlampen","11":"product_tag-tag_25","12":"product_tag-tag_370","14":"first","15":"instock","16":"taxable","17":"shipping-taxable","18":"purchasable","19":"product-type-simple"},"aioseo_notices":[],"jetpack_sharing_enabled":true,"_links":{"self":[{"href":"https:\/\/wildgear.itc-gmbh.shop\/it\/wp-json\/wp\/v2\/product\/10889","targetHints":{"allow":["GET"]}}],"collection":[{"href":"https:\/\/wildgear.itc-gmbh.shop\/it\/wp-json\/wp\/v2\/product"}],"about":[{"href":"https:\/\/wildgear.itc-gmbh.shop\/it\/wp-json\/wp\/v2\/types\/product"}],"replies":[{"embeddable":true,"href":"https:\/\/wildgear.itc-gmbh.shop\/it\/wp-json\/wp\/v2\/comments?post=10889"}],"wp:featuredmedia":[{"embeddable":true,"href":"https:\/\/wildgear.itc-gmbh.shop\/it\/wp-json\/wp\/v2\/media\/10888"}],"wp:attachment":[{"href":"https:\/\/wildgear.itc-gmbh.shop\/it\/wp-json\/wp\/v2\/media?parent=10889"}],"wp:term":[{"taxonomy":"product_brand","embeddable":true,"href":"https:\/\/wildgear.itc-gmbh.shop\/it\/wp-json\/wp\/v2\/product_brand?post=10889"},{"taxonomy":"product_cat","embeddable":true,"href":"https:\/\/wildgear.itc-gmbh.shop\/it\/wp-json\/wp\/v2\/product_cat?post=10889"},{"taxonomy":"product_tag","embeddable":true,"href":"https:\/\/wildgear.itc-gmbh.shop\/it\/wp-json\/wp\/v2\/product_tag?post=10889"}],"curies":[{"name":"wp","href":"https:\/\/api.w.org\/{rel}","templated":true}]}}