{"id":11330,"date":"2024-05-27T03:00:58","date_gmt":"2024-05-27T03:00:58","guid":{"rendered":"https:\/\/outdoor.itc-gmbh.shop\/product\/wanderrucksack-sonic-fuer-kinder-25-x-27-x-16-cm-blau\/"},"modified":"2024-05-27T03:01:09","modified_gmt":"2024-05-27T03:01:09","slug":"wanderrucksack-sonic-fuer-kinder-25-x-27-x-16-cm-blau","status":"publish","type":"product","link":"https:\/\/wildgear.itc-gmbh.shop\/it\/product\/wanderrucksack-sonic-fuer-kinder-25-x-27-x-16-cm-blau\/","title":{"rendered":"Wanderrucksack Sonic F\u00fcr Kinder 25 x 27 x 16 cm Blau"},"content":{"rendered":"<p>Tornate in ufficio senza dimenticare alcun dettaglio: Acquistare <b>Wanderrucksack Sonic F\u00fcr Kinder 25 x 27 x 16 cm Blau<\/b> e sarete l'invidia dei vostri colleghi!<\/p>\n<ul>\n<li>Genere: per bambini<\/li>\n<li>Dimensioni approssimative: 25 x 27 x 16 cm<\/li>\n<li>Chiusura del bracciale: zip<\/li>\n<li>Colore: blu<\/li>\n<li>Materiale: 100 poliestere %<\/li>\n<\/ul>","protected":false},"excerpt":{"rendered":"<p>Gehen Sie zur\u00fcck ins B\u00fcro, ohne Details zu vergessen: Kaufen Sie Wanderrucksack Sonic F\u00fcr Kinder 25 x 27 x 16 cm Blau und seien Sie der Neid Ihrer Kollegen! Geschlecht: F\u00fcr Kinder Ma\u00dfe ca.: 25 x 27 x 16 cm Verschluss Armband: Rei\u00dfverschluss Farbe: Blau Material: 100 % polyester<\/p>","protected":false},"featured_media":11329,"comment_status":"open","ping_status":"closed","template":"","meta":{"inline_featured_image":false},"product_brand":[],"product_cat":[181,205,180],"product_tag":[218,177,187,178],"class_list":{"0":"post-11330","1":"product","2":"type-product","3":"status-publish","4":"has-post-thumbnail","6":"product_cat-camping-und-berge","7":"product_cat-rucksacke-und-taschen","8":"product_cat-sport-freizeit","9":"product_tag-tag_36","10":"product_tag-tag_3","11":"product_tag-tag_124","12":"product_tag-tag_17","14":"first","15":"outofstock","16":"taxable","17":"shipping-taxable","18":"purchasable","19":"product-type-simple"},"aioseo_notices":[],"jetpack_sharing_enabled":true,"_links":{"self":[{"href":"https:\/\/wildgear.itc-gmbh.shop\/it\/wp-json\/wp\/v2\/product\/11330","targetHints":{"allow":["GET"]}}],"collection":[{"href":"https:\/\/wildgear.itc-gmbh.shop\/it\/wp-json\/wp\/v2\/product"}],"about":[{"href":"https:\/\/wildgear.itc-gmbh.shop\/it\/wp-json\/wp\/v2\/types\/product"}],"replies":[{"embeddable":true,"href":"https:\/\/wildgear.itc-gmbh.shop\/it\/wp-json\/wp\/v2\/comments?post=11330"}],"wp:featuredmedia":[{"embeddable":true,"href":"https:\/\/wildgear.itc-gmbh.shop\/it\/wp-json\/wp\/v2\/media\/11329"}],"wp:attachment":[{"href":"https:\/\/wildgear.itc-gmbh.shop\/it\/wp-json\/wp\/v2\/media?parent=11330"}],"wp:term":[{"taxonomy":"product_brand","embeddable":true,"href":"https:\/\/wildgear.itc-gmbh.shop\/it\/wp-json\/wp\/v2\/product_brand?post=11330"},{"taxonomy":"product_cat","embeddable":true,"href":"https:\/\/wildgear.itc-gmbh.shop\/it\/wp-json\/wp\/v2\/product_cat?post=11330"},{"taxonomy":"product_tag","embeddable":true,"href":"https:\/\/wildgear.itc-gmbh.shop\/it\/wp-json\/wp\/v2\/product_tag?post=11330"}],"curies":[{"name":"wp","href":"https:\/\/api.w.org\/{rel}","templated":true}]}}