{"id":11405,"date":"2024-05-27T03:02:11","date_gmt":"2024-05-27T03:02:11","guid":{"rendered":"https:\/\/outdoor.itc-gmbh.shop\/product\/guerteltasche-gregory-nano-schwarz\/"},"modified":"2024-05-27T03:02:13","modified_gmt":"2024-05-27T03:02:13","slug":"guerteltasche-gregory-nano-schwarz","status":"publish","type":"product","link":"https:\/\/wildgear.itc-gmbh.shop\/it\/product\/guerteltasche-gregory-nano-schwarz\/","title":{"rendered":"Borsa da cintura Gregory Nano Nero"},"content":{"rendered":"<p>Rimanete in forma e scoprite le ultime innovazioni del settore per praticare lo sport nelle migliori condizioni! Acquista ora <b>Borsa da cintura Gregory Nano Nero<\/b> al miglior prezzo e godetevi una vita sana!<\/p>\n<ul>\n<li>Colore: nero<\/li>\n<li>Materiale: Poliestere<\/li>\n<li>Capacit\u00e0: 3,5 litri<\/li>\n<li>Genere: adulti unisex<\/li>\n<\/ul>","protected":false},"excerpt":{"rendered":"<p>Bleiben Sie in Form und entdecken Sie die neuesten Innovationen der Branche, um mit den besten Voraussetzungen Sport zu betreiben! Kaufen Sie G\u00fcrteltasche Gregory Nano Schwarz zum besten Preis und genie\u00dfen Sie ein gesundes Leben! Farbe: Schwarz Material: Polyester Kapazit\u00e4t: 3,5 L Geschlecht: Unisex-Erwachsene<\/p>","protected":false},"featured_media":11404,"comment_status":"open","ping_status":"closed","template":"","meta":{"inline_featured_image":false},"product_brand":[],"product_cat":[181,205,180],"product_tag":[177,178],"class_list":{"0":"post-11405","1":"product","2":"type-product","3":"status-publish","4":"has-post-thumbnail","6":"product_cat-camping-und-berge","7":"product_cat-rucksacke-und-taschen","8":"product_cat-sport-freizeit","9":"product_tag-tag_3","10":"product_tag-tag_17","12":"first","13":"outofstock","14":"taxable","15":"shipping-taxable","16":"purchasable","17":"product-type-simple"},"aioseo_notices":[],"jetpack_sharing_enabled":true,"_links":{"self":[{"href":"https:\/\/wildgear.itc-gmbh.shop\/it\/wp-json\/wp\/v2\/product\/11405","targetHints":{"allow":["GET"]}}],"collection":[{"href":"https:\/\/wildgear.itc-gmbh.shop\/it\/wp-json\/wp\/v2\/product"}],"about":[{"href":"https:\/\/wildgear.itc-gmbh.shop\/it\/wp-json\/wp\/v2\/types\/product"}],"replies":[{"embeddable":true,"href":"https:\/\/wildgear.itc-gmbh.shop\/it\/wp-json\/wp\/v2\/comments?post=11405"}],"wp:featuredmedia":[{"embeddable":true,"href":"https:\/\/wildgear.itc-gmbh.shop\/it\/wp-json\/wp\/v2\/media\/11404"}],"wp:attachment":[{"href":"https:\/\/wildgear.itc-gmbh.shop\/it\/wp-json\/wp\/v2\/media?parent=11405"}],"wp:term":[{"taxonomy":"product_brand","embeddable":true,"href":"https:\/\/wildgear.itc-gmbh.shop\/it\/wp-json\/wp\/v2\/product_brand?post=11405"},{"taxonomy":"product_cat","embeddable":true,"href":"https:\/\/wildgear.itc-gmbh.shop\/it\/wp-json\/wp\/v2\/product_cat?post=11405"},{"taxonomy":"product_tag","embeddable":true,"href":"https:\/\/wildgear.itc-gmbh.shop\/it\/wp-json\/wp\/v2\/product_tag?post=11405"}],"curies":[{"name":"wp","href":"https:\/\/api.w.org\/{rel}","templated":true}]}}