{"id":11414,"date":"2024-05-27T03:02:17","date_gmt":"2024-05-27T03:02:17","guid":{"rendered":"https:\/\/outdoor.itc-gmbh.shop\/product\/mehrzweckrucksack-gregory-paragon-48-orange\/"},"modified":"2024-05-27T03:02:18","modified_gmt":"2024-05-27T03:02:18","slug":"mehrzweckrucksack-gregory-paragon-48-orange","status":"publish","type":"product","link":"https:\/\/wildgear.itc-gmbh.shop\/it\/product\/mehrzweckrucksack-gregory-paragon-48-orange\/","title":{"rendered":"Mehrzweckrucksack Gregory PARAGON 48 Orange"},"content":{"rendered":"<p>Rimanete in forma e scoprite le ultime innovazioni del settore per praticare lo sport nelle migliori condizioni! Acquista ora <b>Mehrzweckrucksack Gregory PARAGON 48 Orange<\/b> al miglior prezzo e godetevi una vita sana!<\/p>\n<ul>\n<li>Colore: arancione<\/li>\n<li>Format: M\/L<\/li>\n<li>Materiale:\n<ul>\n<li>Poliestere<\/li>\n<li>Acciaio<\/li>\n<li>Fibra di vetro<\/li>\n<li>Nylon<\/li>\n<\/ul>\n<\/li>\n<li>Breite: 25 cm<\/li>\n<li>Caratteristiche: Sistema di ventilazione<\/li>\n<li>gro\u00df: 77 cm<\/li>\n<li>Kapazit\u00e4t: 48 L<\/li>\n<li>Ma\u00dfe ca.: 25 x 77 x 36 cm<\/li>\n<\/ul>","protected":false},"excerpt":{"rendered":"<p>Bleiben Sie in Form und entdecken Sie die neuesten Innovationen der Branche, um mit den besten Voraussetzungen Sport zu betreiben! Kaufen Sie Mehrzweckrucksack Gregory PARAGON 48 Orange zum besten Preis und genie\u00dfen Sie ein gesundes Leben! Farbe: Orange Format: M\/L Material: Polyester Stahl Fiberglas Nylon Breite: 25 cm Merkmale: Bel\u00fcftungssystem gro\u00df: 77 cm Kapazit\u00e4t: 48 &hellip; <\/p>\n<p class=\"more-link-wrap\"><a href=\"https:\/\/wildgear.itc-gmbh.shop\/it\/product\/mehrzweckrucksack-gregory-paragon-48-orange\/\" class=\"more-link\"><span>Read More<span class=\"screen-reader-text\"> &#8220;Mehrzweckrucksack Gregory PARAGON 48 Orange&#8221;<\/span><\/span><\/a><\/p>","protected":false},"featured_media":11413,"comment_status":"open","ping_status":"closed","template":"","meta":{"inline_featured_image":false},"product_brand":[],"product_cat":[181,205,180],"product_tag":[177,178],"class_list":{"0":"post-11414","1":"product","2":"type-product","3":"status-publish","4":"has-post-thumbnail","6":"product_cat-camping-und-berge","7":"product_cat-rucksacke-und-taschen","8":"product_cat-sport-freizeit","9":"product_tag-tag_3","10":"product_tag-tag_17","12":"first","13":"outofstock","14":"taxable","15":"shipping-taxable","16":"purchasable","17":"product-type-simple"},"aioseo_notices":[],"jetpack_sharing_enabled":true,"_links":{"self":[{"href":"https:\/\/wildgear.itc-gmbh.shop\/it\/wp-json\/wp\/v2\/product\/11414","targetHints":{"allow":["GET"]}}],"collection":[{"href":"https:\/\/wildgear.itc-gmbh.shop\/it\/wp-json\/wp\/v2\/product"}],"about":[{"href":"https:\/\/wildgear.itc-gmbh.shop\/it\/wp-json\/wp\/v2\/types\/product"}],"replies":[{"embeddable":true,"href":"https:\/\/wildgear.itc-gmbh.shop\/it\/wp-json\/wp\/v2\/comments?post=11414"}],"wp:featuredmedia":[{"embeddable":true,"href":"https:\/\/wildgear.itc-gmbh.shop\/it\/wp-json\/wp\/v2\/media\/11413"}],"wp:attachment":[{"href":"https:\/\/wildgear.itc-gmbh.shop\/it\/wp-json\/wp\/v2\/media?parent=11414"}],"wp:term":[{"taxonomy":"product_brand","embeddable":true,"href":"https:\/\/wildgear.itc-gmbh.shop\/it\/wp-json\/wp\/v2\/product_brand?post=11414"},{"taxonomy":"product_cat","embeddable":true,"href":"https:\/\/wildgear.itc-gmbh.shop\/it\/wp-json\/wp\/v2\/product_cat?post=11414"},{"taxonomy":"product_tag","embeddable":true,"href":"https:\/\/wildgear.itc-gmbh.shop\/it\/wp-json\/wp\/v2\/product_tag?post=11414"}],"curies":[{"name":"wp","href":"https:\/\/api.w.org\/{rel}","templated":true}]}}