{"id":11501,"date":"2024-05-27T03:03:33","date_gmt":"2024-05-27T03:03:33","guid":{"rendered":"https:\/\/outdoor.itc-gmbh.shop\/product\/mehrzweckrucksack-gregory-kiro-22-blau\/"},"modified":"2024-05-27T03:03:36","modified_gmt":"2024-05-27T03:03:36","slug":"mehrzweckrucksack-gregory-kiro-22-blau","status":"publish","type":"product","link":"https:\/\/wildgear.itc-gmbh.shop\/it\/product\/mehrzweckrucksack-gregory-kiro-22-blau\/","title":{"rendered":"Zaino multiuso Gregory Kiro 22 blu"},"content":{"rendered":"<p>Rimanete in forma e scoprite le ultime innovazioni del settore per praticare lo sport nelle migliori condizioni! Acquista ora <b>Zaino multiuso Gregory Kiro 22 blu<\/b> al miglior prezzo e godetevi una vita sana!<\/p>\n<ul>\n<li>Colore: blu<\/li>\n<li>Materiale:\n<ul>\n<li>Poliestere<\/li>\n<li>Schiuma<\/li>\n<li>EVA<\/li>\n<li>Nylon<\/li>\n<\/ul>\n<\/li>\n<li>Larghezza: 29 cm<\/li>\n<li>Caratteristiche: Sistema di ventilazione<\/li>\n<li>grande: 50 cm<\/li>\n<li>Capacit\u00e0: 22 litri<\/li>\n<li>Dimensioni approssimative: 29 x 50 x 25 cm<\/li>\n<li>Genere: adulti unisex<\/li>\n<\/ul>","protected":false},"excerpt":{"rendered":"<p>Bleiben Sie in Form und entdecken Sie die neuesten Innovationen der Branche, um mit den besten Voraussetzungen Sport zu betreiben! Kaufen Sie Mehrzweckrucksack Gregory Kiro 22 Blau zum besten Preis und genie\u00dfen Sie ein gesundes Leben! Farbe: Blau Material: Polyester Schaum EVA Nylon Breite: 29 cm Merkmale: Bel\u00fcftungssystem gro\u00df: 50 cm Kapazit\u00e4t: 22 L Ma\u00dfe &hellip; <\/p>\n<p class=\"more-link-wrap\"><a href=\"https:\/\/wildgear.itc-gmbh.shop\/it\/product\/mehrzweckrucksack-gregory-kiro-22-blau\/\" class=\"more-link\"><span>Read More<span class=\"screen-reader-text\"> &#8220;Mehrzweckrucksack Gregory Kiro 22 Blau&#8221;<\/span><\/span><\/a><\/p>","protected":false},"featured_media":11500,"comment_status":"open","ping_status":"closed","template":"","meta":{"inline_featured_image":false},"product_brand":[],"product_cat":[181,205,180],"product_tag":[177,178],"class_list":{"0":"post-11501","1":"product","2":"type-product","3":"status-publish","4":"has-post-thumbnail","6":"product_cat-camping-und-berge","7":"product_cat-rucksacke-und-taschen","8":"product_cat-sport-freizeit","9":"product_tag-tag_3","10":"product_tag-tag_17","12":"first","13":"outofstock","14":"taxable","15":"shipping-taxable","16":"purchasable","17":"product-type-simple"},"aioseo_notices":[],"jetpack_sharing_enabled":true,"_links":{"self":[{"href":"https:\/\/wildgear.itc-gmbh.shop\/it\/wp-json\/wp\/v2\/product\/11501","targetHints":{"allow":["GET"]}}],"collection":[{"href":"https:\/\/wildgear.itc-gmbh.shop\/it\/wp-json\/wp\/v2\/product"}],"about":[{"href":"https:\/\/wildgear.itc-gmbh.shop\/it\/wp-json\/wp\/v2\/types\/product"}],"replies":[{"embeddable":true,"href":"https:\/\/wildgear.itc-gmbh.shop\/it\/wp-json\/wp\/v2\/comments?post=11501"}],"wp:featuredmedia":[{"embeddable":true,"href":"https:\/\/wildgear.itc-gmbh.shop\/it\/wp-json\/wp\/v2\/media\/11500"}],"wp:attachment":[{"href":"https:\/\/wildgear.itc-gmbh.shop\/it\/wp-json\/wp\/v2\/media?parent=11501"}],"wp:term":[{"taxonomy":"product_brand","embeddable":true,"href":"https:\/\/wildgear.itc-gmbh.shop\/it\/wp-json\/wp\/v2\/product_brand?post=11501"},{"taxonomy":"product_cat","embeddable":true,"href":"https:\/\/wildgear.itc-gmbh.shop\/it\/wp-json\/wp\/v2\/product_cat?post=11501"},{"taxonomy":"product_tag","embeddable":true,"href":"https:\/\/wildgear.itc-gmbh.shop\/it\/wp-json\/wp\/v2\/product_tag?post=11501"}],"curies":[{"name":"wp","href":"https:\/\/api.w.org\/{rel}","templated":true}]}}