{"id":11538,"date":"2024-05-27T03:04:16","date_gmt":"2024-05-27T03:04:16","guid":{"rendered":"https:\/\/outdoor.itc-gmbh.shop\/product\/wanderrucksack-deuter-aircontact-lite-braun-55-l\/"},"modified":"2024-05-27T03:04:21","modified_gmt":"2024-05-27T03:04:21","slug":"wanderrucksack-deuter-aircontact-lite-braun-55-l","status":"publish","type":"product","link":"https:\/\/wildgear.itc-gmbh.shop\/it\/product\/wanderrucksack-deuter-aircontact-lite-braun-55-l\/","title":{"rendered":"Wanderrucksack Deuter Aircontact Lite Braun 55 L"},"content":{"rendered":"<p>Rimanete in forma e scoprite le ultime innovazioni del settore per praticare lo sport nelle migliori condizioni! Acquista ora <b>Wanderrucksack Deuter Aircontact Lite Braun 55 L<\/b> al miglior prezzo e godetevi una vita sana!<\/p>\n<ul>\n<li>Tipo: Zaino da trekking<\/li>\n<li>Colore:\n<ul>\n<li>Marrone<\/li>\n<li>verde<\/li>\n<li>Arancione<\/li>\n<\/ul>\n<\/li>\n<li>Materiale: Poliestere<\/li>\n<li>Caratteristiche: Sistema di ventilazione<\/li>\n<li>Chiusura del bracciale: zip<\/li>\n<li>Uso consigliato: Escursioni<\/li>\n<li>Ma\u00dfe ca.:\n<ul>\n<li>30 x 73 x 26 cm<\/li>\n<li>30 x 73 x 25 cm<\/li>\n<\/ul>\n<\/li>\n<li>Kapazit\u00e4t: 55 L<\/li>\n<\/ul>","protected":false},"excerpt":{"rendered":"<p>Bleiben Sie in Form und entdecken Sie die neuesten Innovationen der Branche, um mit den besten Voraussetzungen Sport zu betreiben! Kaufen Sie Wanderrucksack Deuter Aircontact Lite Braun 55 L zum besten Preis und genie\u00dfen Sie ein gesundes Leben! Art: Wanderrucksack Farbe: Braun gr\u00fcn Orange Material: Polyester Merkmale: Bel\u00fcftungssystem Verschluss Armband: Rei\u00dfverschluss Empfohlene verwendung: Wandern Ma\u00dfe &hellip; <\/p>\n<p class=\"more-link-wrap\"><a href=\"https:\/\/wildgear.itc-gmbh.shop\/it\/product\/wanderrucksack-deuter-aircontact-lite-braun-55-l\/\" class=\"more-link\"><span>Read More<span class=\"screen-reader-text\"> &#8220;Wanderrucksack Deuter Aircontact Lite Braun 55 L&#8221;<\/span><\/span><\/a><\/p>","protected":false},"featured_media":11537,"comment_status":"open","ping_status":"closed","template":"","meta":{"inline_featured_image":false},"product_brand":[],"product_cat":[181,205,180],"product_tag":[177,178],"class_list":{"0":"post-11538","1":"product","2":"type-product","3":"status-publish","4":"has-post-thumbnail","6":"product_cat-camping-und-berge","7":"product_cat-rucksacke-und-taschen","8":"product_cat-sport-freizeit","9":"product_tag-tag_3","10":"product_tag-tag_17","12":"first","13":"outofstock","14":"taxable","15":"shipping-taxable","16":"purchasable","17":"product-type-simple"},"aioseo_notices":[],"jetpack_sharing_enabled":true,"_links":{"self":[{"href":"https:\/\/wildgear.itc-gmbh.shop\/it\/wp-json\/wp\/v2\/product\/11538","targetHints":{"allow":["GET"]}}],"collection":[{"href":"https:\/\/wildgear.itc-gmbh.shop\/it\/wp-json\/wp\/v2\/product"}],"about":[{"href":"https:\/\/wildgear.itc-gmbh.shop\/it\/wp-json\/wp\/v2\/types\/product"}],"replies":[{"embeddable":true,"href":"https:\/\/wildgear.itc-gmbh.shop\/it\/wp-json\/wp\/v2\/comments?post=11538"}],"wp:featuredmedia":[{"embeddable":true,"href":"https:\/\/wildgear.itc-gmbh.shop\/it\/wp-json\/wp\/v2\/media\/11537"}],"wp:attachment":[{"href":"https:\/\/wildgear.itc-gmbh.shop\/it\/wp-json\/wp\/v2\/media?parent=11538"}],"wp:term":[{"taxonomy":"product_brand","embeddable":true,"href":"https:\/\/wildgear.itc-gmbh.shop\/it\/wp-json\/wp\/v2\/product_brand?post=11538"},{"taxonomy":"product_cat","embeddable":true,"href":"https:\/\/wildgear.itc-gmbh.shop\/it\/wp-json\/wp\/v2\/product_cat?post=11538"},{"taxonomy":"product_tag","embeddable":true,"href":"https:\/\/wildgear.itc-gmbh.shop\/it\/wp-json\/wp\/v2\/product_tag?post=11538"}],"curies":[{"name":"wp","href":"https:\/\/api.w.org\/{rel}","templated":true}]}}