{"id":11553,"date":"2024-05-27T03:04:33","date_gmt":"2024-05-27T03:04:33","guid":{"rendered":"https:\/\/outdoor.itc-gmbh.shop\/product\/wanderrucksack-deuter-futura-grau-27-l\/"},"modified":"2024-05-27T03:04:33","modified_gmt":"2024-05-27T03:04:33","slug":"wanderrucksack-deuter-futura-grau-27-l","status":"publish","type":"product","link":"https:\/\/wildgear.itc-gmbh.shop\/it\/product\/wanderrucksack-deuter-futura-grau-27-l\/","title":{"rendered":"Wanderrucksack Deuter Futura Grau 27 L"},"content":{"rendered":"<p>Rimanete in forma e scoprite le ultime innovazioni del settore per praticare lo sport nelle migliori condizioni! Acquista ora <b>Wanderrucksack Deuter Futura Grau 27 L<\/b> al miglior prezzo e godetevi una vita sana!<\/p>\n<ul>\n<li>Tipo: Zaino da trekking<\/li>\n<li>Colore: Grigio<\/li>\n<li>Genere:\n<ul>\n<li>Adulti unisex<\/li>\n<li>Unisex<\/li>\n<\/ul>\n<\/li>\n<li>Material: Polyamid<\/li>\n<li>Kapazit\u00e4t: 27 L<\/li>\n<li>F\u00e4cher: 1 F\u00e4cher<\/li>\n<\/ul>","protected":false},"excerpt":{"rendered":"<p>Bleiben Sie in Form und entdecken Sie die neuesten Innovationen der Branche, um mit den besten Voraussetzungen Sport zu betreiben! Kaufen Sie Wanderrucksack Deuter Futura Grau 27 L zum besten Preis und genie\u00dfen Sie ein gesundes Leben! Art: Wanderrucksack Farbe: Grau Geschlecht: Unisex-Erwachsene Unisex Material: Polyamid Kapazit\u00e4t: 27 L F\u00e4cher: 1 F\u00e4cher<\/p>","protected":false},"featured_media":11552,"comment_status":"open","ping_status":"closed","template":"","meta":{"inline_featured_image":false},"product_brand":[],"product_cat":[181,205,180],"product_tag":[177,178],"class_list":{"0":"post-11553","1":"product","2":"type-product","3":"status-publish","4":"has-post-thumbnail","6":"product_cat-camping-und-berge","7":"product_cat-rucksacke-und-taschen","8":"product_cat-sport-freizeit","9":"product_tag-tag_3","10":"product_tag-tag_17","12":"first","13":"outofstock","14":"taxable","15":"shipping-taxable","16":"purchasable","17":"product-type-simple"},"aioseo_notices":[],"jetpack_sharing_enabled":true,"_links":{"self":[{"href":"https:\/\/wildgear.itc-gmbh.shop\/it\/wp-json\/wp\/v2\/product\/11553","targetHints":{"allow":["GET"]}}],"collection":[{"href":"https:\/\/wildgear.itc-gmbh.shop\/it\/wp-json\/wp\/v2\/product"}],"about":[{"href":"https:\/\/wildgear.itc-gmbh.shop\/it\/wp-json\/wp\/v2\/types\/product"}],"replies":[{"embeddable":true,"href":"https:\/\/wildgear.itc-gmbh.shop\/it\/wp-json\/wp\/v2\/comments?post=11553"}],"wp:featuredmedia":[{"embeddable":true,"href":"https:\/\/wildgear.itc-gmbh.shop\/it\/wp-json\/wp\/v2\/media\/11552"}],"wp:attachment":[{"href":"https:\/\/wildgear.itc-gmbh.shop\/it\/wp-json\/wp\/v2\/media?parent=11553"}],"wp:term":[{"taxonomy":"product_brand","embeddable":true,"href":"https:\/\/wildgear.itc-gmbh.shop\/it\/wp-json\/wp\/v2\/product_brand?post=11553"},{"taxonomy":"product_cat","embeddable":true,"href":"https:\/\/wildgear.itc-gmbh.shop\/it\/wp-json\/wp\/v2\/product_cat?post=11553"},{"taxonomy":"product_tag","embeddable":true,"href":"https:\/\/wildgear.itc-gmbh.shop\/it\/wp-json\/wp\/v2\/product_tag?post=11553"}],"curies":[{"name":"wp","href":"https:\/\/api.w.org\/{rel}","templated":true}]}}