{"id":11772,"date":"2024-05-27T03:07:35","date_gmt":"2024-05-27T03:07:35","guid":{"rendered":"https:\/\/outdoor.itc-gmbh.shop\/product\/guerteltasche-reebok-ashland-8024932-blau\/"},"modified":"2024-05-27T03:07:38","modified_gmt":"2024-05-27T03:07:38","slug":"guerteltasche-reebok-ashland-8024932-blau","status":"publish","type":"product","link":"https:\/\/wildgear.itc-gmbh.shop\/it\/product\/guerteltasche-reebok-ashland-8024932-blau\/","title":{"rendered":"G\u00fcrteltasche Reebok ASHLAND 8024932 Blau"},"content":{"rendered":"<p>Rimanete in forma e scoprite le ultime innovazioni del settore per praticare lo sport nelle migliori condizioni! Acquista ora <b>G\u00fcrteltasche Reebok ASHLAND 8024932 Blau<\/b> al miglior prezzo e godetevi una vita sana!<\/p>\n<ul>\n<li>Art: Tasche<\/li>\n<li>Colore: blu<\/li>\n<li>Genere: uomini<\/li>\n<li>Dimensioni: taglia unica<\/li>\n<li>Materiale: Poliestere<\/li>\n<\/ul>","protected":false},"excerpt":{"rendered":"<p>Bleiben Sie in Form und entdecken Sie die neuesten Innovationen der Branche, um mit den besten Voraussetzungen Sport zu betreiben! Kaufen Sie G\u00fcrteltasche Reebok ASHLAND 8024932 Blau zum besten Preis und genie\u00dfen Sie ein gesundes Leben! Art: Tasche Farbe: Blau Geschlecht: Herren Gr\u00f6\u00dfe: Einheitsgr\u00f6\u00dfe Material: Polyester<\/p>","protected":false},"featured_media":11771,"comment_status":"open","ping_status":"closed","template":"","meta":{"inline_featured_image":false},"product_brand":[],"product_cat":[181,205,180],"product_tag":[177,178],"class_list":{"0":"post-11772","1":"product","2":"type-product","3":"status-publish","4":"has-post-thumbnail","6":"product_cat-camping-und-berge","7":"product_cat-rucksacke-und-taschen","8":"product_cat-sport-freizeit","9":"product_tag-tag_3","10":"product_tag-tag_17","12":"first","13":"outofstock","14":"taxable","15":"shipping-taxable","16":"purchasable","17":"product-type-simple"},"aioseo_notices":[],"jetpack_sharing_enabled":true,"_links":{"self":[{"href":"https:\/\/wildgear.itc-gmbh.shop\/it\/wp-json\/wp\/v2\/product\/11772","targetHints":{"allow":["GET"]}}],"collection":[{"href":"https:\/\/wildgear.itc-gmbh.shop\/it\/wp-json\/wp\/v2\/product"}],"about":[{"href":"https:\/\/wildgear.itc-gmbh.shop\/it\/wp-json\/wp\/v2\/types\/product"}],"replies":[{"embeddable":true,"href":"https:\/\/wildgear.itc-gmbh.shop\/it\/wp-json\/wp\/v2\/comments?post=11772"}],"wp:featuredmedia":[{"embeddable":true,"href":"https:\/\/wildgear.itc-gmbh.shop\/it\/wp-json\/wp\/v2\/media\/11771"}],"wp:attachment":[{"href":"https:\/\/wildgear.itc-gmbh.shop\/it\/wp-json\/wp\/v2\/media?parent=11772"}],"wp:term":[{"taxonomy":"product_brand","embeddable":true,"href":"https:\/\/wildgear.itc-gmbh.shop\/it\/wp-json\/wp\/v2\/product_brand?post=11772"},{"taxonomy":"product_cat","embeddable":true,"href":"https:\/\/wildgear.itc-gmbh.shop\/it\/wp-json\/wp\/v2\/product_cat?post=11772"},{"taxonomy":"product_tag","embeddable":true,"href":"https:\/\/wildgear.itc-gmbh.shop\/it\/wp-json\/wp\/v2\/product_tag?post=11772"}],"curies":[{"name":"wp","href":"https:\/\/api.w.org\/{rel}","templated":true}]}}