{"id":11919,"date":"2024-05-27T03:09:45","date_gmt":"2024-05-27T03:09:45","guid":{"rendered":"https:\/\/outdoor.itc-gmbh.shop\/product\/wanderrucksack-osprey-atmos-ag-50-l-schwarz\/"},"modified":"2024-05-27T03:09:47","modified_gmt":"2024-05-27T03:09:47","slug":"wanderrucksack-osprey-atmos-ag-50-l-schwarz","status":"publish","type":"product","link":"https:\/\/wildgear.itc-gmbh.shop\/it\/product\/wanderrucksack-osprey-atmos-ag-50-l-schwarz\/","title":{"rendered":"Wanderrucksack OSPREY Atmos AG 50 L Schwarz"},"content":{"rendered":"<p>Rimanete in forma e scoprite le ultime innovazioni del settore per praticare lo sport nelle migliori condizioni! Acquista ora <b>Wanderrucksack OSPREY Atmos AG 50 L Schwarz<\/b> al miglior prezzo e godetevi una vita sana!<\/p>\n<ul>\n<li>Tipo: Zaino da trekking<\/li>\n<li>Capacit\u00e0: 50 litri<\/li>\n<li>Taglia: L\/XL<\/li>\n<li>Colore: nero<\/li>\n<li>Materiale: Nylon<\/li>\n<\/ul>","protected":false},"excerpt":{"rendered":"<p>Bleiben Sie in Form und entdecken Sie die neuesten Innovationen der Branche, um mit den besten Voraussetzungen Sport zu betreiben! Kaufen Sie Wanderrucksack OSPREY Atmos AG 50 L Schwarz zum besten Preis und genie\u00dfen Sie ein gesundes Leben! Art: Wanderrucksack Kapazit\u00e4t: 50 L Gr\u00f6\u00dfe: L\/XL Farbe: Schwarz Material: Nylon<\/p>","protected":false},"featured_media":11918,"comment_status":"open","ping_status":"closed","template":"","meta":{"inline_featured_image":false},"product_brand":[],"product_cat":[181,205,180],"product_tag":[177,178],"class_list":{"0":"post-11919","1":"product","2":"type-product","3":"status-publish","4":"has-post-thumbnail","6":"product_cat-camping-und-berge","7":"product_cat-rucksacke-und-taschen","8":"product_cat-sport-freizeit","9":"product_tag-tag_3","10":"product_tag-tag_17","12":"first","13":"instock","14":"taxable","15":"shipping-taxable","16":"purchasable","17":"product-type-simple"},"aioseo_notices":[],"jetpack_sharing_enabled":true,"_links":{"self":[{"href":"https:\/\/wildgear.itc-gmbh.shop\/it\/wp-json\/wp\/v2\/product\/11919","targetHints":{"allow":["GET"]}}],"collection":[{"href":"https:\/\/wildgear.itc-gmbh.shop\/it\/wp-json\/wp\/v2\/product"}],"about":[{"href":"https:\/\/wildgear.itc-gmbh.shop\/it\/wp-json\/wp\/v2\/types\/product"}],"replies":[{"embeddable":true,"href":"https:\/\/wildgear.itc-gmbh.shop\/it\/wp-json\/wp\/v2\/comments?post=11919"}],"wp:featuredmedia":[{"embeddable":true,"href":"https:\/\/wildgear.itc-gmbh.shop\/it\/wp-json\/wp\/v2\/media\/11918"}],"wp:attachment":[{"href":"https:\/\/wildgear.itc-gmbh.shop\/it\/wp-json\/wp\/v2\/media?parent=11919"}],"wp:term":[{"taxonomy":"product_brand","embeddable":true,"href":"https:\/\/wildgear.itc-gmbh.shop\/it\/wp-json\/wp\/v2\/product_brand?post=11919"},{"taxonomy":"product_cat","embeddable":true,"href":"https:\/\/wildgear.itc-gmbh.shop\/it\/wp-json\/wp\/v2\/product_cat?post=11919"},{"taxonomy":"product_tag","embeddable":true,"href":"https:\/\/wildgear.itc-gmbh.shop\/it\/wp-json\/wp\/v2\/product_tag?post=11919"}],"curies":[{"name":"wp","href":"https:\/\/api.w.org\/{rel}","templated":true}]}}