{"id":12197,"date":"2024-05-27T03:13:58","date_gmt":"2024-05-27T03:13:58","guid":{"rendered":"https:\/\/outdoor.itc-gmbh.shop\/product\/kuehltasche-30-x-21-x-30-cm-marineblau-blau\/"},"modified":"2024-05-27T03:13:58","modified_gmt":"2024-05-27T03:13:58","slug":"kuehltasche-30-x-21-x-30-cm-marineblau-blau","status":"publish","type":"product","link":"https:\/\/wildgear.itc-gmbh.shop\/it\/product\/kuehltasche-30-x-21-x-30-cm-marineblau-blau\/","title":{"rendered":"K\u00fchltasche 30 x 21 x 30 cm Marineblau Blau"},"content":{"rendered":"<p>Con questi suggerimenti che faranno la gioia di grandi e piccini, il divertimento estivo \u00e8 assicurato! Acquista <b>K\u00fchltasche 30 x 21 x 30 cm Marineblau Blau<\/b>] e godetevi il vostro tempo libero!<\/p>\n<ul>\n<li>Ma\u00dfe ca.: 30 x 21 x 30 cm<\/li>\n<li>Colore:\n<ul>\n<li>Marineblau<\/li>\n<li>Blu<\/li>\n<\/ul>\n<\/li>\n<li>Tipo: Borsa frigo<\/li>\n<\/ul>","protected":false},"excerpt":{"rendered":"<p>Mit diesen Vorschl\u00e4gen, die Jung und Alt begeistern werden, ist der Sommerspa\u00df garantiert! Kaufen Sie K\u00fchltasche 30 x 21 x 30 cm Marineblau Blau] und genie\u00dfen Sie Ihre Freizeit! Ma\u00dfe ca.: 30 x 21 x 30 cm Farbe: Marineblau Blau Art: K\u00fchltasche<\/p>","protected":false},"featured_media":12196,"comment_status":"open","ping_status":"closed","template":"","meta":{"inline_featured_image":false},"product_brand":[],"product_cat":[181,180,654],"product_tag":[177,178],"class_list":{"0":"post-12197","1":"product","2":"type-product","3":"status-publish","4":"has-post-thumbnail","6":"product_cat-camping-und-berge","7":"product_cat-sport-freizeit","8":"product_cat-tragbare-kuhlboxen","9":"product_tag-tag_3","10":"product_tag-tag_17","12":"first","13":"outofstock","14":"taxable","15":"shipping-taxable","16":"purchasable","17":"product-type-simple"},"aioseo_notices":[],"jetpack_sharing_enabled":true,"_links":{"self":[{"href":"https:\/\/wildgear.itc-gmbh.shop\/it\/wp-json\/wp\/v2\/product\/12197","targetHints":{"allow":["GET"]}}],"collection":[{"href":"https:\/\/wildgear.itc-gmbh.shop\/it\/wp-json\/wp\/v2\/product"}],"about":[{"href":"https:\/\/wildgear.itc-gmbh.shop\/it\/wp-json\/wp\/v2\/types\/product"}],"replies":[{"embeddable":true,"href":"https:\/\/wildgear.itc-gmbh.shop\/it\/wp-json\/wp\/v2\/comments?post=12197"}],"wp:featuredmedia":[{"embeddable":true,"href":"https:\/\/wildgear.itc-gmbh.shop\/it\/wp-json\/wp\/v2\/media\/12196"}],"wp:attachment":[{"href":"https:\/\/wildgear.itc-gmbh.shop\/it\/wp-json\/wp\/v2\/media?parent=12197"}],"wp:term":[{"taxonomy":"product_brand","embeddable":true,"href":"https:\/\/wildgear.itc-gmbh.shop\/it\/wp-json\/wp\/v2\/product_brand?post=12197"},{"taxonomy":"product_cat","embeddable":true,"href":"https:\/\/wildgear.itc-gmbh.shop\/it\/wp-json\/wp\/v2\/product_cat?post=12197"},{"taxonomy":"product_tag","embeddable":true,"href":"https:\/\/wildgear.itc-gmbh.shop\/it\/wp-json\/wp\/v2\/product_tag?post=12197"}],"curies":[{"name":"wp","href":"https:\/\/api.w.org\/{rel}","templated":true}]}}