{"id":12375,"date":"2024-05-27T03:16:35","date_gmt":"2024-05-27T03:16:35","guid":{"rendered":"https:\/\/outdoor.itc-gmbh.shop\/product\/flaschenkuehltasche-matrose-thermal-10-x-10-x-33-cm\/"},"modified":"2024-05-27T03:16:36","modified_gmt":"2024-05-27T03:16:36","slug":"flaschenkuehltasche-matrose-thermal-10-x-10-x-33-cm","status":"publish","type":"product","link":"https:\/\/wildgear.itc-gmbh.shop\/it\/product\/flaschenkuehltasche-matrose-thermal-10-x-10-x-33-cm\/","title":{"rendered":"Flaschenk\u00fchltasche Matrose Thermal 10 x 10 x 33 cm"},"content":{"rendered":"<p>Se siete alla ricerca di nuovi prodotti di tendenza sul mercato, vi presentiamo <b>Flaschenk\u00fchltasche Matrose Thermal 10 x 10 x 33 cm<\/b>!<\/p>\n<ul>\n<li>Design: Matrose<\/li>\n<li>Merkmale: Thermal<\/li>\n<li>F\u00e4cher: Thermische Tasche<\/li>\n<li>Ma\u00dfe ca.: 10 x 10 x 33 cm<\/li>\n<\/ul>","protected":false},"excerpt":{"rendered":"<p>Wenn Sie auf der Suche nach trendigen Neuheiten auf dem Markt sind, pr\u00e4sentieren wir Ihnen Flaschenk\u00fchltasche Matrose Thermal 10 x 10 x 33 cm! Design: Matrose Merkmale: Thermal F\u00e4cher: Thermische Tasche Ma\u00dfe ca.: 10 x 10 x 33 cm<\/p>","protected":false},"featured_media":12374,"comment_status":"open","ping_status":"closed","template":"","meta":{"inline_featured_image":false},"product_brand":[],"product_cat":[181,180,654],"product_tag":[177,187],"class_list":{"0":"post-12375","1":"product","2":"type-product","3":"status-publish","4":"has-post-thumbnail","6":"product_cat-camping-und-berge","7":"product_cat-sport-freizeit","8":"product_cat-tragbare-kuhlboxen","9":"product_tag-tag_3","10":"product_tag-tag_124","12":"first","13":"outofstock","14":"taxable","15":"shipping-taxable","16":"purchasable","17":"product-type-simple"},"aioseo_notices":[],"jetpack_sharing_enabled":true,"_links":{"self":[{"href":"https:\/\/wildgear.itc-gmbh.shop\/it\/wp-json\/wp\/v2\/product\/12375","targetHints":{"allow":["GET"]}}],"collection":[{"href":"https:\/\/wildgear.itc-gmbh.shop\/it\/wp-json\/wp\/v2\/product"}],"about":[{"href":"https:\/\/wildgear.itc-gmbh.shop\/it\/wp-json\/wp\/v2\/types\/product"}],"replies":[{"embeddable":true,"href":"https:\/\/wildgear.itc-gmbh.shop\/it\/wp-json\/wp\/v2\/comments?post=12375"}],"wp:featuredmedia":[{"embeddable":true,"href":"https:\/\/wildgear.itc-gmbh.shop\/it\/wp-json\/wp\/v2\/media\/12374"}],"wp:attachment":[{"href":"https:\/\/wildgear.itc-gmbh.shop\/it\/wp-json\/wp\/v2\/media?parent=12375"}],"wp:term":[{"taxonomy":"product_brand","embeddable":true,"href":"https:\/\/wildgear.itc-gmbh.shop\/it\/wp-json\/wp\/v2\/product_brand?post=12375"},{"taxonomy":"product_cat","embeddable":true,"href":"https:\/\/wildgear.itc-gmbh.shop\/it\/wp-json\/wp\/v2\/product_cat?post=12375"},{"taxonomy":"product_tag","embeddable":true,"href":"https:\/\/wildgear.itc-gmbh.shop\/it\/wp-json\/wp\/v2\/product_tag?post=12375"}],"curies":[{"name":"wp","href":"https:\/\/api.w.org\/{rel}","templated":true}]}}