{"id":12403,"date":"2024-05-27T03:16:57","date_gmt":"2024-05-27T03:16:57","guid":{"rendered":"https:\/\/outdoor.itc-gmbh.shop\/product\/kuehltasche-milan-23-x-20-x-11-cm-marineblau\/"},"modified":"2024-05-27T03:16:59","modified_gmt":"2024-05-27T03:16:59","slug":"kuehltasche-milan-23-x-20-x-11-cm-marineblau","status":"publish","type":"product","link":"https:\/\/wildgear.itc-gmbh.shop\/it\/product\/kuehltasche-milan-23-x-20-x-11-cm-marineblau\/","title":{"rendered":"K\u00fchltasche Milan 23 x 20 x 11 cm Marineblau"},"content":{"rendered":"<p>Se nell'arredare la vostra casa tenete molto ai dettagli e volete essere sempre aggiornati sui prodotti che vi semplificano la vita, acquistate <b>K\u00fchltasche Milan 23 x 20 x 11 cm Marineblau<\/b> al miglior prezzo.<\/p>\n<ul>\n<li>Materiale:\n<ul>\n<li>Poliestere<\/li>\n<li>Stoff<\/li>\n<\/ul>\n<\/li>\n<li>Caratteristiche:\n<ul>\n<li>Thermische Isolierung<\/li>\n<li>Tracolla per borsa a spalla<\/li>\n<\/ul>\n<\/li>\n<li>Colore:\n<ul>\n<li>Marineblau<\/li>\n<li>Blu<\/li>\n<\/ul>\n<\/li>\n<li>Capacit\u00e0: 3,5 litri<\/li>\n<li>Enthalten: Beh\u00e4lter x 3<\/li>\n<li>Ma\u00dfe ca.: 23 x 20 x 11 cm<\/li>\n<li>Batterie incluse: Nessuna<\/li>\n<\/ul>","protected":false},"excerpt":{"rendered":"<p>Wenn Sie bei der Einrichtung ihres Heims Wert auf Details legen und bei Produkten, die Ihnen das Leben leichter machen, auf dem letzten Stand sein m\u00f6chten, dann kaufen Sie K\u00fchltasche Milan 23 x 20 x 11 cm Marineblau zum besten Preis. Material: Polyester Stoff Merkmale: Thermische Isolierung Riemen f\u00fcr Umh\u00e4ngetasche Farbe: Marineblau Blau Kapazit\u00e4t: 3,5 &hellip; <\/p>\n<p class=\"more-link-wrap\"><a href=\"https:\/\/wildgear.itc-gmbh.shop\/it\/product\/kuehltasche-milan-23-x-20-x-11-cm-marineblau\/\" class=\"more-link\"><span>Read More<span class=\"screen-reader-text\"> &#8220;K\u00fchltasche Milan 23 x 20 x 11 cm Marineblau&#8221;<\/span><\/span><\/a><\/p>","protected":false},"featured_media":12402,"comment_status":"open","ping_status":"closed","template":"","meta":{"inline_featured_image":false},"product_brand":[],"product_cat":[181,180,654],"product_tag":[476,209,478],"class_list":{"0":"post-12403","1":"product","2":"type-product","3":"status-publish","4":"has-post-thumbnail","6":"product_cat-camping-und-berge","7":"product_cat-sport-freizeit","8":"product_cat-tragbare-kuhlboxen","9":"product_tag-tag_933","10":"product_tag-tag_768","11":"product_tag-tag_71","13":"first","14":"outofstock","15":"taxable","16":"shipping-taxable","17":"purchasable","18":"product-type-simple"},"aioseo_notices":[],"jetpack_sharing_enabled":true,"_links":{"self":[{"href":"https:\/\/wildgear.itc-gmbh.shop\/it\/wp-json\/wp\/v2\/product\/12403","targetHints":{"allow":["GET"]}}],"collection":[{"href":"https:\/\/wildgear.itc-gmbh.shop\/it\/wp-json\/wp\/v2\/product"}],"about":[{"href":"https:\/\/wildgear.itc-gmbh.shop\/it\/wp-json\/wp\/v2\/types\/product"}],"replies":[{"embeddable":true,"href":"https:\/\/wildgear.itc-gmbh.shop\/it\/wp-json\/wp\/v2\/comments?post=12403"}],"wp:featuredmedia":[{"embeddable":true,"href":"https:\/\/wildgear.itc-gmbh.shop\/it\/wp-json\/wp\/v2\/media\/12402"}],"wp:attachment":[{"href":"https:\/\/wildgear.itc-gmbh.shop\/it\/wp-json\/wp\/v2\/media?parent=12403"}],"wp:term":[{"taxonomy":"product_brand","embeddable":true,"href":"https:\/\/wildgear.itc-gmbh.shop\/it\/wp-json\/wp\/v2\/product_brand?post=12403"},{"taxonomy":"product_cat","embeddable":true,"href":"https:\/\/wildgear.itc-gmbh.shop\/it\/wp-json\/wp\/v2\/product_cat?post=12403"},{"taxonomy":"product_tag","embeddable":true,"href":"https:\/\/wildgear.itc-gmbh.shop\/it\/wp-json\/wp\/v2\/product_tag?post=12403"}],"curies":[{"name":"wp","href":"https:\/\/api.w.org\/{rel}","templated":true}]}}