{"id":12529,"date":"2024-05-27T03:18:59","date_gmt":"2024-05-27T03:18:59","guid":{"rendered":"https:\/\/outdoor.itc-gmbh.shop\/product\/tragbarer-kuehlschrank-dometic-cff35-grau\/"},"modified":"2024-05-27T03:19:04","modified_gmt":"2024-05-27T03:19:04","slug":"tragbarer-kuehlschrank-dometic-cff35-grau","status":"publish","type":"product","link":"https:\/\/wildgear.itc-gmbh.shop\/it\/product\/tragbarer-kuehlschrank-dometic-cff35-grau\/","title":{"rendered":"Tragbarer K\u00fchlschrank Dometic CFF35 Grau"},"content":{"rendered":"<p>Rimanete in forma e scoprite le ultime innovazioni del settore per praticare lo sport nelle migliori condizioni! Acquista ora <b>K\u00fchlschrank Dometic CFF35 Grau (1 St\u00fcck)<\/b> al miglior prezzo e godetevi una vita sana!<\/p>\n<ul>\n<li>Colore: Grigio<\/li>\n<li>Geeignet f\u00fcr:\n<ul>\n<li>Area esterna<\/li>\n<li>Interieur<\/li>\n<\/ul>\n<\/li>\n<li>Caratteristiche: Maniglia per il trasporto<\/li>\n<li>Energieklassifizierung: D<\/li>\n<li>Technologie: LCD<\/li>\n<li>Stromnetz: AC\/DC<\/li>\n<li>Frequenz: 50 &#8211; 60 Hz<\/li>\n<li>Enthalten: AC-Adapter<\/li>\n<li>Tensione: 100 - 240 V<\/li>\n<li>Ger\u00e4uschpegel: 45 dB<\/li>\n<li>Maniglia: 1<\/li>\n<li>Tipo di spina: spina UE<\/li>\n<li>Zertifikat: CE<\/li>\n<li>Es enth\u00e4lt: Benutzerhandbuch<\/li>\n<li>Pezzo: 1 pezzo<\/li>\n<\/ul>","protected":false},"excerpt":{"rendered":"<p>Bleiben Sie in Form und entdecken Sie die neuesten Innovationen der Branche, um mit den besten Voraussetzungen Sport zu betreiben! Kaufen Sie K\u00fchlschrank Dometic CFF35 Grau (1 St\u00fcck) zum besten Preis und genie\u00dfen Sie ein gesundes Leben! Farbe: Grau Geeignet f\u00fcr: Au\u00dfenbereich Interieur Merkmale: Tragegriff Energieklassifizierung: D Technologie: LCD Stromnetz: AC\/DC Frequenz: 50 &#8211; 60 &hellip; <\/p>\n<p class=\"more-link-wrap\"><a href=\"https:\/\/wildgear.itc-gmbh.shop\/it\/product\/tragbarer-kuehlschrank-dometic-cff35-grau\/\" class=\"more-link\"><span>Read More<span class=\"screen-reader-text\"> &#8220;Tragbarer K\u00fchlschrank Dometic CFF35 Grau&#8221;<\/span><\/span><\/a><\/p>","protected":false},"featured_media":12528,"comment_status":"open","ping_status":"closed","template":"","meta":{"inline_featured_image":false},"product_brand":[],"product_cat":[181,180,654],"product_tag":[188,177,178],"class_list":{"0":"post-12529","1":"product","2":"type-product","3":"status-publish","4":"has-post-thumbnail","6":"product_cat-camping-und-berge","7":"product_cat-sport-freizeit","8":"product_cat-tragbare-kuhlboxen","9":"product_tag-tag_1304","10":"product_tag-tag_3","11":"product_tag-tag_17","13":"first","14":"instock","15":"taxable","16":"shipping-taxable","17":"purchasable","18":"product-type-simple"},"aioseo_notices":[],"jetpack_sharing_enabled":true,"_links":{"self":[{"href":"https:\/\/wildgear.itc-gmbh.shop\/it\/wp-json\/wp\/v2\/product\/12529","targetHints":{"allow":["GET"]}}],"collection":[{"href":"https:\/\/wildgear.itc-gmbh.shop\/it\/wp-json\/wp\/v2\/product"}],"about":[{"href":"https:\/\/wildgear.itc-gmbh.shop\/it\/wp-json\/wp\/v2\/types\/product"}],"replies":[{"embeddable":true,"href":"https:\/\/wildgear.itc-gmbh.shop\/it\/wp-json\/wp\/v2\/comments?post=12529"}],"wp:featuredmedia":[{"embeddable":true,"href":"https:\/\/wildgear.itc-gmbh.shop\/it\/wp-json\/wp\/v2\/media\/12528"}],"wp:attachment":[{"href":"https:\/\/wildgear.itc-gmbh.shop\/it\/wp-json\/wp\/v2\/media?parent=12529"}],"wp:term":[{"taxonomy":"product_brand","embeddable":true,"href":"https:\/\/wildgear.itc-gmbh.shop\/it\/wp-json\/wp\/v2\/product_brand?post=12529"},{"taxonomy":"product_cat","embeddable":true,"href":"https:\/\/wildgear.itc-gmbh.shop\/it\/wp-json\/wp\/v2\/product_cat?post=12529"},{"taxonomy":"product_tag","embeddable":true,"href":"https:\/\/wildgear.itc-gmbh.shop\/it\/wp-json\/wp\/v2\/product_tag?post=12529"}],"curies":[{"name":"wp","href":"https:\/\/api.w.org\/{rel}","templated":true}]}}