{"id":12831,"date":"2024-05-27T03:23:52","date_gmt":"2024-05-27T03:23:52","guid":{"rendered":"https:\/\/outdoor.itc-gmbh.shop\/product\/tragbarer-kuehlschrank-gelo-continental-3062-28-l-28-l-4-stueck\/"},"modified":"2024-05-27T03:23:53","modified_gmt":"2024-05-27T03:23:53","slug":"tragbarer-kuehlschrank-gelo-continental-3062-28-l-28-l-4-stueck","status":"publish","type":"product","link":"https:\/\/wildgear.itc-gmbh.shop\/it\/product\/tragbarer-kuehlschrank-gelo-continental-3062-28-l-28-l-4-stueck\/","title":{"rendered":"Tragbarer K\u00fchlschrank Gelo Continental 3062 28 L 28 L (4 St\u00fcck)"},"content":{"rendered":"<p>Con questi suggerimenti che faranno la gioia di grandi e piccini, il divertimento estivo \u00e8 assicurato! Acquista <b>Tragbarer K\u00fchlschrank Gelo Continental 3062 28 L 28 L (4 St\u00fcck)<\/b>] e godetevi il vostro tempo libero!<\/p>\n<ul>\n<li>Ma\u00dfe ca.: 39 x 28,5 x 39 cm<\/li>\n<li>Colore: blu<\/li>\n<li>Kapazit\u00e4t: 28 L<\/li>\n<li>Pezzo: 4 pezzi<\/li>\n<\/ul>","protected":false},"excerpt":{"rendered":"<p>Mit diesen Vorschl\u00e4gen, die Jung und Alt begeistern werden, ist der Sommerspa\u00df garantiert! Kaufen Sie Tragbarer K\u00fchlschrank Gelo Continental 3062 28 L 28 L (4 St\u00fcck)] und genie\u00dfen Sie Ihre Freizeit! Ma\u00dfe ca.: 39 x 28,5 x 39 cm Farbe: Blau Kapazit\u00e4t: 28 L St\u00fcck: 4 St\u00fcck<\/p>","protected":false},"featured_media":12830,"comment_status":"open","ping_status":"closed","template":"","meta":{"inline_featured_image":false},"product_brand":[],"product_cat":[181,180,654],"product_tag":[177,187,178],"class_list":{"0":"post-12831","1":"product","2":"type-product","3":"status-publish","4":"has-post-thumbnail","6":"product_cat-camping-und-berge","7":"product_cat-sport-freizeit","8":"product_cat-tragbare-kuhlboxen","9":"product_tag-tag_3","10":"product_tag-tag_124","11":"product_tag-tag_17","13":"first","14":"instock","15":"taxable","16":"shipping-taxable","17":"purchasable","18":"product-type-simple"},"aioseo_notices":[],"jetpack_sharing_enabled":true,"_links":{"self":[{"href":"https:\/\/wildgear.itc-gmbh.shop\/it\/wp-json\/wp\/v2\/product\/12831","targetHints":{"allow":["GET"]}}],"collection":[{"href":"https:\/\/wildgear.itc-gmbh.shop\/it\/wp-json\/wp\/v2\/product"}],"about":[{"href":"https:\/\/wildgear.itc-gmbh.shop\/it\/wp-json\/wp\/v2\/types\/product"}],"replies":[{"embeddable":true,"href":"https:\/\/wildgear.itc-gmbh.shop\/it\/wp-json\/wp\/v2\/comments?post=12831"}],"wp:featuredmedia":[{"embeddable":true,"href":"https:\/\/wildgear.itc-gmbh.shop\/it\/wp-json\/wp\/v2\/media\/12830"}],"wp:attachment":[{"href":"https:\/\/wildgear.itc-gmbh.shop\/it\/wp-json\/wp\/v2\/media?parent=12831"}],"wp:term":[{"taxonomy":"product_brand","embeddable":true,"href":"https:\/\/wildgear.itc-gmbh.shop\/it\/wp-json\/wp\/v2\/product_brand?post=12831"},{"taxonomy":"product_cat","embeddable":true,"href":"https:\/\/wildgear.itc-gmbh.shop\/it\/wp-json\/wp\/v2\/product_cat?post=12831"},{"taxonomy":"product_tag","embeddable":true,"href":"https:\/\/wildgear.itc-gmbh.shop\/it\/wp-json\/wp\/v2\/product_tag?post=12831"}],"curies":[{"name":"wp","href":"https:\/\/api.w.org\/{rel}","templated":true}]}}